{"id":351480,"date":"2024-07-12T12:30:49","date_gmt":"2024-07-12T11:31:17","guid":{"rendered":"https:\/\/www.moskito.cz\/produkt\/couteau-fixe-muela-caz-16\/"},"modified":"2025-05-07T11:20:54","modified_gmt":"2025-05-07T10:20:54","slug":"couteau-fixe-muela-caz-16","status":"publish","type":"product","link":"https:\/\/www.moskito.cz\/fr\/produkt\/couteau-fixe-muela-caz-16\/","title":{"rendered":"Couteau fixe Muela CAZ-16"},"content":{"rendered":"<p>Couteau fixe <strong>Muela<\/strong> CAZ-16.<\/p>\n<p>1.4116 (X50CrMoV15) &#8211; acier inoxydable martensitique \u00e0 haute teneur en carbone au molybd\u00e8ne-vanadium, tr\u00e8s r\u00e9sistant \u00e0 la corrosion et \u00e0 l&rsquo;usure. Il est utilis\u00e9 dans la fabrication de couteaux, de couverts de pointe et d\u2019instruments chirurgicaux. Il se caract\u00e9rise par une duret\u00e9 relativement \u00e9lev\u00e9e pour les aciers inoxydables de 57-58 HRC. La composition chimique de l&rsquo;acier est enrichie d&rsquo;un m\u00e9lange de 15,0 % de chrome, 0,80 % de molybd\u00e8ne et 0,20 % de vanadium.<\/p>\n<p>Lame &#8211; Type Clip Point (Bowie) avec un ventre de lame clairement marqu\u00e9. La lame simple est d\u00e9riv\u00e9e du Flat Grind, qui offre d&rsquo;excellentes propri\u00e9t\u00e9s de coupe combin\u00e9es \u00e0 une excellente durabilit\u00e9. Une poign\u00e9e en acier double face \u00e0 la base de la lame emp\u00eache la main de glisser sur la lame.<\/p>\n<p>Poign\u00e9e &#8211; Bois de cerf<\/p>\n<p>Fourreau &#8211; en cuir de vache naturel bien tann\u00e9. Logo du fabricant en relief sur la surface. Le fourreau \u00e9tait cousu sur les bords avec du fil d\u00e9coratif. L&rsquo;attache \u00e0 votre ceinture ou \u00e0 votre \u00e9quipement vous permet de porter le couteau en position verticale.<\/p>\n<p>Mat\u00e9riau de la lame : 440C<br \/>\nMat\u00e9riau du manche : Bois de cerf, M\u00e9tal<br \/>\nMat\u00e9riau du bo\u00eetier : Cuir<br \/>\nLongueur de la lame : 16 cm<br \/>\nLongueur totale : 29,5 cm<br \/>\nLongueur du manche : 13,5 cm<br \/>\nPoids : 260g<br \/>\nUtilisation : Chasse<\/p>\n<p>&nbsp;<\/p>\n","protected":false},"excerpt":{"rendered":"<p><strong>Couteau de chasse Muela CAZ-16 \u00e0 lame fixe en acier inoxydable 440C avec une garde en m\u00e9tal massif double face et un \u00e9tui en cuir.<\/strong><\/p>\n","protected":false},"featured_media":351448,"comment_status":"open","ping_status":"closed","template":"","meta":[],"pwb-brand":[3909],"product_brand":[],"product_cat":[3697,3696],"product_tag":[3754],"class_list":{"0":"post-351480","1":"product","2":"type-product","3":"status-publish","4":"has-post-thumbnail","6":"pwb-brand-elle-a-du","7":"product_cat-couteaux-solides","8":"product_cat-des-couteaux","9":"product_tag-b2b-fr","11":"first","12":"outofstock","13":"taxable","14":"shipping-taxable","15":"purchasable","16":"product-type-simple"},"brands":[{"id":3909,"name":"Elle a d\u00fb","slug":"elle-a-du"}],"_links":{"self":[{"href":"https:\/\/www.moskito.cz\/fr\/wp-json\/wp\/v2\/product\/351480","targetHints":{"allow":["GET"]}}],"collection":[{"href":"https:\/\/www.moskito.cz\/fr\/wp-json\/wp\/v2\/product"}],"about":[{"href":"https:\/\/www.moskito.cz\/fr\/wp-json\/wp\/v2\/types\/product"}],"replies":[{"embeddable":true,"href":"https:\/\/www.moskito.cz\/fr\/wp-json\/wp\/v2\/comments?post=351480"}],"wp:featuredmedia":[{"embeddable":true,"href":"https:\/\/www.moskito.cz\/fr\/wp-json\/wp\/v2\/media\/351448"}],"wp:attachment":[{"href":"https:\/\/www.moskito.cz\/fr\/wp-json\/wp\/v2\/media?parent=351480"}],"wp:term":[{"taxonomy":"pwb-brand","embeddable":true,"href":"https:\/\/www.moskito.cz\/fr\/wp-json\/wp\/v2\/pwb-brand?post=351480"},{"taxonomy":"product_brand","embeddable":true,"href":"https:\/\/www.moskito.cz\/fr\/wp-json\/wp\/v2\/product_brand?post=351480"},{"taxonomy":"product_cat","embeddable":true,"href":"https:\/\/www.moskito.cz\/fr\/wp-json\/wp\/v2\/product_cat?post=351480"},{"taxonomy":"product_tag","embeddable":true,"href":"https:\/\/www.moskito.cz\/fr\/wp-json\/wp\/v2\/product_tag?post=351480"}],"curies":[{"name":"wp","href":"https:\/\/api.w.org\/{rel}","templated":true}]}}