{"id":351505,"date":"2024-07-12T12:44:07","date_gmt":"2024-07-12T11:48:40","guid":{"rendered":"https:\/\/www.moskito.cz\/produkt\/couteau-fixe-muela-ranger-14r\/"},"modified":"2025-05-07T11:20:56","modified_gmt":"2025-05-07T10:20:56","slug":"couteau-fixe-muela-ranger-14r","status":"publish","type":"product","link":"https:\/\/www.moskito.cz\/fr\/produkt\/couteau-fixe-muela-ranger-14r\/","title":{"rendered":"Couteau Fixe Muela RANGER-14R"},"content":{"rendered":"<p>Couteau Fixe <strong>Muela<\/strong> RANGER-14R<\/p>\n<p>Ranger Bowie Pakkawood, Satin est un couteau universel \u00e0 lame fixe de la soci\u00e9t\u00e9 espagnole Muela, en acier molybd\u00e8ne-vanadium (MoVa). Cette lame solide peut \u00eatre utilis\u00e9e pour tous types de travaux, dans toutes les conditions, sans dommage. Ce couteau sera id\u00e9al pour les voyages de survie, le caping et \u00e9galement pour les sorties hors de la ville.<\/p>\n<p>X50CrMoV15 (1.4116) &#8211; acier inoxydable martensitique \u00e0 haute teneur en carbone au molybd\u00e8ne-vanadium, tr\u00e8s r\u00e9sistant \u00e0 la corrosion et \u00e0 l&rsquo;usure. Il est utilis\u00e9 dans la fabrication de couteaux, de couverts de pointe et d\u2019instruments chirurgicaux. Il se caract\u00e9rise par une duret\u00e9 relativement \u00e9lev\u00e9e pour les aciers inoxydables de 56-58 HRC. La composition chimique de l&rsquo;acier a \u00e9t\u00e9 enrichie par dopage de 15,0% de chrome, 0,80% de molybd\u00e8ne, 0,20% de vanadium.<\/p>\n<p>Lame &#8211; tranchante de type Bowie de 3,6 mm d&rsquo;\u00e9paisseur, recouverte d&rsquo;une couche de finition satin\u00e9e (semi-mate) non r\u00e9fl\u00e9chissante qui \u00e9limine l&rsquo;\u00e9blouissement. Lame unie. La lame a \u00e9t\u00e9 r\u00e9alis\u00e9e avec une \u00e9mouture concave (Hollow Grind). garantissant de bonnes propri\u00e9t\u00e9s de coupe. Il y a une haie unilat\u00e9rale en laiton sur le talon de la lame pour emp\u00eacher la main de glisser sur la lame.<\/p>\n<p>Poign\u00e9e &#8211; recouverte de bois naturel pakka (stratifi\u00e9) de couleur marron, finie avec une t\u00eate en laiton. La poign\u00e9e profil\u00e9e offre une prise s\u00fbre et s\u00e9curis\u00e9e. Le couteau tient tr\u00e8s bien dans la main, ne glisse pas, peut \u00eatre facilement contr\u00f4l\u00e9 dans toutes les conditions.<\/p>\n<p>Fourreau &#8211; cousu \u00e0 la main, en cuir de vachette marron de haute qualit\u00e9 avec le logo du fabricant en relief. Les bords du bo\u00eetier sont cousus avec du fil d\u00e9coratif. Fermeture \u00e0 pression type Prym. L&rsquo;attache ceinture permet de porter le couteau en position verticale.<\/p>\n<p>Sp\u00e9cifications techniques:<br \/>\nNum\u00e9ro de produit: RANGER-14R<\/p>\n<p>Longueur totale : 25,8 cm \/ 10,16&Prime;<br \/>\nLongueur de la lame : 14,5 cm \/ 5,71\u201d<br \/>\n\u00c9paisseur de la lame : 0,36 cm \/ 0,14&Prime;<br \/>\nPoids&nbsp;: 195,0 g \/ 6,88 oz<\/p>\n<p>Mat\u00e9riau de la lame&nbsp;: X50CrMoV15<br \/>\nDuret\u00e9 de la lame&nbsp;: 56-58 HRc<br \/>\nMeulage de la lame&nbsp;:&nbsp;Plat<br \/>\nTraitement de surface de la lame : satin\u00e9<\/p>\n<p>Mat\u00e9riau du manche : bois de Pakka (bois de corail pakka)<br \/>\nCouleur finition poign\u00e9e : Marron<\/p>\n<p>Fourreau (\u00e9tui)&nbsp;:&nbsp;Cuir<br \/>\nAutres accessoires : Aucun<\/p>\n<p>Cr\u00e9ateur : Muela<br \/>\nNom de la marque: Muela<br \/>\nFabricant: Manufacturas Muela, SA<br \/>\nPays d&rsquo;origine : Espagne<\/p>\n<p>&nbsp;<\/p>\n<p>&nbsp;<\/p>\n","protected":false},"excerpt":{"rendered":"<p><strong>Ranger Bowie Pakkawood, Satin est un couteau universel \u00e0 lame fixe de la soci\u00e9t\u00e9 espagnole Muela avec un \u00e9tui en cuir.<\/strong><\/p>\n","protected":false},"featured_media":351489,"comment_status":"open","ping_status":"closed","template":"","meta":[],"pwb-brand":[3909],"product_brand":[],"product_cat":[3697,3696],"product_tag":[3754],"class_list":{"0":"post-351505","1":"product","2":"type-product","3":"status-publish","4":"has-post-thumbnail","6":"pwb-brand-elle-a-du","7":"product_cat-couteaux-solides","8":"product_cat-des-couteaux","9":"product_tag-b2b-fr","11":"first","12":"outofstock","13":"taxable","14":"shipping-taxable","15":"purchasable","16":"product-type-simple"},"brands":[{"id":3909,"name":"Elle a d\u00fb","slug":"elle-a-du"}],"_links":{"self":[{"href":"https:\/\/www.moskito.cz\/fr\/wp-json\/wp\/v2\/product\/351505","targetHints":{"allow":["GET"]}}],"collection":[{"href":"https:\/\/www.moskito.cz\/fr\/wp-json\/wp\/v2\/product"}],"about":[{"href":"https:\/\/www.moskito.cz\/fr\/wp-json\/wp\/v2\/types\/product"}],"replies":[{"embeddable":true,"href":"https:\/\/www.moskito.cz\/fr\/wp-json\/wp\/v2\/comments?post=351505"}],"wp:featuredmedia":[{"embeddable":true,"href":"https:\/\/www.moskito.cz\/fr\/wp-json\/wp\/v2\/media\/351489"}],"wp:attachment":[{"href":"https:\/\/www.moskito.cz\/fr\/wp-json\/wp\/v2\/media?parent=351505"}],"wp:term":[{"taxonomy":"pwb-brand","embeddable":true,"href":"https:\/\/www.moskito.cz\/fr\/wp-json\/wp\/v2\/pwb-brand?post=351505"},{"taxonomy":"product_brand","embeddable":true,"href":"https:\/\/www.moskito.cz\/fr\/wp-json\/wp\/v2\/product_brand?post=351505"},{"taxonomy":"product_cat","embeddable":true,"href":"https:\/\/www.moskito.cz\/fr\/wp-json\/wp\/v2\/product_cat?post=351505"},{"taxonomy":"product_tag","embeddable":true,"href":"https:\/\/www.moskito.cz\/fr\/wp-json\/wp\/v2\/product_tag?post=351505"}],"curies":[{"name":"wp","href":"https:\/\/api.w.org\/{rel}","templated":true}]}}