{"id":351545,"date":"2024-07-12T13:04:16","date_gmt":"2024-07-12T12:06:24","guid":{"rendered":"https:\/\/www.moskito.cz\/produkt\/couteau-de-fermeture-muela-gavilan-m\/"},"modified":"2025-05-07T11:20:57","modified_gmt":"2025-05-07T10:20:57","slug":"couteau-de-fermeture-muela-gavilan-m","status":"publish","type":"product","link":"https:\/\/www.moskito.cz\/fr\/produkt\/couteau-de-fermeture-muela-gavilan-m\/","title":{"rendered":"Couteau de fermeture Muela GAVILAN-M"},"content":{"rendered":"<p>Couteau de fermeture <strong>Muela<\/strong> GAVILAN-M<\/p>\n<p>Couteau universel <strong>GAVILAN<\/strong> -M et design full-tang avec lame fixe, en acier molybd\u00e8ne-vanadium MoVa. Meilleur \u00e9quilibre avec un poids r\u00e9duit, un excellent outil qui fonctionnera dans un large \u00e9ventail d&rsquo;applications, chasse, exp\u00e9ditions de survie, camping. Un v\u00e9ritable v\u00e9hicule 4&#215;4 entre les couteaux.<\/p>\n<p>L&rsquo;acier \u00e9tait cryog\u00e9nique (trait\u00e9 thermiquement \u00e0 des temp\u00e9ratures inf\u00e9rieures \u00e0 z\u00e9ro), appel\u00e9 CRYO-T, \u00e9galement appel\u00e9 gel. Gr\u00e2ce au CRYO-T, nous obtenons une structure interne homog\u00e8ne de l&rsquo;acier, qui se traduit par une augmentation significative de la solidit\u00e9 de la lame, une augmentation de la r\u00e9sistance aux chocs, \u00e0 la tension et \u00e0 la torsion.<\/p>\n<p>Lame &#8211; avec un profil Drop Point et une \u00e9paisseur de 4,5 mm recouverte d&rsquo;une finition satin\u00e9e antireflet (semi-mate). Fabriqu\u00e9 en acier inoxydable durable au molybd\u00e8ne-vanadium X50CrMoV15, tremp\u00e9 dans la plage de 57 \u00e0 58 HRC. La lame se caract\u00e9rise par de bonnes propri\u00e9t\u00e9s m\u00e9caniques et un aff\u00fbtage \u00e0 long terme. La lame lisse (type Plain) a \u00e9t\u00e9 r\u00e9alis\u00e9e avec une \u00e9mouture plate (Flat Grind).<\/p>\n<p>Poign\u00e9e &#8211; profil\u00e9e, recouverte d&rsquo;une doublure en micarta imperm\u00e9able antid\u00e9rapante de couleur noire, offre une excellente adh\u00e9rence\/prise s\u00fbre. La projection agrandie agit comme un prot\u00e8ge-main, prot\u00e9geant la main contre tout glissement involontaire pendant le travail. Un espace avec un cordon de paracorde tress\u00e9 a \u00e9t\u00e9 plac\u00e9 \u00e0 l&rsquo;arri\u00e8re de la poign\u00e9e.<\/p>\n<p>\u00c9tui &#8211; \u00e9tendu, prot\u00e8ge la t\u00eate avec une partie du manche. Fabriqu\u00e9 en cuir de vachette noir de la plus haute qualit\u00e9 avec le logo du fabricant en relief. Le fourreau \u00e9tait cousu sur les bords avec du fil d\u00e9coratif. La fixation \u00e0 une ceinture ou \u00e0 un appareil permet de porter le couteau en position verticale.<\/p>\n<p>Sp\u00e9cifications techniques:<br \/>\nNum\u00e9ro de produit: GAVILAN-M<\/p>\n<p>Type d&rsquo;acier : 1.4116 (X50CrMoV15)<br \/>\nLongueur de la lame : 12,5 cm \/ 4,92&Prime;<br \/>\n\u00c9paisseur de la lame : 0,45 cm \/ 0,16&Prime;<br \/>\nLongueur totale : 25,3 cm \/ 9,96&Prime;<br \/>\nPoids&nbsp;: 290 g \/ 10,23 oz<br \/>\nType de bord&nbsp;:&nbsp;Lisse<br \/>\nType de lame&nbsp;:&nbsp;pointe de chute<br \/>\nType de coupe : Plat<\/p>\n<p>Mat\u00e9riau du manche : Micarta noir<br \/>\nFourreau&nbsp;: Cuir<br \/>\nFabricant : Muela, Espagne<\/p>\n<p>&nbsp;<\/p>\n","protected":false},"excerpt":{"rendered":"<p><strong>Un excellent outil qui fonctionnera dans un large \u00e9ventail d&rsquo;applications, chasse, exp\u00e9ditions de survie, camping. Un v\u00e9ritable v\u00e9hicule 4&#215;4 entre les couteaux.<\/strong><\/p>\n","protected":false},"featured_media":351514,"comment_status":"open","ping_status":"closed","template":"","meta":[],"pwb-brand":[3909],"product_brand":[],"product_cat":[3697,3696],"product_tag":[3754],"class_list":{"0":"post-351545","1":"product","2":"type-product","3":"status-publish","4":"has-post-thumbnail","6":"pwb-brand-elle-a-du","7":"product_cat-couteaux-solides","8":"product_cat-des-couteaux","9":"product_tag-b2b-fr","11":"first","12":"instock","13":"taxable","14":"shipping-taxable","15":"purchasable","16":"product-type-simple"},"brands":[{"id":3909,"name":"Elle a d\u00fb","slug":"elle-a-du"}],"_links":{"self":[{"href":"https:\/\/www.moskito.cz\/fr\/wp-json\/wp\/v2\/product\/351545","targetHints":{"allow":["GET"]}}],"collection":[{"href":"https:\/\/www.moskito.cz\/fr\/wp-json\/wp\/v2\/product"}],"about":[{"href":"https:\/\/www.moskito.cz\/fr\/wp-json\/wp\/v2\/types\/product"}],"replies":[{"embeddable":true,"href":"https:\/\/www.moskito.cz\/fr\/wp-json\/wp\/v2\/comments?post=351545"}],"wp:featuredmedia":[{"embeddable":true,"href":"https:\/\/www.moskito.cz\/fr\/wp-json\/wp\/v2\/media\/351514"}],"wp:attachment":[{"href":"https:\/\/www.moskito.cz\/fr\/wp-json\/wp\/v2\/media?parent=351545"}],"wp:term":[{"taxonomy":"pwb-brand","embeddable":true,"href":"https:\/\/www.moskito.cz\/fr\/wp-json\/wp\/v2\/pwb-brand?post=351545"},{"taxonomy":"product_brand","embeddable":true,"href":"https:\/\/www.moskito.cz\/fr\/wp-json\/wp\/v2\/product_brand?post=351545"},{"taxonomy":"product_cat","embeddable":true,"href":"https:\/\/www.moskito.cz\/fr\/wp-json\/wp\/v2\/product_cat?post=351545"},{"taxonomy":"product_tag","embeddable":true,"href":"https:\/\/www.moskito.cz\/fr\/wp-json\/wp\/v2\/product_tag?post=351545"}],"curies":[{"name":"wp","href":"https:\/\/api.w.org\/{rel}","templated":true}]}}