{"id":351571,"date":"2024-07-12T13:48:10","date_gmt":"2024-07-12T12:57:09","guid":{"rendered":"https:\/\/www.moskito.cz\/produkt\/couteau-fixe-de-plongee-muela-sub-14-3\/"},"modified":"2025-05-07T11:20:59","modified_gmt":"2025-05-07T10:20:59","slug":"couteau-fixe-de-plongee-muela-sub-14-3","status":"publish","type":"product","link":"https:\/\/www.moskito.cz\/fr\/produkt\/couteau-fixe-de-plongee-muela-sub-14-3\/","title":{"rendered":"Couteau fixe de plong\u00e9e Muela SUB-14.3"},"content":{"rendered":"<p>Couteau fixe de plong\u00e9e <strong>Muela<\/strong> SUB-14.3<\/p>\n<p>Couteau de plong\u00e9e parfait <strong>SUB-14.3<\/strong> en acier inoxydable molybd\u00e8ne-vanadium. Il est produit par la c\u00e9l\u00e8bre entreprise espagnole Muela, qui poss\u00e8de plus de 50 ans d&rsquo;exp\u00e9rience dans la production de couteaux.<\/p>\n<p>Lame &#8211; \u00e9paisseur d&rsquo;environ 3,4 mm, en acier inoxydable molybd\u00e8ne-vanadium poli miroir durable. Une scie universelle a \u00e9t\u00e9 plac\u00e9e sur la cr\u00eate de la lame pour une coupe agressive des mat\u00e9riaux fibreux.<\/p>\n<p>Le type Edge-about Combo a \u00e9t\u00e9 r\u00e9alis\u00e9 avec une coupe concave (Hollow Grind). 20% est une lame dentel\u00e9e utilis\u00e9e pour couper, entre autres, les cordes, filets, ceintures, et 80% est une lame lisse classique (type Plain) con\u00e7ue pour une coupe pr\u00e9cise.<\/p>\n<p>Poign\u00e9e &#8211; ergonomique, textur\u00e9e avec des encoches dentel\u00e9es sous la paume pour une bonne prise en main. Le couteau tient dans la paume de la main, il ne glisse pas gr\u00e2ce au rev\u00eatement en mati\u00e8re plastique souple (PDV) de couleur bleue. Support dorsal dentel\u00e9 sous le pouce (Rampe), emp\u00eachant tout glissement accidentel des mains pendant le travail.<\/p>\n<p>Bo\u00eetier &#8211; en mat\u00e9riau ABS de couleur bleue. L&rsquo;\u00e9tui est dot\u00e9 d&rsquo;un clip qui emp\u00eache le couteau de tomber. L&rsquo;ensemble comprend deux sangles r\u00e9glables en caoutchouc r\u00e9sistantes aux UV pour attacher le vagin \u00e0 la jambe ou \u00e0 la cuisse.<br \/>\nSp\u00e9cifications techniques:<br \/>\nNum\u00e9ro de produit : SUB-14.3 (noir-bleu)<br \/>\nType d&rsquo;acier : Molybd\u00e8ne-Vanadium<br \/>\nLongueur de la lame : 14 cm \/ 5,51&Prime;<br \/>\n\u00c9paisseur de la lame : 0,35 cm \/ 0,14&Prime;<br \/>\nLongueur totale : 25,5 cm \/ 10,04&Prime;<br \/>\nPoids&nbsp;: 133 g \/ 4,69 oz<br \/>\nLame&nbsp;:&nbsp;Combin\u00e9e<br \/>\nType de coupe&nbsp;: Concave<br \/>\nType de poign\u00e9e : polym\u00e8re PDV<br \/>\nCoque : ABS<br \/>\nFabricant : Muela, Espagne<\/p>\n<p>&nbsp;<\/p>\n","protected":false},"excerpt":{"rendered":"<p><strong>Couteau de plong\u00e9e parfait SUB-14.3 en acier inoxydable molybd\u00e8ne-vanadium. Il est produit par la c\u00e9l\u00e8bre entreprise espagnole Muela, qui poss\u00e8de plus de 50 ans d&rsquo;exp\u00e9rience dans la production de couteaux.<\/strong><\/p>\n","protected":false},"featured_media":351554,"comment_status":"open","ping_status":"closed","template":"","meta":[],"pwb-brand":[3909],"product_brand":[],"product_cat":[3697,3696],"product_tag":[3754],"class_list":{"0":"post-351571","1":"product","2":"type-product","3":"status-publish","4":"has-post-thumbnail","6":"pwb-brand-elle-a-du","7":"product_cat-couteaux-solides","8":"product_cat-des-couteaux","9":"product_tag-b2b-fr","11":"first","12":"instock","13":"taxable","14":"shipping-taxable","15":"purchasable","16":"product-type-simple"},"brands":[{"id":3909,"name":"Elle a d\u00fb","slug":"elle-a-du"}],"_links":{"self":[{"href":"https:\/\/www.moskito.cz\/fr\/wp-json\/wp\/v2\/product\/351571","targetHints":{"allow":["GET"]}}],"collection":[{"href":"https:\/\/www.moskito.cz\/fr\/wp-json\/wp\/v2\/product"}],"about":[{"href":"https:\/\/www.moskito.cz\/fr\/wp-json\/wp\/v2\/types\/product"}],"replies":[{"embeddable":true,"href":"https:\/\/www.moskito.cz\/fr\/wp-json\/wp\/v2\/comments?post=351571"}],"wp:featuredmedia":[{"embeddable":true,"href":"https:\/\/www.moskito.cz\/fr\/wp-json\/wp\/v2\/media\/351554"}],"wp:attachment":[{"href":"https:\/\/www.moskito.cz\/fr\/wp-json\/wp\/v2\/media?parent=351571"}],"wp:term":[{"taxonomy":"pwb-brand","embeddable":true,"href":"https:\/\/www.moskito.cz\/fr\/wp-json\/wp\/v2\/pwb-brand?post=351571"},{"taxonomy":"product_brand","embeddable":true,"href":"https:\/\/www.moskito.cz\/fr\/wp-json\/wp\/v2\/product_brand?post=351571"},{"taxonomy":"product_cat","embeddable":true,"href":"https:\/\/www.moskito.cz\/fr\/wp-json\/wp\/v2\/product_cat?post=351571"},{"taxonomy":"product_tag","embeddable":true,"href":"https:\/\/www.moskito.cz\/fr\/wp-json\/wp\/v2\/product_tag?post=351571"}],"curies":[{"name":"wp","href":"https:\/\/api.w.org\/{rel}","templated":true}]}}