{"id":351576,"date":"2023-07-16T18:17:54","date_gmt":"2024-07-12T12:59:27","guid":{"rendered":"https:\/\/www.moskito.cz\/?post_type=product&p=351576"},"modified":"2025-05-07T11:20:59","modified_gmt":"2025-05-07T10:20:59","slug":"couteau-fixe-muela-gred-17","status":"publish","type":"product","link":"https:\/\/www.moskito.cz\/fr\/produkt\/couteau-fixe-muela-gred-17\/","title":{"rendered":"Couteau Fixe Muela GRED-17"},"content":{"rendered":"<p>Couteau Fixe <strong>Muela<\/strong> GRED-17<\/p>\n<p>Couteau de chasse massif GRED-17 GREDOS de la soci\u00e9t\u00e9 espagnole Muela \u00e0 lame fixe. Fabriqu\u00e9 en acier au molybd\u00e8ne vanadium (MoVa). Fabriqu\u00e9 avec soin, destin\u00e9 aux chasseurs, il servira \u00e9galement \u00e0 la survie et au bivouac.<\/p>\n<p>Bade &#8211; 4,5 mm d&rsquo;\u00e9paisseur avec un profil Bowie, recouvert d&rsquo;une couche non r\u00e9fl\u00e9chissante de finition satin\u00e9e (semi-mate) qui \u00e9limine l&rsquo;\u00e9blouissement. Fabriqu\u00e9 en acier inoxydable durable au molybd\u00e8ne-vanadium X50CrMoV15, tremp\u00e9 dans la plage de 57 \u00e0 58 HRC. La lame se caract\u00e9rise par de bonnes propri\u00e9t\u00e9s m\u00e9caniques et un aff\u00fbtage \u00e0 long terme. La lame lisse (type Plain) a \u00e9t\u00e9 r\u00e9alis\u00e9e avec un meulage concave (Hollow Grind), permettant une coupe pr\u00e9cise de la surface de coupe et une pointe ultra fine.<\/p>\n<p>La poign\u00e9e &#8211; recouverte de coutures naturelles en antiru (bois de cerf), offre un look exclusif et une prise en main confortable et s\u00fbre.<\/p>\n<p>\u00c9tui &#8211; en cuir marron naturel. Fourreau avec logo du fabricant en relief. Fermeture \u00e0 pression Prym avec \u00e9cusson de l&rsquo;entreprise. Le fourreau est cousu sur les bords avec du fil d\u00e9coratif. La fixation par ceinture ou par engrenage permet de transporter le couteau en position verticale.<\/p>\n<p>Sp\u00e9cifications techniques:<br \/>\nNum\u00e9ro de produit: GRED-17<br \/>\nType d&rsquo;acier : X50CrMoV15<br \/>\nLongueur de la lame : 16,5 cm<br \/>\n\u00c9paisseur de la lame : 0,45 cm<br \/>\nLongueur totale : 26,8 cm<br \/>\nPoids&nbsp;: 250,0 g \/ 8,82 oz<br \/>\nType de bord&nbsp;:&nbsp;Lisse<br \/>\nType de lame : Bowie<br \/>\nType de coupe&nbsp;: Concave<br \/>\nPoign\u00e9es&nbsp;: cerf de cerf (bois de cerf)<br \/>\nFourreau&nbsp;: Cuir<br \/>\nFabricant : Muela, Espagne<\/p>\n<p>&nbsp;<\/p>\n<p>&nbsp;<\/p>\n","protected":false},"excerpt":{"rendered":"<p><strong>Couteau de chasse massif GRED-17 GREDOS de la soci\u00e9t\u00e9 espagnole Muela \u00e0 lame fixe. Fabriqu\u00e9 en acier au molybd\u00e8ne vanadium (MoVa). Fabriqu\u00e9 avec soin, destin\u00e9 aux chasseurs, il servira \u00e9galement \u00e0 la survie et au bivouac.<\/strong><\/p>\n","protected":false},"featured_media":351577,"comment_status":"open","ping_status":"closed","template":"","meta":[],"pwb-brand":[3909],"product_brand":[],"product_cat":[3697,3696],"product_tag":[3754],"class_list":{"0":"post-351576","1":"product","2":"type-product","3":"status-publish","4":"has-post-thumbnail","6":"pwb-brand-elle-a-du","7":"product_cat-couteaux-solides","8":"product_cat-des-couteaux","9":"product_tag-b2b-fr","11":"first","12":"instock","13":"taxable","14":"shipping-taxable","15":"purchasable","16":"product-type-simple"},"brands":[{"id":3909,"name":"Elle a d\u00fb","slug":"elle-a-du"}],"_links":{"self":[{"href":"https:\/\/www.moskito.cz\/fr\/wp-json\/wp\/v2\/product\/351576","targetHints":{"allow":["GET"]}}],"collection":[{"href":"https:\/\/www.moskito.cz\/fr\/wp-json\/wp\/v2\/product"}],"about":[{"href":"https:\/\/www.moskito.cz\/fr\/wp-json\/wp\/v2\/types\/product"}],"replies":[{"embeddable":true,"href":"https:\/\/www.moskito.cz\/fr\/wp-json\/wp\/v2\/comments?post=351576"}],"wp:featuredmedia":[{"embeddable":true,"href":"https:\/\/www.moskito.cz\/fr\/wp-json\/wp\/v2\/media\/351577"}],"wp:attachment":[{"href":"https:\/\/www.moskito.cz\/fr\/wp-json\/wp\/v2\/media?parent=351576"}],"wp:term":[{"taxonomy":"pwb-brand","embeddable":true,"href":"https:\/\/www.moskito.cz\/fr\/wp-json\/wp\/v2\/pwb-brand?post=351576"},{"taxonomy":"product_brand","embeddable":true,"href":"https:\/\/www.moskito.cz\/fr\/wp-json\/wp\/v2\/product_brand?post=351576"},{"taxonomy":"product_cat","embeddable":true,"href":"https:\/\/www.moskito.cz\/fr\/wp-json\/wp\/v2\/product_cat?post=351576"},{"taxonomy":"product_tag","embeddable":true,"href":"https:\/\/www.moskito.cz\/fr\/wp-json\/wp\/v2\/product_tag?post=351576"}],"curies":[{"name":"wp","href":"https:\/\/api.w.org\/{rel}","templated":true}]}}