{"id":351646,"date":"2024-07-12T14:20:45","date_gmt":"2024-07-12T13:22:02","guid":{"rendered":"https:\/\/www.moskito.cz\/produkt\/couteau-fixe-muela-avec-coffret-cadeau-buffalo-16bf\/"},"modified":"2025-05-07T11:21:01","modified_gmt":"2025-05-07T10:21:01","slug":"couteau-fixe-muela-avec-coffret-cadeau-buffalo-16bf","status":"publish","type":"product","link":"https:\/\/www.moskito.cz\/fr\/produkt\/couteau-fixe-muela-avec-coffret-cadeau-buffalo-16bf\/","title":{"rendered":"Couteau fixe Muela avec coffret cadeau BUFFALO-16BF"},"content":{"rendered":"<p>Couteau fixe <strong>Muela<\/strong> avec coffret cadeau BUFFALO-16BF<\/p>\n<p><strong>BUFFALO-16BF<\/strong> , un couteau bien fait de la soci\u00e9t\u00e9 espagnole Muela de la s\u00e9rie occasionnelle Big Five. Cinq couteaux \u00e0 t\u00eates de buffle, lion, rhinoc\u00e9ros, l\u00e9opard et \u00e9l\u00e9phant. Chaque couteau est offert dans un \u00e9l\u00e9gant coffret cadeau. La haute qualit\u00e9 des mat\u00e9riaux utilis\u00e9s souligne la beaut\u00e9 et la pr\u00e9cision des d\u00e9tails. Un d\u00e9lice pour les collectionneurs, les passionn\u00e9s de chasse, les personnes appr\u00e9ciant un mode de vie actif.<\/p>\n<p>Lame &#8211; Profil Bowie, \u00e9paisseur 4,5 mm avec de bonnes propri\u00e9t\u00e9s m\u00e9caniques et un tranchant longue dur\u00e9e. Fabriqu\u00e9 en acier inoxydable durable molybd\u00e8ne-vanadium X50CrMoV15 (1.4116), durci dans la plage de 57 \u00e0 58 HRC. La lame lisse (type Plain) a \u00e9t\u00e9 r\u00e9alis\u00e9e avec une \u00e9mouture concave (Hollow Grind). La finition satin\u00e9e (semi-mate) \u00e9limine l&rsquo;\u00e9blouissement. \u00c0 la base de la lame \u00e9tait plac\u00e9 du laiton poli double face pour prot\u00e9ger la main.<\/p>\n<p>Manche &#8211; cerf naturel, termin\u00e9 par un m\u00e9daillon \u00e0 motif de chasse, t\u00eate de buffle en laiton poli.<\/p>\n<p>\u00c9tui &#8211; cuir marron fonc\u00e9 naturel avec logo du fabricant en relief. Le fourreau \u00e9tait cousu sur les bords avec du fil d\u00e9coratif. La fixation par ceinture ou par engrenage permet de transporter le couteau en position verticale.<\/p>\n<p>Sp\u00e9cifications techniques::<br \/>\nNum\u00e9ro de produit: BUFFALO-16BF<\/p>\n<p>Type d&rsquo;acier : 1.4116 (X50CrMoV15)<br \/>\nLongueur de la lame : 16 cm \/ 6,30&Prime;<br \/>\n\u00c9paisseur de la lame : 0,45 cm \/ 0,178&Prime;<br \/>\nLongueur totale : 28,8 cm \/ 11,34&Prime;<br \/>\nPoids&nbsp;: 274,0 g \/ 9,66 oz<br \/>\nType de bord&nbsp;:&nbsp;Lisse<br \/>\nType de lame : Bowie<br \/>\nType de coupe&nbsp;: Concave<\/p>\n<p>Mat\u00e9riau du manche : cerf cerf.<br \/>\nFourreau&nbsp;: Cuir<\/p>\n<p>Fabricant : Muela, Espagne<\/p>\n<p>&nbsp;<\/p>\n","protected":false},"excerpt":{"rendered":"<p><strong>BUFFALO-16BF, un couteau bien fait de la soci\u00e9t\u00e9 espagnole Muela de la s\u00e9rie occasionnelle Big Five. Cinq couteaux \u00e0 t\u00eates de buffle, lion, rhinoc\u00e9ros, l\u00e9opard et \u00e9l\u00e9phant. Chaque couteau est offert dans un \u00e9l\u00e9gant coffret cadeau. La haute qualit\u00e9 des mat\u00e9riaux utilis\u00e9s souligne la beaut\u00e9 et la pr\u00e9cision des d\u00e9tails. Un d\u00e9lice pour les collectionneurs, les passionn\u00e9s de chasse, les personnes appr\u00e9ciant un mode de vie actif.<\/strong><\/p>\n","protected":false},"featured_media":351615,"comment_status":"open","ping_status":"closed","template":"","meta":[],"pwb-brand":[3909],"product_brand":[],"product_cat":[3697,3696],"product_tag":[3754],"class_list":{"0":"post-351646","1":"product","2":"type-product","3":"status-publish","4":"has-post-thumbnail","6":"pwb-brand-elle-a-du","7":"product_cat-couteaux-solides","8":"product_cat-des-couteaux","9":"product_tag-b2b-fr","11":"first","12":"instock","13":"taxable","14":"shipping-taxable","15":"purchasable","16":"product-type-simple"},"brands":[{"id":3909,"name":"Elle a d\u00fb","slug":"elle-a-du"}],"_links":{"self":[{"href":"https:\/\/www.moskito.cz\/fr\/wp-json\/wp\/v2\/product\/351646","targetHints":{"allow":["GET"]}}],"collection":[{"href":"https:\/\/www.moskito.cz\/fr\/wp-json\/wp\/v2\/product"}],"about":[{"href":"https:\/\/www.moskito.cz\/fr\/wp-json\/wp\/v2\/types\/product"}],"replies":[{"embeddable":true,"href":"https:\/\/www.moskito.cz\/fr\/wp-json\/wp\/v2\/comments?post=351646"}],"wp:featuredmedia":[{"embeddable":true,"href":"https:\/\/www.moskito.cz\/fr\/wp-json\/wp\/v2\/media\/351615"}],"wp:attachment":[{"href":"https:\/\/www.moskito.cz\/fr\/wp-json\/wp\/v2\/media?parent=351646"}],"wp:term":[{"taxonomy":"pwb-brand","embeddable":true,"href":"https:\/\/www.moskito.cz\/fr\/wp-json\/wp\/v2\/pwb-brand?post=351646"},{"taxonomy":"product_brand","embeddable":true,"href":"https:\/\/www.moskito.cz\/fr\/wp-json\/wp\/v2\/product_brand?post=351646"},{"taxonomy":"product_cat","embeddable":true,"href":"https:\/\/www.moskito.cz\/fr\/wp-json\/wp\/v2\/product_cat?post=351646"},{"taxonomy":"product_tag","embeddable":true,"href":"https:\/\/www.moskito.cz\/fr\/wp-json\/wp\/v2\/product_tag?post=351646"}],"curies":[{"name":"wp","href":"https:\/\/api.w.org\/{rel}","templated":true}]}}