{"id":351718,"date":"2024-07-12T14:44:41","date_gmt":"2024-07-12T13:44:41","guid":{"rendered":"https:\/\/www.moskito.cz\/produkt\/couteau-muela-fixe-avec-etui-tejon-16\/"},"modified":"2025-05-07T11:21:04","modified_gmt":"2025-05-07T10:21:04","slug":"couteau-muela-fixe-avec-etui-tejon-16","status":"publish","type":"product","link":"https:\/\/www.moskito.cz\/fr\/produkt\/couteau-muela-fixe-avec-etui-tejon-16\/","title":{"rendered":"Couteau Muela Fixe avec \u00c9tui TEJON-16"},"content":{"rendered":"<p>Couteau <strong>Muela<\/strong> Fixe avec \u00c9tui TEJON-16<\/p>\n<p>Couteau de chasse artisanal TEJON-16 de la soci\u00e9t\u00e9 espagnole Muela avec corne et lame fixe. Fabriqu\u00e9 en acier au molybd\u00e8ne vanadium (MoVa). Con\u00e7u pour les amateurs de chasse, il conviendra \u00e9galement \u00e0 la survie et aux d\u00e9placements hors de la ville.<\/p>\n<p>Lame &#8211; \u00e9paisseur 3,6 mm avec un profil Bowie modifi\u00e9, recouverte d&rsquo;une couche antireflet Satin Finish (semi-mate) qui \u00e9limine l&rsquo;\u00e9blouissement. Fabriqu\u00e9 en acier inoxydable durable au molybd\u00e8ne-vanadium X50CrMoV15, tremp\u00e9 dans la plage de 57 \u00e0 58 HRC. La lame se caract\u00e9rise par de bonnes propri\u00e9t\u00e9s m\u00e9caniques et un aff\u00fbtage \u00e0 long terme. La lame lisse (type Plain) a \u00e9t\u00e9 r\u00e9alis\u00e9e avec une coupe plate (Flat Grind), permettant de couper avec une force consid\u00e9rable.<\/p>\n<p>Poign\u00e9e &#8211; finie avec une t\u00eate en laiton, recouverte de placages de bois de cerf naturel, offrant un look exclusif et une prise confortable.<\/p>\n<p>\u00c9tui &#8211; en cuir marron naturel. Fourreau avec logo du fabricant en relief. Fermeture \u00e0 pression Prym avec \u00e9cusson de l&rsquo;entreprise. Le fourreau est cousu sur les bords avec du fil d\u00e9coratif. La fixation par ceinture ou par engrenage permet de transporter le couteau en position verticale.<\/p>\n<p>Sp\u00e9cifications techniques:<br \/>\nNum\u00e9ro de produit: TEJON-16<br \/>\nType d&rsquo;acier : X50CrMoV15<br \/>\nLongueur de la lame : 16 cm \/ 6,3&Prime;<br \/>\n\u00c9paisseur de la lame : 0,36 cm \/ 0,14&Prime;<br \/>\nLongueur totale : 29 cm \/ 11,42&Prime;<br \/>\nPoids&nbsp;: 189,0 g \/ 6,67 oz<br \/>\nType de bord&nbsp;:&nbsp;Lisse<br \/>\nType de lame : Bowie<br \/>\nType de coupe : Plat<br \/>\nDoublure du manche&nbsp;: Cerf cerf (bois de cerf)<br \/>\nFourreau&nbsp;: Cuir<br \/>\nFabricant : Muela, Espagne<\/p>\n<p>&nbsp;<\/p>\n","protected":false},"excerpt":{"rendered":"<p><strong>Couteau de chasse artisanal TEJON-16 de la soci\u00e9t\u00e9 espagnole Muela avec corne et lame fixe. Fabriqu\u00e9 en acier au molybd\u00e8ne vanadium (MoVa). Con\u00e7u pour les amateurs de chasse, il conviendra \u00e9galement \u00e0 la survie et aux d\u00e9placements hors de la ville.<\/strong><\/p>\n","protected":false},"featured_media":421030,"comment_status":"open","ping_status":"closed","template":"","meta":[],"pwb-brand":[3909],"product_brand":[],"product_cat":[3697,3696],"product_tag":[3754],"class_list":{"0":"post-351718","1":"product","2":"type-product","3":"status-publish","4":"has-post-thumbnail","6":"pwb-brand-elle-a-du","7":"product_cat-couteaux-solides","8":"product_cat-des-couteaux","9":"product_tag-b2b-fr","11":"first","12":"outofstock","13":"taxable","14":"shipping-taxable","15":"purchasable","16":"product-type-simple"},"brands":[{"id":3909,"name":"Elle a d\u00fb","slug":"elle-a-du"}],"_links":{"self":[{"href":"https:\/\/www.moskito.cz\/fr\/wp-json\/wp\/v2\/product\/351718","targetHints":{"allow":["GET"]}}],"collection":[{"href":"https:\/\/www.moskito.cz\/fr\/wp-json\/wp\/v2\/product"}],"about":[{"href":"https:\/\/www.moskito.cz\/fr\/wp-json\/wp\/v2\/types\/product"}],"replies":[{"embeddable":true,"href":"https:\/\/www.moskito.cz\/fr\/wp-json\/wp\/v2\/comments?post=351718"}],"wp:featuredmedia":[{"embeddable":true,"href":"https:\/\/www.moskito.cz\/fr\/wp-json\/wp\/v2\/media\/421030"}],"wp:attachment":[{"href":"https:\/\/www.moskito.cz\/fr\/wp-json\/wp\/v2\/media?parent=351718"}],"wp:term":[{"taxonomy":"pwb-brand","embeddable":true,"href":"https:\/\/www.moskito.cz\/fr\/wp-json\/wp\/v2\/pwb-brand?post=351718"},{"taxonomy":"product_brand","embeddable":true,"href":"https:\/\/www.moskito.cz\/fr\/wp-json\/wp\/v2\/product_brand?post=351718"},{"taxonomy":"product_cat","embeddable":true,"href":"https:\/\/www.moskito.cz\/fr\/wp-json\/wp\/v2\/product_cat?post=351718"},{"taxonomy":"product_tag","embeddable":true,"href":"https:\/\/www.moskito.cz\/fr\/wp-json\/wp\/v2\/product_tag?post=351718"}],"curies":[{"name":"wp","href":"https:\/\/api.w.org\/{rel}","templated":true}]}}