{"id":351838,"date":"2024-07-13T10:34:41","date_gmt":"2024-07-13T09:35:15","guid":{"rendered":"https:\/\/www.moskito.cz\/produkt\/couteau-de-tir-microtech-dc-munroe-cypher-ii-stonewashed-1241-11\/"},"modified":"2025-05-07T11:21:08","modified_gmt":"2025-05-07T10:21:08","slug":"couteau-de-tir-microtech-dc-munroe-cypher-ii-stonewashed-1241-11","status":"publish","type":"product","link":"https:\/\/www.moskito.cz\/fr\/produkt\/couteau-de-tir-microtech-dc-munroe-cypher-ii-stonewashed-1241-11\/","title":{"rendered":"Couteau de tir Microtech\/DC Munroe Cypher II Stonewashed 1241-11"},"content":{"rendered":"<p>Couteau de tir <strong>Microtech<\/strong> \/DC Munroe Cypher II Stonewashed 1241-11<\/p>\n<p><strong>Deryk DC Munroe<\/strong> est la principale source d&rsquo;ing\u00e9nierie et de main-d&rsquo;\u0153uvre pour MunroeKnives. Sa fascination pour les armes l&rsquo;a amen\u00e9 \u00e0 cr\u00e9er son premier couteau en 1984. En 1997, il a emprunt\u00e9 un chemin plut\u00f4t tortueux pour devenir coutelier \u00e0 plein temps. Il a explor\u00e9 et d\u00e9velopp\u00e9 diff\u00e9rents aspects du m\u00e9tier qui l\u2019animent depuis. Son style est unique et la qualit\u00e9 de ses ingr\u00e9dients est tout simplement exceptionnelle. C&rsquo;\u00e9tait donc un choix \u00e9vident pour Tony de travailler avec Deryk sur ce deuxi\u00e8me couteau de collaboration Munroe\/Marfione, le Cypher.<\/p>\n<p><strong>Le Microtech Cypher<\/strong> voit le retour de l&rsquo;OTF pr\u00e9f\u00e9r\u00e9 des fans avec des am\u00e9liorations de pointe par rapport au design original. Le Cypher classique a \u00e9t\u00e9 repens\u00e9 \u00e0 l&rsquo;int\u00e9rieur comme \u00e0 l&rsquo;ext\u00e9rieur, \u00e9tablissant une nouvelle norme en mati\u00e8re de technologie moderne. La derni\u00e8re transmission bicarburant innovante de Microtech offre une maniabilit\u00e9 sans effort et l&rsquo;action la plus douce jamais vue sur un OTF.<\/p>\n<p>Les rainures sur le ch\u00e2ssis ajoutent un \u00e9l\u00e9ment \u00e9l\u00e9gant tout en offrant une adh\u00e9rence maximale et le clip de poche en titane 6Al4V avec but\u00e9e en c\u00e9ramique offre \u00e0 l&rsquo;utilisateur des options de transport s\u00fbres et abordables. Le corps sans vis et le brise-verre int\u00e9gr\u00e9 lui donnent un look plus \u00e9pur\u00e9, et la conception mise \u00e0 jour de la poche \u00e0 bouton r\u00e9duit la friction et facilite le d\u00e9placement des d\u00e9bris. Avec sa taille relativement compacte et sa facilit\u00e9 de d\u00e9ploiement, le <strong>Cypher<\/strong> redessin\u00e9 constitue la r\u00e9f\u00e9rence en mati\u00e8re de combinaison renomm\u00e9e de style et d&rsquo;utilit\u00e9 de <strong>Microtech<\/strong> dans notre gamme haut de gamme.<\/p>\n<p>Caract\u00e9ristiques:<br \/>\nLongueur de la lame : 8,75 cm<br \/>\nLongueur ferm\u00e9 : 12,5 cm<br \/>\nLongueur totale : 21,25 cm<br \/>\nAcier de la lame : acier inoxydable Bohler M390MK<br \/>\nStyle de lame&nbsp;:&nbsp;Tanto invers\u00e9<br \/>\nMeulage de la lame&nbsp;:&nbsp;Plat<br \/>\nTraitement de surface de la lame : Stonewash<br \/>\nMat\u00e9riau du manche : aluminium noir frais\u00e9<br \/>\nM\u00e9canisme de verrouillage : coulissant<br \/>\nClip de poche : Titane avec bille en c\u00e9ramique (repliable, droite\/gauche)<br \/>\nPoids : 3,88 onces.<br \/>\nCr\u00e9ateurs : Deryk Munroe et Tony Marfione<br \/>\nFabriqu\u00e9 aux \u00c9tats-Unis<\/p>\n<p><iframe title=\"Microtech Combat Troodon Torture Test\" width=\"800\" height=\"450\" src=\"https:\/\/www.youtube.com\/embed\/xE9TeOFYEjg?feature=oembed\" frameborder=\"0\" allow=\"accelerometer; autoplay; clipboard-write; encrypted-media; gyroscope; picture-in-picture; web-share\" referrerpolicy=\"strict-origin-when-cross-origin\" allowfullscreen><\/iframe><\/p>\n<p>&nbsp;<\/p>\n","protected":false},"excerpt":{"rendered":"<p><strong>Au fil des ann\u00e9es, Microtech\u00ae Knives a rempli les couteaux avec passion et comp\u00e9tence pour cr\u00e9er presque des \u0153uvres d&rsquo;art qui sont le summum de la fonctionnalit\u00e9. Toutes les pi\u00e8ces sont fabriqu\u00e9es aux \u00c9tats-Unis.<\/strong><br \/>\n<strong>Tous les couteaux Microtech sont garantis \u00e0 vie (min. 80 000 cycles, ouverture et fermeture)<\/strong><\/p>\n<p><strong>Transports gratuits.<\/strong><\/p>\n","protected":false},"featured_media":351787,"comment_status":"open","ping_status":"closed","template":"","meta":[],"pwb-brand":[3751],"product_brand":[],"product_cat":[3699,3696],"product_tag":[3754],"class_list":{"0":"post-351838","1":"product","2":"type-product","3":"status-publish","4":"has-post-thumbnail","6":"pwb-brand-microtechnologie","7":"product_cat-couteaux-de-tir","8":"product_cat-des-couteaux","9":"product_tag-b2b-fr","11":"first","12":"instock","13":"taxable","14":"shipping-taxable","15":"purchasable","16":"product-type-simple"},"brands":[{"id":3751,"name":"Microtechnologie","slug":"microtechnologie"}],"_links":{"self":[{"href":"https:\/\/www.moskito.cz\/fr\/wp-json\/wp\/v2\/product\/351838","targetHints":{"allow":["GET"]}}],"collection":[{"href":"https:\/\/www.moskito.cz\/fr\/wp-json\/wp\/v2\/product"}],"about":[{"href":"https:\/\/www.moskito.cz\/fr\/wp-json\/wp\/v2\/types\/product"}],"replies":[{"embeddable":true,"href":"https:\/\/www.moskito.cz\/fr\/wp-json\/wp\/v2\/comments?post=351838"}],"wp:featuredmedia":[{"embeddable":true,"href":"https:\/\/www.moskito.cz\/fr\/wp-json\/wp\/v2\/media\/351787"}],"wp:attachment":[{"href":"https:\/\/www.moskito.cz\/fr\/wp-json\/wp\/v2\/media?parent=351838"}],"wp:term":[{"taxonomy":"pwb-brand","embeddable":true,"href":"https:\/\/www.moskito.cz\/fr\/wp-json\/wp\/v2\/pwb-brand?post=351838"},{"taxonomy":"product_brand","embeddable":true,"href":"https:\/\/www.moskito.cz\/fr\/wp-json\/wp\/v2\/product_brand?post=351838"},{"taxonomy":"product_cat","embeddable":true,"href":"https:\/\/www.moskito.cz\/fr\/wp-json\/wp\/v2\/product_cat?post=351838"},{"taxonomy":"product_tag","embeddable":true,"href":"https:\/\/www.moskito.cz\/fr\/wp-json\/wp\/v2\/product_tag?post=351838"}],"curies":[{"name":"wp","href":"https:\/\/api.w.org\/{rel}","templated":true}]}}