{"id":352222,"date":"2024-07-13T14:09:04","date_gmt":"2024-07-13T13:09:53","guid":{"rendered":"https:\/\/www.moskito.cz\/produkt\/couteau-de-fermeture-microtech-socom-elite-manuel-stonewashed-160-11\/"},"modified":"2025-05-07T11:21:16","modified_gmt":"2025-05-07T10:21:16","slug":"couteau-de-fermeture-microtech-socom-elite-manuel-stonewashed-160-11","status":"publish","type":"product","link":"https:\/\/www.moskito.cz\/fr\/produkt\/couteau-de-fermeture-microtech-socom-elite-manuel-stonewashed-160-11\/","title":{"rendered":"Couteau de fermeture Microtech Socom Elite Manuel Stonewashed 160-11"},"content":{"rendered":"<p>Couteau de fermeture <strong>Microtech<\/strong> Socom Elite Manuel Stonewashed 160-11.<\/p>\n<p><strong>Socom Elite<\/strong> \u00e9tablit la norme la plus \u00e9lev\u00e9e en mati\u00e8re de couverts tactiques\/utilitaires. Depuis la cr\u00e9ation du premier Socom en 1996, il est le pionnier de toute la gamme de couteaux pliants Microtech . Un certain nombre d&rsquo;am\u00e9liorations ont \u00e9t\u00e9 apport\u00e9es au fil des ann\u00e9es pour rendre Socom mieux adapt\u00e9 aux diff\u00e9rents environnements. Les Socoms manuels et automatiques ont une forme de poign\u00e9e unique qui s&rsquo;adapte \u00e0 votre main. Vous savez que vous achetez le meilleur outil du march\u00e9, quelle que soit la lame que vous choisissez : clip tip ou tanto. Un brise-verre int\u00e9gr\u00e9 \u00e0 la base du manche et un gros bouton permettant une ouverture facile avec un gant lui conf\u00e8rent un look impressionnant. La fiabilit\u00e9 robuste de Socom en fait le premier choix de la communaut\u00e9 des op\u00e9rations sp\u00e9ciales.<\/p>\n<p>Caract\u00e9ristiques:<br \/>\nLongueur totale : 22,5 cm<br \/>\nLongueur de la lame : 10 cm<br \/>\nTranchant : 9,37 cm<br \/>\nLargeur de la lame : 2,8 cm<br \/>\n\u00c9paisseur de la lame : 0,47 cm<br \/>\nAcier : M390<br \/>\nStyle de lame&nbsp;:&nbsp;pointe de clip<br \/>\nMeulage de la lame&nbsp;:&nbsp;Plat<br \/>\nTraitement de surface de la lame : Stonewash<br \/>\nMat\u00e9riau du manche : aluminium avec inserts en caoutchouc textur\u00e9<br \/>\nMat\u00e9riau de l&rsquo;insert&nbsp;: Acier inoxydable<br \/>\nM\u00e9canisme de verrouillage&nbsp;:&nbsp;Ins\u00e9rer<br \/>\nClip de poche : Acier inoxydable (pliable, usure droite)<br \/>\nPoids : 5,6 onces.<br \/>\nCr\u00e9ateur : Tony Marfione<br \/>\nFabriqu\u00e9 aux \u00c9tats-Unis<\/p>\n<p><iframe title=\"Microtech Combat Troodon Torture Test\" width=\"800\" height=\"450\" src=\"https:\/\/www.youtube.com\/embed\/xE9TeOFYEjg?feature=oembed\" frameborder=\"0\" allow=\"accelerometer; autoplay; clipboard-write; encrypted-media; gyroscope; picture-in-picture; web-share\" referrerpolicy=\"strict-origin-when-cross-origin\" allowfullscreen><\/iframe><\/p>\n<p>&nbsp;<\/p>\n","protected":false},"excerpt":{"rendered":"<p><strong>Au fil des ann\u00e9es, Microtech\u00ae Knives a rempli les couteaux de passion et de savoir-faire pour cr\u00e9er presque des \u0153uvres d&rsquo;art qui sont le summum de la fonctionnalit\u00e9. Toutes les pi\u00e8ces sont fabriqu\u00e9es aux \u00c9tats-Unis.<\/strong><br \/>\n<strong>Tous les couteaux Microtech sont garantis \u00e0 vie.<\/strong><\/p>\n<p><strong>Transports gratuits.<\/strong><\/p>\n","protected":false},"featured_media":352171,"comment_status":"open","ping_status":"closed","template":"","meta":[],"pwb-brand":[3751],"product_brand":[],"product_cat":[3700,3696],"product_tag":[3754],"class_list":{"0":"post-352222","1":"product","2":"type-product","3":"status-publish","4":"has-post-thumbnail","6":"pwb-brand-microtechnologie","7":"product_cat-couteaux-de-fermeture","8":"product_cat-des-couteaux","9":"product_tag-b2b-fr","11":"first","12":"instock","13":"taxable","14":"shipping-taxable","15":"purchasable","16":"product-type-simple"},"brands":[{"id":3751,"name":"Microtechnologie","slug":"microtechnologie"}],"_links":{"self":[{"href":"https:\/\/www.moskito.cz\/fr\/wp-json\/wp\/v2\/product\/352222","targetHints":{"allow":["GET"]}}],"collection":[{"href":"https:\/\/www.moskito.cz\/fr\/wp-json\/wp\/v2\/product"}],"about":[{"href":"https:\/\/www.moskito.cz\/fr\/wp-json\/wp\/v2\/types\/product"}],"replies":[{"embeddable":true,"href":"https:\/\/www.moskito.cz\/fr\/wp-json\/wp\/v2\/comments?post=352222"}],"wp:featuredmedia":[{"embeddable":true,"href":"https:\/\/www.moskito.cz\/fr\/wp-json\/wp\/v2\/media\/352171"}],"wp:attachment":[{"href":"https:\/\/www.moskito.cz\/fr\/wp-json\/wp\/v2\/media?parent=352222"}],"wp:term":[{"taxonomy":"pwb-brand","embeddable":true,"href":"https:\/\/www.moskito.cz\/fr\/wp-json\/wp\/v2\/pwb-brand?post=352222"},{"taxonomy":"product_brand","embeddable":true,"href":"https:\/\/www.moskito.cz\/fr\/wp-json\/wp\/v2\/product_brand?post=352222"},{"taxonomy":"product_cat","embeddable":true,"href":"https:\/\/www.moskito.cz\/fr\/wp-json\/wp\/v2\/product_cat?post=352222"},{"taxonomy":"product_tag","embeddable":true,"href":"https:\/\/www.moskito.cz\/fr\/wp-json\/wp\/v2\/product_tag?post=352222"}],"curies":[{"name":"wp","href":"https:\/\/api.w.org\/{rel}","templated":true}]}}