{"id":352478,"date":"2024-07-15T12:16:41","date_gmt":"2024-07-15T11:17:52","guid":{"rendered":"https:\/\/www.moskito.cz\/produkt\/couteau-fixe-muela-rhino-16bf\/"},"modified":"2025-05-07T11:21:26","modified_gmt":"2025-05-07T10:21:26","slug":"couteau-fixe-muela-rhino-16bf","status":"publish","type":"product","link":"https:\/\/www.moskito.cz\/fr\/produkt\/couteau-fixe-muela-rhino-16bf\/","title":{"rendered":"Couteau Fixe Muela RHINO-16BF"},"content":{"rendered":"<p>Couteau fixe <strong>Muela<\/strong> RHINO-16BF.<\/p>\n<p><strong>Le couteau de sport Muela Rhino-16BF<\/strong> , id\u00e9al pour les amateurs de coutellerie, est un couteau en \u00e9dition limit\u00e9e\/collection. Avec un manche en bois de cerf de 13 cm (5&Prime;) et une lame de 160 mm en acier 1.4116, qui est une combinaison de molybd\u00e8ne et de vanadium.<\/p>\n<p><strong>Le couteau de sport Muela Rhino-16BF<\/strong> est un couteau en \u00e9dition limit\u00e9e\/collection, con\u00e7u et fabriqu\u00e9 sp\u00e9cifiquement pour les amateurs de couteaux avec des mat\u00e9riaux exquis et exclusifs, tels que le bois de cerf, utilis\u00e9 pour le manche.<\/p>\n<p>Le manche du couteau de sport <strong>Muela Rhino-16BF<\/strong> est en bois de cerf, un mat\u00e9riau incroyablement d\u00e9taill\u00e9 et durable. Les bois de cerf tombent en hiver et repoussent au printemps. Il n&rsquo;y a donc aucune cruaut\u00e9 dans l&rsquo;utilisation de ce mat\u00e9riau, utilis\u00e9 depuis longtemps dans la fabrication de couteaux \u00e0 main.<\/p>\n<p>La pointe de la lame est incurv\u00e9e, ce qui \u00e9vite de percer la peau de l&rsquo;animal lors de la coupe et facilite l&rsquo;enl\u00e8vement de la peau. Sa lame est en X50CrMoV15 \u00ab\u00a0MOVA\u00a0\u00bb (1.4116), un mat\u00e9riau classique pour les couteaux Muela, qui est une excellente combinaison de molybd\u00e8ne et de vanadium, formant un acier avec une excellente duret\u00e9 et r\u00e9sistance \u00e0 la corrosion.<\/p>\n<p><strong>Muela<\/strong> fabrique des couteaux, des couteaux de poche et des rasoirs exclusifs depuis 1950 en Espagne et est une r\u00e9f\u00e9rence en coutellerie dans le monde entier. Gr\u00e2ce \u00e0 des mat\u00e9riaux sp\u00e9cialement s\u00e9lectionn\u00e9s tels que l&rsquo;acier martensitique utilis\u00e9 dans les lames et les bois de cerf utilis\u00e9s dans certains mod\u00e8les, ils sont fa\u00e7onn\u00e9s et finis avec un excellent travail qui allie des machines modernes \u00e0 une m\u00e9thode artisanale. Tous les produits sont manipul\u00e9s par des coupeurs exp\u00e9riment\u00e9s qui finissent chaque pi\u00e8ce \u00e0 la main.<\/p>\n<p>Description technique:<\/p>\n<p>Code : RHINO-16BF<\/p>\n<p>Marque : Muela<\/p>\n<p>Mod\u00e8le : \u00c9dition limit\u00e9e\/Collection &#8211; Rhino-16BF<\/p>\n<p>Mat\u00e9riau du manche : Corne de cerf<\/p>\n<p>Mat\u00e9riau de la lame : 1.4116<\/p>\n<p>Longueur de la lame : 16 cm<\/p>\n<p>Longueur du c\u00e2ble : 13 cm (5&Prime;)<\/p>\n<p>Duret\u00e9 de l&rsquo;acier : 56 &#8211; 58 HRC<\/p>\n<p>&nbsp;<\/p>\n","protected":false},"excerpt":{"rendered":"<p><strong>Le couteau de sport Muela Rhino-16BF est un couteau en \u00e9dition limit\u00e9e\/de collection, con\u00e7u et fabriqu\u00e9 sp\u00e9cialement pour les amateurs de couteaux avec des mat\u00e9riaux excellents et exclusifs tels que le bois de cerf utilis\u00e9 pour le manche.<\/strong><\/p>\n","protected":false},"featured_media":352456,"comment_status":"open","ping_status":"closed","template":"","meta":[],"pwb-brand":[3909],"product_brand":[],"product_cat":[3697,3696],"product_tag":[3754],"class_list":{"0":"post-352478","1":"product","2":"type-product","3":"status-publish","4":"has-post-thumbnail","6":"pwb-brand-elle-a-du","7":"product_cat-couteaux-solides","8":"product_cat-des-couteaux","9":"product_tag-b2b-fr","11":"first","12":"instock","13":"taxable","14":"shipping-taxable","15":"purchasable","16":"product-type-simple"},"brands":[{"id":3909,"name":"Elle a d\u00fb","slug":"elle-a-du"}],"_links":{"self":[{"href":"https:\/\/www.moskito.cz\/fr\/wp-json\/wp\/v2\/product\/352478","targetHints":{"allow":["GET"]}}],"collection":[{"href":"https:\/\/www.moskito.cz\/fr\/wp-json\/wp\/v2\/product"}],"about":[{"href":"https:\/\/www.moskito.cz\/fr\/wp-json\/wp\/v2\/types\/product"}],"replies":[{"embeddable":true,"href":"https:\/\/www.moskito.cz\/fr\/wp-json\/wp\/v2\/comments?post=352478"}],"wp:featuredmedia":[{"embeddable":true,"href":"https:\/\/www.moskito.cz\/fr\/wp-json\/wp\/v2\/media\/352456"}],"wp:attachment":[{"href":"https:\/\/www.moskito.cz\/fr\/wp-json\/wp\/v2\/media?parent=352478"}],"wp:term":[{"taxonomy":"pwb-brand","embeddable":true,"href":"https:\/\/www.moskito.cz\/fr\/wp-json\/wp\/v2\/pwb-brand?post=352478"},{"taxonomy":"product_brand","embeddable":true,"href":"https:\/\/www.moskito.cz\/fr\/wp-json\/wp\/v2\/product_brand?post=352478"},{"taxonomy":"product_cat","embeddable":true,"href":"https:\/\/www.moskito.cz\/fr\/wp-json\/wp\/v2\/product_cat?post=352478"},{"taxonomy":"product_tag","embeddable":true,"href":"https:\/\/www.moskito.cz\/fr\/wp-json\/wp\/v2\/product_tag?post=352478"}],"curies":[{"name":"wp","href":"https:\/\/api.w.org\/{rel}","templated":true}]}}