{"id":352520,"date":"2023-07-16T17:40:19","date_gmt":"2024-07-15T11:44:47","guid":{"rendered":"https:\/\/www.moskito.cz\/produkt\/couteau-fixe-muela-urial-19co\/"},"modified":"2025-05-07T11:21:28","modified_gmt":"2025-05-07T10:21:28","slug":"couteau-fixe-muela-urial-19co","status":"publish","type":"product","link":"https:\/\/www.moskito.cz\/fr\/produkt\/couteau-fixe-muela-urial-19co\/","title":{"rendered":"Couteau Fixe Muela URIAL-19CO"},"content":{"rendered":"<p>Couteau Fixe <strong>Muela<\/strong> URIAL-19CO<\/p>\n<p>Le couteau Urial est issu de la c\u00e9l\u00e8bre marque Muela, une marque connue dans le monde entier comme l&rsquo;une des meilleures marques de couteaux. Que ce soit pour la collection ou pour un usage quotidien, le couteau Urial r\u00e9pond \u00e0 toutes les exigences de qualit\u00e9 et de durabilit\u00e9.<\/p>\n<p>Muela est une marque espagnole connue mondialement comme l&rsquo;un des meilleurs fournisseurs de coutellerie fine au monde ! Elle produit plus de 350 000 unit\u00e9s par an, dont 70 % sont export\u00e9es vers plus de 50 pays sur les cinq continents.<\/p>\n<p>Les produits Muela comprennent des couteaux artisanaux, des couteaux de luxe, des couteaux de chasse, des couteaux de sport et des couteaux tactiques.<\/p>\n<p>Avec une lame en acier au molybd\u00e8ne vanadium, l&rsquo;un des meilleurs mat\u00e9riaux utilis\u00e9s en coutellerie, l&rsquo;acier au molybd\u00e8ne vanadium est l&rsquo;un des mat\u00e9riaux les plus recherch\u00e9s par les couteliers et les collectionneurs car il est plus facile \u00e0 traiter, forger, tremper et entretenir, permettant une vari\u00e9t\u00e9 de finitions, laissant aux lames un aspect poli de haute qualit\u00e9.<\/p>\n<p>Qu&rsquo;est-ce que l&rsquo;acier au molybd\u00e8ne vanadium&nbsp;? C&rsquo;est un acier moyennement alli\u00e9 de haute qualit\u00e9, sa composition chimique offre une bonne combinaison de duret\u00e9 et de r\u00e9sistance \u00e0 l&rsquo;usure. Il est largement utilis\u00e9 pour les outils de coupe tels que les couteaux et les couteaux de poche.<\/p>\n<p>De plus, sa lame pr\u00e9sente une surface polie, innovante dans un design rustique et moderne.<\/p>\n<p>Sa lame lisse a une rigidit\u00e9 dans sa structure, ce qui permet des coupes plus fines aux coupes plus grossi\u00e8res et r\u00e9pond efficacement \u00e0 tous les besoins.<\/p>\n<p>Ce mod\u00e8le de couteau est exclusif \u00e0 Muel et a \u00e9t\u00e9 fabriqu\u00e9 en Espagne.<\/p>\n<p>Ce mod\u00e8le dispose \u00e9galement d&rsquo;un manche en bois avec une finition de haute qualit\u00e9 avec une surface lisse d&rsquo;une grande finesse.<\/p>\n<p>Il dispose \u00e9galement de rev\u00eatements \u00e0 base de PTFE, ce rev\u00eatement ne permet pas aux r\u00e9sidus d&rsquo;adh\u00e9rer et de s&rsquo;impr\u00e9gner, offrant ainsi une plus grande durabilit\u00e9 \u00e0 votre couteau.<\/p>\n<p>Son manche noir permet une manipulation confortable du couteau et, comme il est ergonomique, il ne permet pas au couteau de glisser dans la main lors de son utilisation.<\/p>\n<p>Ils disposent \u00e9galement d&rsquo;un \u00e9tui marron en cuir de haute qualit\u00e9, avec une fermeture par sangle, le plus grand avantage de cet \u00e9tui est sa praticit\u00e9 et sa qualit\u00e9, permettant une manipulation et un transport en toute s\u00e9curit\u00e9 de votre couteau Urial.<\/p>\n<p>\u00c9tant un mod\u00e8le de sport et de chasse, il est pr\u00eat \u00e0 relever des d\u00e9fis de haute performance. Prend en charge des coupes plus fines, m\u00eame des coupes comme des cordes, des peaux et des branches, parfait pour vous sur le sentier ou en camping.<\/p>\n<p>Aff\u00fbtage : Pour une meilleure pr\u00e9servation de la lame de votre couteau Urial, nous vous recommandons d&rsquo;utiliser de l&rsquo;acier lisse, de maintenir l&rsquo;alignement et de prolonger le pouvoir de coupe, si n\u00e9cessaire, de la pierre ou du papier de verre \u00e0 l&rsquo;eau au grain tr\u00e8s fin peuvent \u00eatre utilis\u00e9s.<\/p>\n<p>Marque : Muela<br \/>\nMod\u00e8le : Couteau Urial-19CO<br \/>\nCouleur du manche : Bois<br \/>\nCouleur de la lame : Argent<br \/>\nMat\u00e9riau de la lame : acier molybd\u00e8ne-vanadium<br \/>\nMat\u00e9riau du manche : Bois<br \/>\nRev\u00eatement : PTFE<br \/>\nCouleur de la coque : Marron<br \/>\nMat\u00e9riau du bo\u00eetier : Cuir<br \/>\nFonction: couteau de sport\/chasse<br \/>\nLongueur de la lame : 19 cm<br \/>\nLargeur de la lame : 3,5 cm<br \/>\n\u00c9paisseur de la lame : 4 mm<br \/>\nLongueur totale du couteau : 31 cm<br \/>\nDimensions du coffret : 29 cm x 5 cm x 2 cm<br \/>\nDimensions du couteau avec \u00e9tui : 33 cm x 5 cm x 3,5 cm<br \/>\nPoids : 278g<br \/>\nPoids du couteau avec \u00e9tui : 354 g<br \/>\nPoids du colis : 500 g<br \/>\nDimensions du colis : 35 cm x 9 cm x 5,3 cm<\/p>\n<p>&nbsp;<\/p>\n<p>&nbsp;<\/p>\n","protected":false},"excerpt":{"rendered":"<p><strong>Le couteau Urial est issu de la c\u00e9l\u00e8bre marque Muela, une marque connue dans le monde entier comme l&rsquo;une des meilleures marques de couteaux. Que ce soit pour la collection ou pour un usage quotidien, le couteau Urial r\u00e9pond \u00e0 toutes les exigences de qualit\u00e9 et de durabilit\u00e9.<\/strong><\/p>\n","protected":false},"featured_media":352525,"comment_status":"open","ping_status":"closed","template":"","meta":[],"pwb-brand":[3909],"product_brand":[],"product_cat":[3697,3696],"product_tag":[3754],"class_list":{"0":"post-352520","1":"product","2":"type-product","3":"status-publish","4":"has-post-thumbnail","6":"pwb-brand-elle-a-du","7":"product_cat-couteaux-solides","8":"product_cat-des-couteaux","9":"product_tag-b2b-fr","11":"first","12":"instock","13":"taxable","14":"shipping-taxable","15":"purchasable","16":"product-type-simple"},"brands":[{"id":3909,"name":"Elle a d\u00fb","slug":"elle-a-du"}],"_links":{"self":[{"href":"https:\/\/www.moskito.cz\/fr\/wp-json\/wp\/v2\/product\/352520","targetHints":{"allow":["GET"]}}],"collection":[{"href":"https:\/\/www.moskito.cz\/fr\/wp-json\/wp\/v2\/product"}],"about":[{"href":"https:\/\/www.moskito.cz\/fr\/wp-json\/wp\/v2\/types\/product"}],"replies":[{"embeddable":true,"href":"https:\/\/www.moskito.cz\/fr\/wp-json\/wp\/v2\/comments?post=352520"}],"wp:featuredmedia":[{"embeddable":true,"href":"https:\/\/www.moskito.cz\/fr\/wp-json\/wp\/v2\/media\/352525"}],"wp:attachment":[{"href":"https:\/\/www.moskito.cz\/fr\/wp-json\/wp\/v2\/media?parent=352520"}],"wp:term":[{"taxonomy":"pwb-brand","embeddable":true,"href":"https:\/\/www.moskito.cz\/fr\/wp-json\/wp\/v2\/pwb-brand?post=352520"},{"taxonomy":"product_brand","embeddable":true,"href":"https:\/\/www.moskito.cz\/fr\/wp-json\/wp\/v2\/product_brand?post=352520"},{"taxonomy":"product_cat","embeddable":true,"href":"https:\/\/www.moskito.cz\/fr\/wp-json\/wp\/v2\/product_cat?post=352520"},{"taxonomy":"product_tag","embeddable":true,"href":"https:\/\/www.moskito.cz\/fr\/wp-json\/wp\/v2\/product_tag?post=352520"}],"curies":[{"name":"wp","href":"https:\/\/api.w.org\/{rel}","templated":true}]}}