{"id":352564,"date":"2024-07-15T12:53:02","date_gmt":"2024-07-15T11:55:51","guid":{"rendered":"https:\/\/www.moskito.cz\/produkt\/couteau-fixe-muela-gaucho-20m\/"},"modified":"2025-05-07T11:21:30","modified_gmt":"2025-05-07T10:21:30","slug":"couteau-fixe-muela-gaucho-20m","status":"publish","type":"product","link":"https:\/\/www.moskito.cz\/fr\/produkt\/couteau-fixe-muela-gaucho-20m\/","title":{"rendered":"Couteau Fixe Muela GAUCHO-20M"},"content":{"rendered":"<p>Couteau Fixe <strong>Muela<\/strong> GAUCHO-20M<\/p>\n<p>Les couteaux <strong>Muela<\/strong> font partie des marques de r\u00e9f\u00e9rence dans le monde de la coutellerie de sport. Leurs produits sont fabriqu\u00e9s \u00e0 la main \u00e0 partir de mat\u00e9riaux s\u00e9lectionn\u00e9s, toujours avec une attention maximale aux d\u00e9tails, par des artisans et des couteaux exp\u00e9riment\u00e9s.<\/p>\n<p>Couteau de chasse <strong>Muela<\/strong> <strong>Gaucho 20M<\/strong> long, manche ergonomique en micarta fonc\u00e9, pied du manche en m\u00e9tal, fourni avec \u00e9tui. Couteau de chasse Slim Un couteau de chasse de la soci\u00e9t\u00e9 espagnole Muela au design simple et direct. Tous les chasseurs et chasseurs utilisent sa longue et fine lame en acier dans leur travail. Donn\u00e9es techniques Pour la fabrication de la lame, un acier inoxydable au molybd\u00e8ne vanadium de qualit\u00e9 d&rsquo;une duret\u00e9 d&rsquo;environ 60 HRC a \u00e9t\u00e9 utilis\u00e9. Le parcours de la lame sert de protection pour la s\u00e9curit\u00e9 au travail. La quincaillerie et le pied du manche sont en m\u00e9tal de couleur argent\u00e9e. Le manche est en micarta fonc\u00e9, de forme anatomique et confortable \u00e0 tenir. Le couteau est livr\u00e9 avec un \u00e9tui en cuir noir.<\/p>\n<p>Les couteaux Muela font partie des marques de r\u00e9f\u00e9rence dans le monde de la coutellerie de sport. Leurs produits sont fabriqu\u00e9s \u00e0 la main \u00e0 partir de mat\u00e9riaux s\u00e9lectionn\u00e9s, toujours avec une attention maximale aux d\u00e9tails, par des artisans et des couteaux exp\u00e9riment\u00e9s.<\/p>\n<p>Sp\u00e9cifications techniques:<\/p>\n<p>Acier&nbsp;: X50CrMoV15 (MOVA)<br \/>\nDuret\u00e9 de l&rsquo;acier : 57-58 HRC<br \/>\nForme de la lame : Classique<br \/>\nManche : micarta noir<br \/>\nFourreau&nbsp;: \u00e9tui en cuir noir inclus<br \/>\nConstruction du couteau&nbsp;: Entier<br \/>\nLongueur de la lame : 200 mm<br \/>\nLongueur du manche : 125 mm<br \/>\nLongueur totale : 325 mm<br \/>\nPoids : 250g<\/p>\n<p>&nbsp;<\/p>\n","protected":false},"excerpt":{"rendered":"<p><strong>Les couteaux Muela font partie des marques de r\u00e9f\u00e9rence dans le monde de la coutellerie de sport. Leurs produits sont fabriqu\u00e9s \u00e0 la main \u00e0 partir de mat\u00e9riaux s\u00e9lectionn\u00e9s, toujours avec une attention maximale aux d\u00e9tails, par des artisans et des couteaux exp\u00e9riment\u00e9s.<\/strong><\/p>\n","protected":false},"featured_media":352544,"comment_status":"open","ping_status":"closed","template":"","meta":[],"pwb-brand":[3909],"product_brand":[],"product_cat":[3697,3696],"product_tag":[3754],"class_list":{"0":"post-352564","1":"product","2":"type-product","3":"status-publish","4":"has-post-thumbnail","6":"pwb-brand-elle-a-du","7":"product_cat-couteaux-solides","8":"product_cat-des-couteaux","9":"product_tag-b2b-fr","11":"first","12":"instock","13":"taxable","14":"shipping-taxable","15":"purchasable","16":"product-type-simple"},"brands":[{"id":3909,"name":"Elle a d\u00fb","slug":"elle-a-du"}],"_links":{"self":[{"href":"https:\/\/www.moskito.cz\/fr\/wp-json\/wp\/v2\/product\/352564","targetHints":{"allow":["GET"]}}],"collection":[{"href":"https:\/\/www.moskito.cz\/fr\/wp-json\/wp\/v2\/product"}],"about":[{"href":"https:\/\/www.moskito.cz\/fr\/wp-json\/wp\/v2\/types\/product"}],"replies":[{"embeddable":true,"href":"https:\/\/www.moskito.cz\/fr\/wp-json\/wp\/v2\/comments?post=352564"}],"wp:featuredmedia":[{"embeddable":true,"href":"https:\/\/www.moskito.cz\/fr\/wp-json\/wp\/v2\/media\/352544"}],"wp:attachment":[{"href":"https:\/\/www.moskito.cz\/fr\/wp-json\/wp\/v2\/media?parent=352564"}],"wp:term":[{"taxonomy":"pwb-brand","embeddable":true,"href":"https:\/\/www.moskito.cz\/fr\/wp-json\/wp\/v2\/pwb-brand?post=352564"},{"taxonomy":"product_brand","embeddable":true,"href":"https:\/\/www.moskito.cz\/fr\/wp-json\/wp\/v2\/product_brand?post=352564"},{"taxonomy":"product_cat","embeddable":true,"href":"https:\/\/www.moskito.cz\/fr\/wp-json\/wp\/v2\/product_cat?post=352564"},{"taxonomy":"product_tag","embeddable":true,"href":"https:\/\/www.moskito.cz\/fr\/wp-json\/wp\/v2\/product_tag?post=352564"}],"curies":[{"name":"wp","href":"https:\/\/api.w.org\/{rel}","templated":true}]}}