{"id":352642,"date":"2024-07-15T13:20:39","date_gmt":"2024-07-15T12:27:05","guid":{"rendered":"https:\/\/www.moskito.cz\/produkt\/couteau-fixe-muela-bear-24r\/"},"modified":"2025-05-07T11:21:32","modified_gmt":"2025-05-07T10:21:32","slug":"couteau-fixe-muela-bear-24r","status":"publish","type":"product","link":"https:\/\/www.moskito.cz\/fr\/produkt\/couteau-fixe-muela-bear-24r\/","title":{"rendered":"Couteau Fixe Muela BEAR-24R"},"content":{"rendered":"<p>Couteau fixe <strong>Muela<\/strong> BEAR-24R.<\/p>\n<p>La soci\u00e9t\u00e9 <strong>MUELA<\/strong> est reconnue dans le monde entier pour la production de couteaux, couteaux de poche et rasoirs exclusifs depuis 1950 en Espagne et est une r\u00e9f\u00e9rence dans le domaine des couteaux car ses produits sont soigneusement fabriqu\u00e9s \u00e0 partir de mat\u00e9riaux sp\u00e9cialement s\u00e9lectionn\u00e9s.<\/p>\n<p>Chaque pi\u00e8ce est finie par des tailleurs qualifi\u00e9s qui effectuent les finitions de mani\u00e8re artisanale et m\u00e9ticuleuse, y compris l&rsquo;aff\u00fbtage, le polissage et un contr\u00f4le qualit\u00e9 strict.<\/p>\n<p>Le couteau de sport Muela BEAR-24R poss\u00e8de une lame en ACIER INOXYDABLE au format Spearhead, Dagger d&rsquo;une duret\u00e9 de 57-58 HRC.<\/p>\n<p>La poign\u00e9e est en BOIS de corail naturel et est livr\u00e9e avec un \u00e9tui en cuir avec une fermeture en forme de ceinture, avec une boucle.<\/p>\n<p>Il est consid\u00e9r\u00e9 comme un couteau de tr\u00e8s haute qualit\u00e9 et EXTR\u00caMEMENT COURANT et garantit une grande exp\u00e9rience aux utilisateurs \u00e0 la recherche de couverts de niveau professionnel.<\/p>\n<p>Vous pouvez trouver ces mod\u00e8les et d&rsquo;autres mod\u00e8les de couteaux Muela au meilleur rapport qualit\u00e9-prix du march\u00e9 ici, chez AR15 SPORT !<\/p>\n<p>SP\u00c9CIFICATIONS TECHNIQUES:<\/p>\n<p>Marque : Muela<br \/>\nMod\u00e8le: Ours-24R<br \/>\nMat\u00e9riau de la lame : Acier inoxydable<br \/>\nMat\u00e9riau du manche : Bois de corail naturel<br \/>\nDuret\u00e9 de la lame&nbsp;: 57-58 HRC<br \/>\nForme de la lame : fer de lance, poignard<br \/>\n\u00c9tui en cuir avec fermeture \u00e0 boucle<br \/>\nCouteau de sport extr\u00eamement tranchant<br \/>\nLongueur de la lame : 24,2 cm<br \/>\nLongueur totale : 38 cm<br \/>\nPoids total : 347 grammes<\/p>\n<p>&nbsp;<\/p>\n","protected":false},"excerpt":{"rendered":"<p><strong>MUELA est reconnue dans le monde entier pour la production de couteaux, couteaux de poche et rasoirs exclusifs depuis 1950 en Espagne et est une r\u00e9f\u00e9rence dans le domaine des couteaux car ses produits sont soigneusement fabriqu\u00e9s \u00e0 partir de mat\u00e9riaux sp\u00e9cialement s\u00e9lectionn\u00e9s.<\/strong><\/p>\n","protected":false},"featured_media":352610,"comment_status":"open","ping_status":"closed","template":"","meta":[],"pwb-brand":[3909],"product_brand":[],"product_cat":[3697,3696],"product_tag":[],"class_list":{"0":"post-352642","1":"product","2":"type-product","3":"status-publish","4":"has-post-thumbnail","6":"pwb-brand-elle-a-du","7":"product_cat-couteaux-solides","8":"product_cat-des-couteaux","10":"first","11":"instock","12":"taxable","13":"shipping-taxable","14":"purchasable","15":"product-type-simple"},"brands":[{"id":3909,"name":"Elle a d\u00fb","slug":"elle-a-du"}],"_links":{"self":[{"href":"https:\/\/www.moskito.cz\/fr\/wp-json\/wp\/v2\/product\/352642","targetHints":{"allow":["GET"]}}],"collection":[{"href":"https:\/\/www.moskito.cz\/fr\/wp-json\/wp\/v2\/product"}],"about":[{"href":"https:\/\/www.moskito.cz\/fr\/wp-json\/wp\/v2\/types\/product"}],"replies":[{"embeddable":true,"href":"https:\/\/www.moskito.cz\/fr\/wp-json\/wp\/v2\/comments?post=352642"}],"wp:featuredmedia":[{"embeddable":true,"href":"https:\/\/www.moskito.cz\/fr\/wp-json\/wp\/v2\/media\/352610"}],"wp:attachment":[{"href":"https:\/\/www.moskito.cz\/fr\/wp-json\/wp\/v2\/media?parent=352642"}],"wp:term":[{"taxonomy":"pwb-brand","embeddable":true,"href":"https:\/\/www.moskito.cz\/fr\/wp-json\/wp\/v2\/pwb-brand?post=352642"},{"taxonomy":"product_brand","embeddable":true,"href":"https:\/\/www.moskito.cz\/fr\/wp-json\/wp\/v2\/product_brand?post=352642"},{"taxonomy":"product_cat","embeddable":true,"href":"https:\/\/www.moskito.cz\/fr\/wp-json\/wp\/v2\/product_cat?post=352642"},{"taxonomy":"product_tag","embeddable":true,"href":"https:\/\/www.moskito.cz\/fr\/wp-json\/wp\/v2\/product_tag?post=352642"}],"curies":[{"name":"wp","href":"https:\/\/api.w.org\/{rel}","templated":true}]}}