{"id":352733,"date":"2024-07-16T09:48:57","date_gmt":"2024-07-16T08:50:41","guid":{"rendered":"https:\/\/www.moskito.cz\/produkt\/couteau-fixe-muela-scorpion-26w\/"},"modified":"2025-05-07T11:21:35","modified_gmt":"2025-05-07T10:21:35","slug":"couteau-fixe-muela-scorpion-26w","status":"publish","type":"product","link":"https:\/\/www.moskito.cz\/fr\/produkt\/couteau-fixe-muela-scorpion-26w\/","title":{"rendered":"Couteau Fixe Muela SCORPION-26W"},"content":{"rendered":"<p>Couteau fixe <strong>Muela<\/strong> SCORPION-26W.<\/p>\n<p><strong>Couteau de sport Muela Scorpion-26W<\/strong><\/p>\n<p>Le couteau de sport Muela Scorpion-26W est recommand\u00e9 \u00e0 ceux d&rsquo;entre vous qui recherchent un bon couteau pour vos activit\u00e9s de chasse, avec un double tranchant. Avec manche en caoutchouc haute densit\u00e9 de 115 mm (4 1\/2&Prime;), avec lame en acier \u00e0 haute teneur en carbone 420H de 260 mm (10 1\/4&Prime;), bonne r\u00e9sistance \u00e0 l&rsquo;usure et facile \u00e0 aff\u00fbter.<\/p>\n<p>Le couteau de sport Muela Scorpion-26W est un couteau de la s\u00e9rie Daggers and Daggers, con\u00e7u et fabriqu\u00e9 sp\u00e9cialement pour les amateurs de couverts avec d&rsquo;excellents mat\u00e9riaux tels que le caoutchouc haute densit\u00e9 utilis\u00e9 dans le manche.<\/p>\n<p>Sa lame est en acier 420H, acier 420 \u00e0 haute teneur en carbone, bonne r\u00e9sistance \u00e0 l&rsquo;usure et aff\u00fbtage facile, bon choix pour diverses utilisations.<\/p>\n<p>Muela produit des couteaux, couteaux de poche et rasoirs exclusifs depuis 1950 en Espagne et est une r\u00e9f\u00e9rence en mati\u00e8re de coutellerie dans le monde entier. Gr\u00e2ce \u00e0 des mat\u00e9riaux sp\u00e9cialement s\u00e9lectionn\u00e9s tels que l&rsquo;acier martensitique utilis\u00e9 dans les lames et les bois de cerf utilis\u00e9s dans certains mod\u00e8les, ils sont fa\u00e7onn\u00e9s et finis avec un excellent travail qui allie des machines modernes \u00e0 une m\u00e9thode artisanale. Tous les produits passent par des coupeurs exp\u00e9riment\u00e9s, qui fabriquent et ajustent avec pr\u00e9cision, aff\u00fbtent, polissent et inspectent chaque pi\u00e8ce avec un contr\u00f4le de qualit\u00e9 exigeant.<\/p>\n<p>Propri\u00e9t\u00e9s techniques :<\/p>\n<p>Code : SCORPION-26W<br \/>\nMarque : Muela<br \/>\nMod\u00e8le : Dagues et Poignards &#8211; Scorpion-26w<br \/>\nMat\u00e9riau du c\u00e2ble&nbsp;: Caoutchouc<br \/>\nMat\u00e9riau de la lame : 420 H<br \/>\nLongueur de la lame : 26 cm (10 1\/4&Prime;)<br \/>\nLongueur du c\u00e2ble : 11,5 cm (4 1\/2&Prime;)<br \/>\nDuret\u00e9 de l&rsquo;acier : 56 &#8211; 58 HRC<br \/>\nPoids : 400g<\/p>\n<p>&nbsp;<\/p>\n","protected":false},"excerpt":{"rendered":"<p><strong>Le couteau de sport Muela Scorpion-26W est recommand\u00e9 \u00e0 ceux d&rsquo;entre vous qui recherchent un bon couteau pour vos activit\u00e9s de chasse, avec un double tranchant.<\/strong><\/p>\n","protected":false},"featured_media":352709,"comment_status":"open","ping_status":"closed","template":"","meta":[],"pwb-brand":[3909],"product_brand":[],"product_cat":[3697,3696],"product_tag":[3754],"class_list":{"0":"post-352733","1":"product","2":"type-product","3":"status-publish","4":"has-post-thumbnail","6":"pwb-brand-elle-a-du","7":"product_cat-couteaux-solides","8":"product_cat-des-couteaux","9":"product_tag-b2b-fr","11":"first","12":"outofstock","13":"taxable","14":"shipping-taxable","15":"purchasable","16":"product-type-simple"},"brands":[{"id":3909,"name":"Elle a d\u00fb","slug":"elle-a-du"}],"_links":{"self":[{"href":"https:\/\/www.moskito.cz\/fr\/wp-json\/wp\/v2\/product\/352733","targetHints":{"allow":["GET"]}}],"collection":[{"href":"https:\/\/www.moskito.cz\/fr\/wp-json\/wp\/v2\/product"}],"about":[{"href":"https:\/\/www.moskito.cz\/fr\/wp-json\/wp\/v2\/types\/product"}],"replies":[{"embeddable":true,"href":"https:\/\/www.moskito.cz\/fr\/wp-json\/wp\/v2\/comments?post=352733"}],"wp:featuredmedia":[{"embeddable":true,"href":"https:\/\/www.moskito.cz\/fr\/wp-json\/wp\/v2\/media\/352709"}],"wp:attachment":[{"href":"https:\/\/www.moskito.cz\/fr\/wp-json\/wp\/v2\/media?parent=352733"}],"wp:term":[{"taxonomy":"pwb-brand","embeddable":true,"href":"https:\/\/www.moskito.cz\/fr\/wp-json\/wp\/v2\/pwb-brand?post=352733"},{"taxonomy":"product_brand","embeddable":true,"href":"https:\/\/www.moskito.cz\/fr\/wp-json\/wp\/v2\/product_brand?post=352733"},{"taxonomy":"product_cat","embeddable":true,"href":"https:\/\/www.moskito.cz\/fr\/wp-json\/wp\/v2\/product_cat?post=352733"},{"taxonomy":"product_tag","embeddable":true,"href":"https:\/\/www.moskito.cz\/fr\/wp-json\/wp\/v2\/product_tag?post=352733"}],"curies":[{"name":"wp","href":"https:\/\/api.w.org\/{rel}","templated":true}]}}