{"id":352767,"date":"2024-07-16T10:06:47","date_gmt":"2024-07-16T09:07:45","guid":{"rendered":"https:\/\/www.moskito.cz\/produkt\/couteau-fixe-muela-ibex-8m\/"},"modified":"2025-05-07T11:21:37","modified_gmt":"2025-05-07T10:21:37","slug":"couteau-fixe-muela-ibex-8m","status":"publish","type":"product","link":"https:\/\/www.moskito.cz\/fr\/produkt\/couteau-fixe-muela-ibex-8m\/","title":{"rendered":"Couteau Fixe Muela IBEX-8M"},"content":{"rendered":"<p>Couteau fixe <strong>Muela<\/strong> IBEX-8M.<\/p>\n<p>Couteau compact fait main <strong>IBEX-8M<\/strong> de la manufacture espagnole Muela. L&rsquo;objectif \u00e9tait de cr\u00e9er un couteau pratique mais fiable et l\u00e9ger pour toute utilisation en ext\u00e9rieur. Polyvalent, parfaitement \u00e9quilibr\u00e9 avec un design int\u00e9gral avec une lame en acier X50CrMoV15, il offre d&rsquo;\u00e9normes performances de coupe. Destin\u00e9 aux amateurs de bushcraft, de survie et de chasse.<\/p>\n<p>X50CrMoV15 (1.4116) &#8211; acier inoxydable martensitique \u00e0 haute teneur en carbone au molybd\u00e8ne-vanadium, tr\u00e8s r\u00e9sistant \u00e0 la corrosion et \u00e0 l&rsquo;usure. Il est utilis\u00e9 dans la fabrication de couteaux, de couverts de pointe et d\u2019instruments chirurgicaux. Il se caract\u00e9rise par une duret\u00e9 relativement \u00e9lev\u00e9e pour les aciers inoxydables de 56-58 HRC. La composition chimique de l&rsquo;acier a \u00e9t\u00e9 enrichie par dopage de 15,0% de chrome, 0,80% de molybd\u00e8ne, 0,20% de vanadium.<\/p>\n<p>Lame &#8211; forme Drop Point extr\u00eamement tranchante, id\u00e9ale pour tous types de travaux de chasse. Lame lisse et satin\u00e9e avec meulage creux pour un poids r\u00e9duit et d&rsquo;excellentes performances de coupe. Une grande projection de doigt facilite le guidage du couteau pour un travail pr\u00e9cis. Pour une meilleure adh\u00e9rence, le bout des doigts et une partie du dos de la lame ont \u00e9t\u00e9 \u00e9largis.<\/p>\n<p>Poign\u00e9e &#8211; en micarta gris-noir (toile press\u00e9e sous pression avec r\u00e9sine synth\u00e9tique). Les bords biseaut\u00e9s sur les couvertures \u00e9liminent les bords tranchants pour une prise en main confortable. Les couvercles ont \u00e9t\u00e9 boulonn\u00e9s directement sur le joug, ce qui rend la structure globale tr\u00e8s rigide et durable.<\/p>\n<p>Fourreau &#8211; cousu \u00e0 la main, en cuir de vachette noir de haute qualit\u00e9 avec le logo du fabricant en relief. Les bords du bo\u00eetier sont cousus avec du fil d\u00e9coratif. Fermeture \u00e0 pression type Prym. L&rsquo;attache ceinture permet de porter le couteau en position verticale.<\/p>\n<p>Le Groupe Muela est aujourd&rsquo;hui l&rsquo;une des entreprises leaders dans le domaine des couteaux de chasse artisanaux en Espagne et dans le monde, et ses couteaux et couteaux de poche sont tr\u00e8s appr\u00e9ci\u00e9s pour leur qualit\u00e9 sup\u00e9rieure de fabrication.<br \/>\nDonn\u00e9es techniques:<\/p>\n<p>Num\u00e9ro de produit: IBEX-8M<br \/>\nNom du produit&nbsp;: Micarta noir pleine soie<\/p>\n<p>Longueur totale : 16,5 cm \/ 6,5&Prime;<br \/>\nLongueur de la lame : 7,5 cm \/ 2,95&Prime;<br \/>\nLongueur du manche : 9 cm \/ 3,46&Prime;<br \/>\n\u00c9paisseur de la lame : 0,36 cm \/ 0,14&Prime;<br \/>\n\u00c9paisseur du manche : na<br \/>\nPoids&nbsp;: 129,0 g \/ 4,55 oz<\/p>\n<p>Mat\u00e9riau de la lame&nbsp;: X50CrMoV15<br \/>\nDuret\u00e9 de la lame&nbsp;: n.d<br \/>\nMeulage de la lame&nbsp;: creux<br \/>\nTraitement de surface de la lame : satin\u00e9<\/p>\n<p>Mat\u00e9riau du manche : Micarta<br \/>\nCouleur finition poign\u00e9e : noir \/ gris<\/p>\n<p>Fourreau (\u00e9tui)&nbsp;:&nbsp;Cuir<br \/>\nAutres accessoires : sd<\/p>\n<p>Cr\u00e9ateur : Muela<br \/>\nNom de la marque: Muela<br \/>\nFabricant: Manufacturas Muela, SA<br \/>\nPays d&rsquo;origine : Espagne<\/p>\n<p>&nbsp;<\/p>\n","protected":false},"excerpt":{"rendered":"<p><strong>Couteau compact fait main IBEX-8M de la manufacture espagnole Muela. L&rsquo;objectif \u00e9tait de cr\u00e9er un couteau pratique mais fiable et l\u00e9ger pour toute utilisation en ext\u00e9rieur. Polyvalent, parfaitement \u00e9quilibr\u00e9 avec un design int\u00e9gral avec une lame en acier X50CrMoV15, il offre d&rsquo;\u00e9normes performances de coupe. Destin\u00e9 aux amateurs de bushcraft, de survie et de chasse.<\/strong><\/p>\n","protected":false},"featured_media":352741,"comment_status":"open","ping_status":"closed","template":"","meta":[],"pwb-brand":[3909],"product_brand":[],"product_cat":[3697,3696],"product_tag":[3754],"class_list":{"0":"post-352767","1":"product","2":"type-product","3":"status-publish","4":"has-post-thumbnail","6":"pwb-brand-elle-a-du","7":"product_cat-couteaux-solides","8":"product_cat-des-couteaux","9":"product_tag-b2b-fr","11":"first","12":"instock","13":"taxable","14":"shipping-taxable","15":"purchasable","16":"product-type-simple"},"brands":[{"id":3909,"name":"Elle a d\u00fb","slug":"elle-a-du"}],"_links":{"self":[{"href":"https:\/\/www.moskito.cz\/fr\/wp-json\/wp\/v2\/product\/352767","targetHints":{"allow":["GET"]}}],"collection":[{"href":"https:\/\/www.moskito.cz\/fr\/wp-json\/wp\/v2\/product"}],"about":[{"href":"https:\/\/www.moskito.cz\/fr\/wp-json\/wp\/v2\/types\/product"}],"replies":[{"embeddable":true,"href":"https:\/\/www.moskito.cz\/fr\/wp-json\/wp\/v2\/comments?post=352767"}],"wp:featuredmedia":[{"embeddable":true,"href":"https:\/\/www.moskito.cz\/fr\/wp-json\/wp\/v2\/media\/352741"}],"wp:attachment":[{"href":"https:\/\/www.moskito.cz\/fr\/wp-json\/wp\/v2\/media?parent=352767"}],"wp:term":[{"taxonomy":"pwb-brand","embeddable":true,"href":"https:\/\/www.moskito.cz\/fr\/wp-json\/wp\/v2\/pwb-brand?post=352767"},{"taxonomy":"product_brand","embeddable":true,"href":"https:\/\/www.moskito.cz\/fr\/wp-json\/wp\/v2\/product_brand?post=352767"},{"taxonomy":"product_cat","embeddable":true,"href":"https:\/\/www.moskito.cz\/fr\/wp-json\/wp\/v2\/product_cat?post=352767"},{"taxonomy":"product_tag","embeddable":true,"href":"https:\/\/www.moskito.cz\/fr\/wp-json\/wp\/v2\/product_tag?post=352767"}],"curies":[{"name":"wp","href":"https:\/\/api.w.org\/{rel}","templated":true}]}}