{"id":352789,"date":"2024-07-16T11:41:02","date_gmt":"2024-07-16T10:41:50","guid":{"rendered":"https:\/\/www.moskito.cz\/produkt\/couteau-solide-muela-bison-9nl\/"},"modified":"2025-05-07T11:21:38","modified_gmt":"2025-05-07T10:21:38","slug":"couteau-solide-muela-bison-9nl","status":"publish","type":"product","link":"https:\/\/www.moskito.cz\/fr\/produkt\/couteau-solide-muela-bison-9nl\/","title":{"rendered":"Couteau Solide Muela BISON-9NL"},"content":{"rendered":"<p>Couteau solide <strong>Muela<\/strong> BISON-9NL.<\/p>\n<p><strong>Le BISON-9NL<\/strong> est un couteau de lancer de chasse compact et astucieusement con\u00e7u avec une lame fixe et un design pleine soie. Parfaitement \u00e9quilibr\u00e9, con\u00e7u pour les chasseurs, il fonctionne comme un couteau universel. Fabriqu\u00e9 en acier molybd\u00e8ne vanadium MoVa.<\/p>\n<p>1.4116 (X50CrMoV15) &#8211; acier au molybd\u00e8ne vanadium utilis\u00e9 pour les couteaux, couverts et instruments chirurgicaux haut de gamme. Il se caract\u00e9rise par une duret\u00e9 relativement \u00e9lev\u00e9e comme les aciers inoxydables. R\u00e9sistant \u00e0 la corrosion dans les conditions de cuisine. C&rsquo;est une alternative recommand\u00e9e au mat\u00e9riau 1.4034 \/ X46Cr13 \/ 4H13. La composition chimique est enrichie de chrome, de molybd\u00e8ne et de vanadium.<\/p>\n<p>Lame &#8211; Type Clip Point, \u00e9paisseur 3,6 mm avec de bonnes propri\u00e9t\u00e9s m\u00e9caniques et un tranchant longue dur\u00e9e. La lame Plaine a \u00e9t\u00e9 r\u00e9alis\u00e9e avec une coupe concave (coupe creuse). La finition satin\u00e9e (semi-mate) \u00e9limine l&rsquo;\u00e9blouissement. Une rampe de pouce dentel\u00e9e (\u00e0 l&rsquo;arri\u00e8re de la lame) et un \u00e9tranglement de doigt, une contre-d\u00e9pouille profil\u00e9e \u00e0 l&rsquo;index entre le manche et la lame augmentent la maniabilit\u00e9 du couteau.<\/p>\n<p>Poign\u00e9e &#8211; ergonomique, profil\u00e9e sous la paume pour une prise parfaite lors du travail. Les doublures de couleur marron sont en bois de rose dur exotique. Les rivets de fixation du couvercle sont en acier. \u00c0 l\u2019arri\u00e8re de la poign\u00e9e \u00e9tait plac\u00e9e une lani\u00e8re de cuir entrelac\u00e9e espac\u00e9e.<\/p>\n<p>\u00c9tui &#8211; \u00e9tendu, prot\u00e8ge la t\u00eate avec une partie du manche. Fabriqu\u00e9 en cuir marron avec logo de l&rsquo;entreprise en relief, fermeture \u00e0 pression. Le fourreau \u00e9tait cousu sur les bords avec du fil d\u00e9coratif. La fixation par ceinture ou par engrenage permet de transporter le couteau en position verticale.<\/p>\n<p>Sp\u00e9cifications techniques:<br \/>\nNum\u00e9ro de produit: BISON-9NL<\/p>\n<p>Longueur de la lame : 9 cm \/ 3,54&Prime;<br \/>\n\u00c9paisseur de la lame : 0,36 cm \/ 0,14&Prime;<br \/>\nLongueur totale : 18 cm \/ 7,08&Prime;<br \/>\nPoids&nbsp;: 108 g \/ 3,81 oz<\/p>\n<p>Mat\u00e9riau de la lame&nbsp;: X50CrMoV15<br \/>\nDuret\u00e9 de la lame&nbsp;: 56-58 HRc<br \/>\nMeulage de la lame&nbsp;: creux<br \/>\nTraitement de surface de la lame : satin\u00e9<\/p>\n<p>Mat\u00e9riau du manche : Palissandre (Kingwood)<br \/>\nCouleur finition poign\u00e9e : marron<\/p>\n<p>Fourreau (\u00e9tui)&nbsp;:&nbsp;Cuir<br \/>\nAutres accessoires : Aucun<\/p>\n<p>Cr\u00e9ateur : Muela<br \/>\nNom de la marque: Muela<br \/>\nFabricant: Manufacturas Muela, SA<br \/>\nPays d&rsquo;origine : Espagne<\/p>\n<p>&nbsp;<\/p>\n<p>&nbsp;<\/p>\n","protected":false},"excerpt":{"rendered":"<p><strong>Le BISON-9NL est un couteau de lancer de chasse compact et astucieusement con\u00e7u avec une lame fixe et un design pleine soie. Parfaitement \u00e9quilibr\u00e9, con\u00e7u pour les chasseurs, il fonctionne comme un couteau universel.<\/strong><\/p>\n","protected":false},"featured_media":352773,"comment_status":"open","ping_status":"closed","template":"","meta":[],"pwb-brand":[3909],"product_brand":[],"product_cat":[3697,3696],"product_tag":[3754],"class_list":{"0":"post-352789","1":"product","2":"type-product","3":"status-publish","4":"has-post-thumbnail","6":"pwb-brand-elle-a-du","7":"product_cat-couteaux-solides","8":"product_cat-des-couteaux","9":"product_tag-b2b-fr","11":"first","12":"instock","13":"taxable","14":"shipping-taxable","15":"purchasable","16":"product-type-simple"},"brands":[{"id":3909,"name":"Elle a d\u00fb","slug":"elle-a-du"}],"_links":{"self":[{"href":"https:\/\/www.moskito.cz\/fr\/wp-json\/wp\/v2\/product\/352789","targetHints":{"allow":["GET"]}}],"collection":[{"href":"https:\/\/www.moskito.cz\/fr\/wp-json\/wp\/v2\/product"}],"about":[{"href":"https:\/\/www.moskito.cz\/fr\/wp-json\/wp\/v2\/types\/product"}],"replies":[{"embeddable":true,"href":"https:\/\/www.moskito.cz\/fr\/wp-json\/wp\/v2\/comments?post=352789"}],"wp:featuredmedia":[{"embeddable":true,"href":"https:\/\/www.moskito.cz\/fr\/wp-json\/wp\/v2\/media\/352773"}],"wp:attachment":[{"href":"https:\/\/www.moskito.cz\/fr\/wp-json\/wp\/v2\/media?parent=352789"}],"wp:term":[{"taxonomy":"pwb-brand","embeddable":true,"href":"https:\/\/www.moskito.cz\/fr\/wp-json\/wp\/v2\/pwb-brand?post=352789"},{"taxonomy":"product_brand","embeddable":true,"href":"https:\/\/www.moskito.cz\/fr\/wp-json\/wp\/v2\/product_brand?post=352789"},{"taxonomy":"product_cat","embeddable":true,"href":"https:\/\/www.moskito.cz\/fr\/wp-json\/wp\/v2\/product_cat?post=352789"},{"taxonomy":"product_tag","embeddable":true,"href":"https:\/\/www.moskito.cz\/fr\/wp-json\/wp\/v2\/product_tag?post=352789"}],"curies":[{"name":"wp","href":"https:\/\/api.w.org\/{rel}","templated":true}]}}