{"id":352845,"date":"2024-07-16T12:27:27","date_gmt":"2024-07-16T11:32:17","guid":{"rendered":"https:\/\/www.moskito.cz\/produkt\/couteau-fixe-muela-bwe-8-o\/"},"modified":"2025-05-07T11:21:39","modified_gmt":"2025-05-07T10:21:39","slug":"couteau-fixe-muela-bwe-8-o","status":"publish","type":"product","link":"https:\/\/www.moskito.cz\/fr\/produkt\/couteau-fixe-muela-bwe-8-o\/","title":{"rendered":"Couteau Fixe Muela BWE-8.O"},"content":{"rendered":"<p>Couteau Fixe <strong>Muela<\/strong> BWE-8.O<\/p>\n<p><strong>Muela BWE-8.O<\/strong> Orange Micarta, Satin, Couteau utilitaire droit et compact. Lame en acier inoxydable X50CrMoV15 avec finition satin\u00e9e. Poign\u00e9e confortable en micarta de jute. Une excellente aide pour la chasse, les activit\u00e9s de plein air ou la survie.<\/p>\n<p>1.4116 (X50CrMoV15) &#8211; acier inoxydable martensitique \u00e0 haute teneur en carbone au molybd\u00e8ne-vanadium, tr\u00e8s r\u00e9sistant \u00e0 la corrosion et \u00e0 l&rsquo;usure. Il est utilis\u00e9 dans la fabrication de couteaux, de couverts de pointe et d\u2019instruments chirurgicaux. Il se caract\u00e9rise par une duret\u00e9 relativement \u00e9lev\u00e9e pour les aciers inoxydables de 57-58 HRC. La composition chimique de l&rsquo;acier est enrichie d&rsquo;un m\u00e9lange de 15,0 % de chrome, 0,80 % de molybd\u00e8ne et 0,20 % de vanadium.<\/p>\n<p>Lame &#8211; Type Clip Point avec un ventre de lame clairement marqu\u00e9. La lame simple est issue d&rsquo;un meulage plat qui offre d&rsquo;excellentes propri\u00e9t\u00e9s de coupe combin\u00e9es \u00e0 une excellente durabilit\u00e9.<\/p>\n<p>Poign\u00e9e &#8211; profil\u00e9e, recouverte de poign\u00e9es en micarta imperm\u00e9ables et polies. Il offre une prise en main confortable et s\u00fbre. Les rivets fixant les couvre-poign\u00e9es sont en laiton \u00e0 haute teneur en nickel. A l&rsquo;arri\u00e8re du manche, il est s\u00e9curis\u00e9 par un trou pour la corde.<\/p>\n<p>Fourreau en cuir de vachette naturel bien tann\u00e9 de couleur noire. Logo du fabricant en relief sur la surface. Le fourreau est cousu sur les bords avec du fil d\u00e9coratif. Le monter \u00e0 votre ceinture ou sur votre \u00e9quipement vous permet de porter le couteau en position verticale.<\/p>\n<p>Donn\u00e9es techniques:<br \/>\nNum\u00e9ro de produit : BWE-8.O<br \/>\nNom du produit : Muela BWE-8.O Micarta orange, satin\u00e9<\/p>\n<p>Longueur totale : 16,3 cm \/ 6,42&Prime;<br \/>\nLongueur de la lame : 8 cm \/ 3,15&Prime;<br \/>\n\u00c9paisseur de la lame&nbsp;: n.d<br \/>\nPoids&nbsp;: 74,0 g \/ 2,61 oz<\/p>\n<p>Mat\u00e9riau de la lame&nbsp;: X50CrMoV15<br \/>\nDuret\u00e9 de la lame&nbsp;: n.d<br \/>\nMeulage de la lame&nbsp;:&nbsp;Plat<br \/>\nTraitement de surface de la lame : satin\u00e9<\/p>\n<p>Mat\u00e9riau du manche : Micarta<br \/>\nCouleur finition poign\u00e9e : orange<\/p>\n<p>Fourreau (\u00e9tui)&nbsp;:&nbsp;Cuir<br \/>\nAutres accessoires : Aucun<\/p>\n<p>Cr\u00e9ateur : Muela<br \/>\nNom de la marque: Muela<br \/>\nFabricant: Manufacturas Muela, SA<br \/>\nPays d&rsquo;origine : Espagne<\/p>\n<p>&nbsp;<\/p>\n","protected":false},"excerpt":{"rendered":"<p><strong>Muela BWE-8.O Orange Micarta, Satin, Couteau utilitaire droit et compact. Lame en acier inoxydable X50CrMoV15 avec finition satin\u00e9e. Poign\u00e9e confortable en micarta de jute. Une excellente aide pour la chasse, les activit\u00e9s de plein air ou la survie.<\/strong><\/p>\n","protected":false},"featured_media":352798,"comment_status":"open","ping_status":"closed","template":"","meta":[],"pwb-brand":[3909],"product_brand":[],"product_cat":[3697,3696],"product_tag":[3754],"class_list":{"0":"post-352845","1":"product","2":"type-product","3":"status-publish","4":"has-post-thumbnail","6":"pwb-brand-elle-a-du","7":"product_cat-couteaux-solides","8":"product_cat-des-couteaux","9":"product_tag-b2b-fr","11":"first","12":"instock","13":"taxable","14":"shipping-taxable","15":"purchasable","16":"product-type-simple"},"brands":[{"id":3909,"name":"Elle a d\u00fb","slug":"elle-a-du"}],"_links":{"self":[{"href":"https:\/\/www.moskito.cz\/fr\/wp-json\/wp\/v2\/product\/352845","targetHints":{"allow":["GET"]}}],"collection":[{"href":"https:\/\/www.moskito.cz\/fr\/wp-json\/wp\/v2\/product"}],"about":[{"href":"https:\/\/www.moskito.cz\/fr\/wp-json\/wp\/v2\/types\/product"}],"replies":[{"embeddable":true,"href":"https:\/\/www.moskito.cz\/fr\/wp-json\/wp\/v2\/comments?post=352845"}],"wp:featuredmedia":[{"embeddable":true,"href":"https:\/\/www.moskito.cz\/fr\/wp-json\/wp\/v2\/media\/352798"}],"wp:attachment":[{"href":"https:\/\/www.moskito.cz\/fr\/wp-json\/wp\/v2\/media?parent=352845"}],"wp:term":[{"taxonomy":"pwb-brand","embeddable":true,"href":"https:\/\/www.moskito.cz\/fr\/wp-json\/wp\/v2\/pwb-brand?post=352845"},{"taxonomy":"product_brand","embeddable":true,"href":"https:\/\/www.moskito.cz\/fr\/wp-json\/wp\/v2\/product_brand?post=352845"},{"taxonomy":"product_cat","embeddable":true,"href":"https:\/\/www.moskito.cz\/fr\/wp-json\/wp\/v2\/product_cat?post=352845"},{"taxonomy":"product_tag","embeddable":true,"href":"https:\/\/www.moskito.cz\/fr\/wp-json\/wp\/v2\/product_tag?post=352845"}],"curies":[{"name":"wp","href":"https:\/\/api.w.org\/{rel}","templated":true}]}}