{"id":352885,"date":"2024-07-16T14:25:55","date_gmt":"2024-07-16T13:27:06","guid":{"rendered":"https:\/\/www.moskito.cz\/produkt\/couteau-fixe-muela-ibex-8-ol\/"},"modified":"2025-05-07T11:21:40","modified_gmt":"2025-05-07T10:21:40","slug":"couteau-fixe-muela-ibex-8-ol","status":"publish","type":"product","link":"https:\/\/www.moskito.cz\/fr\/produkt\/couteau-fixe-muela-ibex-8-ol\/","title":{"rendered":"Couteau Fixe Muela IBEX-8.OL"},"content":{"rendered":"<p>Couteau Fixe <strong>Muela<\/strong> IBEX-8.OL<\/p>\n<p><strong>IBEX-8.OL<\/strong> Couteau compact fait main de la manufacture espagnole Muela. L&rsquo;objectif \u00e9tait de cr\u00e9er un couteau pratique mais fiable et l\u00e9ger pour toute utilisation en ext\u00e9rieur. Polyvalent, parfaitement \u00e9quilibr\u00e9 avec un design int\u00e9gral avec une lame en acier X50CrMoV15, il offre d&rsquo;\u00e9normes performances de coupe. Destin\u00e9 aux amateurs de bushcraft, de survie et de chasse.<\/p>\n<p>X50CrMoV15 (1.4116) &#8211; acier inoxydable martensitique \u00e0 haute teneur en carbone au molybd\u00e8ne-vanadium, tr\u00e8s r\u00e9sistant \u00e0 la corrosion et \u00e0 l&rsquo;usure. Il est utilis\u00e9 dans la fabrication de couteaux, de couverts de pointe et d\u2019instruments chirurgicaux. Il se caract\u00e9rise par une duret\u00e9 relativement \u00e9lev\u00e9e pour les aciers inoxydables de 56-58 HRC. La composition chimique de l&rsquo;acier a \u00e9t\u00e9 enrichie par dopage de 15,0% de chrome, 0,80% de molybd\u00e8ne, 0,20% de vanadium.<\/p>\n<p>Lame &#8211; Type Drop Point, \u00e9paisseur 3,6 mm avec de bonnes propri\u00e9t\u00e9s m\u00e9caniques et un tranchant longue dur\u00e9e. La lame lisse (type Plain) a \u00e9t\u00e9 r\u00e9alis\u00e9e avec une \u00e9mouture concave (Hollow Grind). Finition satin\u00e9e (semi-mate) qui \u00e9limine les reflets. Un Finger Choil dentel\u00e9 et profil\u00e9 entre le manche et la lame rend le couteau plus facile \u00e0 contr\u00f4ler.<\/p>\n<p>Poign\u00e9e &#8211; recouverte de boiseries en bois d&rsquo;olivier au design unique. Profil\u00e9 sous la main pour une parfaite adh\u00e9rence lors du travail. La ceinture vert\u00e9brale augmente le confort et l&rsquo;adh\u00e9rence.<\/p>\n<p>Fourreau &#8211; cousu \u00e0 la main, en cuir de vachette marron de haute qualit\u00e9 avec le logo du fabricant en relief. Les bords du bo\u00eetier sont cousus avec du fil d\u00e9coratif. Fermeture \u00e0 pression type Prym. L&rsquo;attache ceinture permet de porter le couteau en position verticale.<\/p>\n<p>Sp\u00e9cifications techniques:<br \/>\nNum\u00e9ro de produit: IBEX-8OL<\/p>\n<p>Longueur totale : 16,5 cm \/ 6,5&Prime;<br \/>\nLongueur de la lame : 7,5 cm \/ 2,95&Prime;<br \/>\n\u00c9paisseur de la lame : 0,36 cm \/ 0,14&Prime;<br \/>\nPoids&nbsp;: 129,0 g \/ 4,55 oz<\/p>\n<p>Mat\u00e9riau de la lame&nbsp;: X50CrMoV15<br \/>\nDuret\u00e9 de la lame&nbsp;: 56-58 HRc<br \/>\nMeulage de la lame&nbsp;: creux<br \/>\nTraitement de surface de la lame : satin\u00e9<\/p>\n<p>Mat\u00e9riau du manche : Bois d&rsquo;olivier<br \/>\nCouleur finition poign\u00e9e : Beige<\/p>\n<p>Fourreau (\u00e9tui)&nbsp;:&nbsp;Cuir<br \/>\nAutres accessoires : Aucun<\/p>\n<p>Cr\u00e9ateur : Muela<br \/>\nNom de la marque: Muela<br \/>\nFabricant: Manufacturas Muela, SA<br \/>\nPays d&rsquo;origine : Espagne<\/p>\n<p>&nbsp;<\/p>\n","protected":false},"excerpt":{"rendered":"<p><strong>IBEX-8.OL Couteau compact fait main de la manufacture espagnole Muela. L&rsquo;objectif \u00e9tait de cr\u00e9er un couteau pratique mais fiable et l\u00e9ger pour toute utilisation en ext\u00e9rieur. Polyvalent, parfaitement \u00e9quilibr\u00e9 avec un design int\u00e9gral avec une lame en acier X50CrMoV15, il offre d&rsquo;\u00e9normes performances de coupe. Destin\u00e9 aux amateurs de bushcraft, de survie et de chasse.<\/strong><\/p>\n","protected":false},"featured_media":352855,"comment_status":"open","ping_status":"closed","template":"","meta":[],"pwb-brand":[3909],"product_brand":[],"product_cat":[3697,3696],"product_tag":[3754],"class_list":{"0":"post-352885","1":"product","2":"type-product","3":"status-publish","4":"has-post-thumbnail","6":"pwb-brand-elle-a-du","7":"product_cat-couteaux-solides","8":"product_cat-des-couteaux","9":"product_tag-b2b-fr","11":"first","12":"instock","13":"taxable","14":"shipping-taxable","15":"purchasable","16":"product-type-simple"},"brands":[{"id":3909,"name":"Elle a d\u00fb","slug":"elle-a-du"}],"_links":{"self":[{"href":"https:\/\/www.moskito.cz\/fr\/wp-json\/wp\/v2\/product\/352885","targetHints":{"allow":["GET"]}}],"collection":[{"href":"https:\/\/www.moskito.cz\/fr\/wp-json\/wp\/v2\/product"}],"about":[{"href":"https:\/\/www.moskito.cz\/fr\/wp-json\/wp\/v2\/types\/product"}],"replies":[{"embeddable":true,"href":"https:\/\/www.moskito.cz\/fr\/wp-json\/wp\/v2\/comments?post=352885"}],"wp:featuredmedia":[{"embeddable":true,"href":"https:\/\/www.moskito.cz\/fr\/wp-json\/wp\/v2\/media\/352855"}],"wp:attachment":[{"href":"https:\/\/www.moskito.cz\/fr\/wp-json\/wp\/v2\/media?parent=352885"}],"wp:term":[{"taxonomy":"pwb-brand","embeddable":true,"href":"https:\/\/www.moskito.cz\/fr\/wp-json\/wp\/v2\/pwb-brand?post=352885"},{"taxonomy":"product_brand","embeddable":true,"href":"https:\/\/www.moskito.cz\/fr\/wp-json\/wp\/v2\/product_brand?post=352885"},{"taxonomy":"product_cat","embeddable":true,"href":"https:\/\/www.moskito.cz\/fr\/wp-json\/wp\/v2\/product_cat?post=352885"},{"taxonomy":"product_tag","embeddable":true,"href":"https:\/\/www.moskito.cz\/fr\/wp-json\/wp\/v2\/product_tag?post=352885"}],"curies":[{"name":"wp","href":"https:\/\/api.w.org\/{rel}","templated":true}]}}