{"id":353285,"date":"2024-07-18T08:08:48","date_gmt":"2024-07-18T07:09:48","guid":{"rendered":"https:\/\/www.moskito.cz\/produkt\/couteau-fixe-muela-duque-25e\/"},"modified":"2025-05-07T11:21:50","modified_gmt":"2025-05-07T10:21:50","slug":"couteau-fixe-muela-duque-25e","status":"publish","type":"product","link":"https:\/\/www.moskito.cz\/fr\/produkt\/couteau-fixe-muela-duque-25e\/","title":{"rendered":"Couteau Fixe Muela DUQUE-25E"},"content":{"rendered":"<p>Couteau Fixe <strong>Muela<\/strong> DUQUE-25E<\/p>\n<p>Le DUQUE-25E est un couteau de finition ; Fabricant de couteaux artisanaux et de couteaux pliants Manufacturas Muela pr\u00e9sente le couteau de finition DUQUE-25E au sein de la famille des COUTEAUX DE CHASSE ET DE SPORT<\/p>\n<p>Le couteau massif Muela DUQUE-25E est un couteau de chasse, ou dit croc appropri\u00e9.<\/p>\n<p>Avec une large lame double face en forme de poignard en acier au molybd\u00e8ne vanadium, avec une protection double face en laiton pour prot\u00e9ger la main.<\/p>\n<p>Le manche est constitu\u00e9 d&rsquo;une seule pi\u00e8ce de bois de cerf, termin\u00e9 par un pied en laiton.<\/p>\n<p>Un \u00e9tui en cuir est inclus.<\/p>\n<p>&nbsp;<\/p>\n<p>Fabriqu\u00e9 \u00e0 : Ciudad Real (Espagne)<br \/>\nFabricant: Muela<br \/>\nD\u00e9signation catalogue : DUQUE-25E<br \/>\nType de lame : Enteriza<br \/>\nLongueur de la lame : 25 cm<br \/>\nLongueur du manche : 13 cm<br \/>\nLongueur totale : 38 cm<br \/>\nLargeur maximale de la lame : cm<br \/>\n\u00c9paisseur de la lame : 5 mm<br \/>\nMat\u00e9riau de la lame : acier inoxydable molybd\u00e8ne-vanadium<br \/>\nDuret\u00e9 : 56\/58 HRc<br \/>\nMat\u00e9riau du manche : corne de cerf<br \/>\nMat\u00e9riau du couvercle : laiton<br \/>\nMat\u00e9riau du bouton : laiton<br \/>\nMat\u00e9riau de la gaine&nbsp;: Cuir marron de premi\u00e8re qualit\u00e9<br \/>\nExtra : Rainure sur la lame.<\/p>\n<p>L&rsquo;\u00e9tui est pr\u00eat \u00e0 \u00eatre port\u00e9 sur une ceinture avec une fermeture \u00e0 boucle.<\/p>\n<p>&nbsp;<\/p>\n","protected":false},"excerpt":{"rendered":"<p><strong>Le DUQUE-25E est un couteau de finition ; Fabricant de couteaux artisanaux et de couteaux pliants Manufacturas Muela pr\u00e9sente le couteau de finition DUQUE-25E au sein de la famille des COUTEAUX DE CHASSE ET DE SPORT.<\/strong><\/p>\n<p><strong>Transports gratuits.<\/strong><\/p>\n","protected":false},"featured_media":353271,"comment_status":"open","ping_status":"closed","template":"","meta":[],"pwb-brand":[3909],"product_brand":[],"product_cat":[3697,3696],"product_tag":[3754],"class_list":{"0":"post-353285","1":"product","2":"type-product","3":"status-publish","4":"has-post-thumbnail","6":"pwb-brand-elle-a-du","7":"product_cat-couteaux-solides","8":"product_cat-des-couteaux","9":"product_tag-b2b-fr","11":"first","12":"instock","13":"taxable","14":"shipping-taxable","15":"purchasable","16":"product-type-simple"},"brands":[{"id":3909,"name":"Elle a d\u00fb","slug":"elle-a-du"}],"_links":{"self":[{"href":"https:\/\/www.moskito.cz\/fr\/wp-json\/wp\/v2\/product\/353285","targetHints":{"allow":["GET"]}}],"collection":[{"href":"https:\/\/www.moskito.cz\/fr\/wp-json\/wp\/v2\/product"}],"about":[{"href":"https:\/\/www.moskito.cz\/fr\/wp-json\/wp\/v2\/types\/product"}],"replies":[{"embeddable":true,"href":"https:\/\/www.moskito.cz\/fr\/wp-json\/wp\/v2\/comments?post=353285"}],"wp:featuredmedia":[{"embeddable":true,"href":"https:\/\/www.moskito.cz\/fr\/wp-json\/wp\/v2\/media\/353271"}],"wp:attachment":[{"href":"https:\/\/www.moskito.cz\/fr\/wp-json\/wp\/v2\/media?parent=353285"}],"wp:term":[{"taxonomy":"pwb-brand","embeddable":true,"href":"https:\/\/www.moskito.cz\/fr\/wp-json\/wp\/v2\/pwb-brand?post=353285"},{"taxonomy":"product_brand","embeddable":true,"href":"https:\/\/www.moskito.cz\/fr\/wp-json\/wp\/v2\/product_brand?post=353285"},{"taxonomy":"product_cat","embeddable":true,"href":"https:\/\/www.moskito.cz\/fr\/wp-json\/wp\/v2\/product_cat?post=353285"},{"taxonomy":"product_tag","embeddable":true,"href":"https:\/\/www.moskito.cz\/fr\/wp-json\/wp\/v2\/product_tag?post=353285"}],"curies":[{"name":"wp","href":"https:\/\/api.w.org\/{rel}","templated":true}]}}