{"id":353327,"date":"2024-07-18T08:42:19","date_gmt":"2024-07-18T07:42:19","guid":{"rendered":"https:\/\/www.moskito.cz\/produkt\/couteau-solide-muela-lenador-25r\/"},"modified":"2025-05-07T11:21:52","modified_gmt":"2025-05-07T10:21:52","slug":"couteau-solide-muela-lenador-25r","status":"publish","type":"product","link":"https:\/\/www.moskito.cz\/fr\/produkt\/couteau-solide-muela-lenador-25r\/","title":{"rendered":"Couteau Solide Muela LE\u00d1ADOR-25R"},"content":{"rendered":"<p>Couteau solide <strong>Muela<\/strong> LE\u00d1ADOR-25R.<\/p>\n<p>Un couteau de grandes dimensions de la soci\u00e9t\u00e9 espagnole Muela, qui porte bien son nom, Le\u0148ador en traduction signifie b\u00fbcheron, et il ne fait aucun doute qu&rsquo;il n&rsquo;y a aucun probl\u00e8me \u00e0 abattre n&rsquo;importe quel arbre avec ce couteau. Il est pr\u00e9f\u00e9rable de l&rsquo;utiliser lors de randonn\u00e9es et de s\u00e9jours dans la nature, o\u00f9 il sera non seulement un outil de travail sans compromis, mais aussi un accessoire \u00e9l\u00e9gant. C&rsquo;est \u00e9galement une pi\u00e8ce merveilleuse pour le collectionneur de couteaux.<\/p>\n<p>Couteau ou machette de chasse Muela neuf, lame en acier poli miroir Mova 1.4116, dos usin\u00e9, tout d&rsquo;un seul tenant, douille en laiton avec manche en s\u00e9quoia, rivet\u00e9 avec rivets en laiton, avec \u00e9tui en cuir de haute qualit\u00e9 et coffret de pr\u00e9sentation.<\/p>\n<p>Couteau pleine lame Muela en acier inoxydable molybd\u00e8ne-vanadium avec surface polie miroir.<\/p>\n<p>Poign\u00e9e avec couvercle en laiton.<\/p>\n<p>Manche en bois Palorrojo avec rivets en laiton.<\/p>\n<p>Trou pour corde de s\u00e9curit\u00e9.<\/p>\n<p>Comprend un \u00e9tui en cuir marron de qualit\u00e9 sup\u00e9rieure + une bo\u00eete<\/p>\n<p>Longueur de la lame : 25 cm<\/p>\n<p>Longueur totale : 38,5 cm<\/p>\n<p>&nbsp;<\/p>\n<p>&nbsp;<\/p>\n<p>&nbsp;<\/p>\n","protected":false},"excerpt":{"rendered":"<p><strong>Couteau ou machette de chasse Muela neuf, lame en acier poli miroir Mova 1.4116, dos usin\u00e9, tout d&rsquo;un seul tenant, douille en laiton avec manche en s\u00e9quoia, rivet\u00e9 avec rivets en laiton, avec \u00e9tui en cuir de haute qualit\u00e9 et coffret de pr\u00e9sentation.<\/strong><\/p>\n<p><strong>Transports gratuits.<\/strong><\/p>\n","protected":false},"featured_media":353303,"comment_status":"open","ping_status":"closed","template":"","meta":[],"pwb-brand":[3909],"product_brand":[],"product_cat":[3697,3696],"product_tag":[3754],"class_list":{"0":"post-353327","1":"product","2":"type-product","3":"status-publish","4":"has-post-thumbnail","6":"pwb-brand-elle-a-du","7":"product_cat-couteaux-solides","8":"product_cat-des-couteaux","9":"product_tag-b2b-fr","11":"first","12":"instock","13":"taxable","14":"shipping-taxable","15":"purchasable","16":"product-type-simple"},"brands":[{"id":3909,"name":"Elle a d\u00fb","slug":"elle-a-du"}],"_links":{"self":[{"href":"https:\/\/www.moskito.cz\/fr\/wp-json\/wp\/v2\/product\/353327","targetHints":{"allow":["GET"]}}],"collection":[{"href":"https:\/\/www.moskito.cz\/fr\/wp-json\/wp\/v2\/product"}],"about":[{"href":"https:\/\/www.moskito.cz\/fr\/wp-json\/wp\/v2\/types\/product"}],"replies":[{"embeddable":true,"href":"https:\/\/www.moskito.cz\/fr\/wp-json\/wp\/v2\/comments?post=353327"}],"wp:featuredmedia":[{"embeddable":true,"href":"https:\/\/www.moskito.cz\/fr\/wp-json\/wp\/v2\/media\/353303"}],"wp:attachment":[{"href":"https:\/\/www.moskito.cz\/fr\/wp-json\/wp\/v2\/media?parent=353327"}],"wp:term":[{"taxonomy":"pwb-brand","embeddable":true,"href":"https:\/\/www.moskito.cz\/fr\/wp-json\/wp\/v2\/pwb-brand?post=353327"},{"taxonomy":"product_brand","embeddable":true,"href":"https:\/\/www.moskito.cz\/fr\/wp-json\/wp\/v2\/product_brand?post=353327"},{"taxonomy":"product_cat","embeddable":true,"href":"https:\/\/www.moskito.cz\/fr\/wp-json\/wp\/v2\/product_cat?post=353327"},{"taxonomy":"product_tag","embeddable":true,"href":"https:\/\/www.moskito.cz\/fr\/wp-json\/wp\/v2\/product_tag?post=353327"}],"curies":[{"name":"wp","href":"https:\/\/api.w.org\/{rel}","templated":true}]}}