{"id":353495,"date":"2024-07-18T09:40:46","date_gmt":"2024-07-18T08:42:13","guid":{"rendered":"https:\/\/www.moskito.cz\/produkt\/couteau-solide-muela-sarrio-19a\/"},"modified":"2025-05-07T11:21:56","modified_gmt":"2025-05-07T10:21:56","slug":"couteau-solide-muela-sarrio-19a","status":"publish","type":"product","link":"https:\/\/www.moskito.cz\/fr\/produkt\/couteau-solide-muela-sarrio-19a\/","title":{"rendered":"Couteau Solide Muela SARRIO-19A"},"content":{"rendered":"<p>Couteau Solide <strong>Muela<\/strong> SARRIO-19A<\/p>\n<p><strong>SARRIO-19Un<\/strong> couteau de chasse original de la soci\u00e9t\u00e9 espagnole Muela \u00e0 lame fixe. Fabriqu\u00e9 en acier au molybd\u00e8ne vanadium (MoVa). Con\u00e7u pour les amateurs de chasse, il fonctionne \u00e9galement bien lors de d\u00e9placements de survie et hors de la ville. Trait\u00e9 artificiellement, solide, r\u00e9siste au travail.<\/p>\n<p>Lame &#8211; \u00e9paisseur environ 4,5 mm avec un profil Bowie, recouverte d&rsquo;une couche antireflet Satin Finish (semi-mate), qui \u00e9limine les reflets. Fabriqu\u00e9 en acier inoxydable au molybd\u00e8ne-vanadium X50CrMoV15 tremp\u00e9 57-58 HRC. La lame a de bonnes propri\u00e9t\u00e9s m\u00e9caniques et une longue focalisation. La lame lisse (type Plain) a \u00e9t\u00e9 r\u00e9alis\u00e9e avec une \u00e9mouture enti\u00e8rement plate (Full Flat Grind), qui permet de couper avec toute la surface de coupe ainsi qu&rsquo;avec une pointe ultra fine et r\u00e9duit le poids du couteau. Le devant en laiton double face emp\u00eache la main de glisser sur la lame et offre un soutien ferme au pouce.<\/p>\n<p>Poign\u00e9e &#8211; recouverte de bois de cerf naturels (cerf), offre un look exclusif et une prise confortable et s\u00e9curis\u00e9e. L&rsquo;extr\u00e9mit\u00e9 du manche est termin\u00e9e par une t\u00eate en laiton.<\/p>\n<p>\u00c9tui &#8211; en cuir marron naturel. Fourreau avec logo du fabricant en relief. Les bords du fourreau \u00e9taient cousus avec du fil d\u00e9coratif. La fixation \u00e0 une ceinture ou un accessoire permet de porter le couteau en position verticale.<\/p>\n<p>Sp\u00e9cifications techniques:<br \/>\nNum\u00e9ro de produit: SARRIO-19A<br \/>\nType d&rsquo;acier : X50CrMoV15<br \/>\nLongueur de la lame : 19,5 cm \/ 7,68&Prime;<br \/>\n\u00c9paisseur de la lame : 0,45 cm \/ 0,16&Prime;<br \/>\nLongueur totale : 32,8 cm \/ 12,91&Prime;<br \/>\nPoids&nbsp;: 300,0 g \/ 10,58 oz<br \/>\nType de bord&nbsp;:&nbsp;Lisse<br \/>\nType de lame : Bowie<br \/>\nType de coupe&nbsp;: Plat solide<br \/>\nCoussinets de poign\u00e9e&nbsp;: cerf de cerf (bois de cerf)<br \/>\nFourreau&nbsp;: Cuir<br \/>\nFabricant : Muela, Espagne<\/p>\n<p>&nbsp;<\/p>\n","protected":false},"excerpt":{"rendered":"<p><strong>SARRIO-19Un couteau de chasse original de la soci\u00e9t\u00e9 espagnole Muela \u00e0 lame fixe. Fabriqu\u00e9 en acier au molybd\u00e8ne vanadium (MoVa). Con\u00e7u pour les amateurs de chasse, il fonctionne \u00e9galement bien lors de d\u00e9placements de survie et hors de la ville. Trait\u00e9 artificiellement, solide, r\u00e9siste au travail.<\/strong><\/p>\n<p><strong>Transports gratuits.<\/strong><\/p>\n","protected":false},"featured_media":353448,"comment_status":"open","ping_status":"closed","template":"","meta":[],"pwb-brand":[3909],"product_brand":[],"product_cat":[3697,3696],"product_tag":[3754],"class_list":{"0":"post-353495","1":"product","2":"type-product","3":"status-publish","4":"has-post-thumbnail","6":"pwb-brand-elle-a-du","7":"product_cat-couteaux-solides","8":"product_cat-des-couteaux","9":"product_tag-b2b-fr","11":"first","12":"outofstock","13":"taxable","14":"shipping-taxable","15":"purchasable","16":"product-type-simple"},"brands":[{"id":3909,"name":"Elle a d\u00fb","slug":"elle-a-du"}],"_links":{"self":[{"href":"https:\/\/www.moskito.cz\/fr\/wp-json\/wp\/v2\/product\/353495","targetHints":{"allow":["GET"]}}],"collection":[{"href":"https:\/\/www.moskito.cz\/fr\/wp-json\/wp\/v2\/product"}],"about":[{"href":"https:\/\/www.moskito.cz\/fr\/wp-json\/wp\/v2\/types\/product"}],"replies":[{"embeddable":true,"href":"https:\/\/www.moskito.cz\/fr\/wp-json\/wp\/v2\/comments?post=353495"}],"wp:featuredmedia":[{"embeddable":true,"href":"https:\/\/www.moskito.cz\/fr\/wp-json\/wp\/v2\/media\/353448"}],"wp:attachment":[{"href":"https:\/\/www.moskito.cz\/fr\/wp-json\/wp\/v2\/media?parent=353495"}],"wp:term":[{"taxonomy":"pwb-brand","embeddable":true,"href":"https:\/\/www.moskito.cz\/fr\/wp-json\/wp\/v2\/pwb-brand?post=353495"},{"taxonomy":"product_brand","embeddable":true,"href":"https:\/\/www.moskito.cz\/fr\/wp-json\/wp\/v2\/product_brand?post=353495"},{"taxonomy":"product_cat","embeddable":true,"href":"https:\/\/www.moskito.cz\/fr\/wp-json\/wp\/v2\/product_cat?post=353495"},{"taxonomy":"product_tag","embeddable":true,"href":"https:\/\/www.moskito.cz\/fr\/wp-json\/wp\/v2\/product_tag?post=353495"}],"curies":[{"name":"wp","href":"https:\/\/api.w.org\/{rel}","templated":true}]}}