{"id":353596,"date":"2024-07-18T13:53:13","date_gmt":"2024-07-18T12:56:28","guid":{"rendered":"https:\/\/www.moskito.cz\/produkt\/couteau-fixe-muela-jabali-17g\/"},"modified":"2025-05-07T11:21:59","modified_gmt":"2025-05-07T10:21:59","slug":"couteau-fixe-muela-jabali-17g","status":"publish","type":"product","link":"https:\/\/www.moskito.cz\/fr\/produkt\/couteau-fixe-muela-jabali-17g\/","title":{"rendered":"Couteau Fixe Muela JABALI-17G"},"content":{"rendered":"<p>Couteau Fixe <strong>Muela<\/strong> JABALI-17G<\/p>\n<p>Jabali Brown Micarta, couteau de chasse \u00e0 lame fixe satin\u00e9e de Muel avec profil Drop Point. Haute qualit\u00e9, d\u00e9tails soign\u00e9s, couteau pour collectionneurs, passionn\u00e9s de chasse. Manche Micarta, antid\u00e9rapant. \u00c9tui en cuir.<\/p>\n<p>1.4116, X50CrMoV15 &#8211; acier au molybd\u00e8ne vanadium utilis\u00e9 pour les couteaux, couverts et instruments chirurgicaux haut de gamme. Il se caract\u00e9rise par une duret\u00e9 relativement \u00e9lev\u00e9e comme les aciers inoxydables. R\u00e9sistant \u00e0 la corrosion dans les conditions de cuisine. C&rsquo;est une alternative recommand\u00e9e au mat\u00e9riau 1.4034 \/ X46Cr13 \/ 4H13. La composition chimique est enrichie de chrome, de molybd\u00e8ne et de vanadium.<\/p>\n<p>Lame \u2013 extr\u00eamement tranchante avec une forme de pointe, id\u00e9ale pour la survie et la chasse. La lame Plain est d\u00e9riv\u00e9e de Hollow Grind, qui offre une excellente g\u00e9om\u00e9trie de lame et des performances de coupe extr\u00eames. Une fausse lame au dos de la lame augmente les capacit\u00e9s de coupe du couteau. L&rsquo;ensemble de la lame est fini avec une \u00e9l\u00e9gante finition satin\u00e9e. Le grand ricasso inf\u00e9rieur prot\u00e8ge la main du glissement sur la lame. Le ricasso sur toute la longueur vous permet de poser votre doigt devant le manche, ce qui se traduit par un guidage de lame beaucoup plus pr\u00e9cis,<\/p>\n<p>Poign\u00e9e &#8211; en Micarta, toile press\u00e9e sous pression avec r\u00e9sine synth\u00e9tique. Surface de doublure textur\u00e9e pour une prise confortable. La poign\u00e9e \u00e9tait boulonn\u00e9e directement \u00e0 l&rsquo;\u00e9trier, ce qui rendait l&rsquo;ensemble de la structure tr\u00e8s rigide et durable.<\/p>\n<p>Fourreau &#8211; cousu \u00e0 la main, en cuir marron naturel avec le logo du fabricant en relief. La fixation \u00e0 une ceinture ou \u00e0 une armure permet de porter le couteau en position verticale.<\/p>\n<p>Le Groupe Muela est actuellement l&rsquo;une des entreprises leaders dans le domaine des couteaux de chasse artisanaux, tant en Espagne que dans le monde, et ses couteaux et couteaux de poche sont tr\u00e8s appr\u00e9ci\u00e9s pour leur qualit\u00e9 sup\u00e9rieure de fabrication.<\/p>\n<p>Donn\u00e9es techniques:<\/p>\n<p>Num\u00e9ro de produit: JABALI-17G<br \/>\nNom du produit : Jabali Brown Micarta, Satin\u00e9<\/p>\n<p>Longueur totale : 30 cm \/ 11,8&Prime;<br \/>\nLongueur de la lame : 17 cm \/ 6,69&Prime;<br \/>\nLongueur du manche : 13 cm \/ 5,12&Prime;<br \/>\n\u00c9paisseur de la lame : 0,45 cm \/ 0,18&Prime;<br \/>\n\u00c9paisseur du manche&nbsp;: n.d<br \/>\nPoids&nbsp;: 371,0 g \/ 13,1 oz<\/p>\n<p>Mat\u00e9riau de la lame&nbsp;: X50CrMoV15<br \/>\nDuret\u00e9 de la lame&nbsp;: n.d<br \/>\nMeulage de la lame&nbsp;: creux<br \/>\nTraitement de surface de la lame : satin\u00e9<\/p>\n<p>Mat\u00e9riau du manche : Micarta<br \/>\nCouleur finition poign\u00e9e : Marron<\/p>\n<p>Fourreau (\u00e9tui)&nbsp;:&nbsp;Cuir<br \/>\nAutres accessoires : Aucun<\/p>\n<p>Cr\u00e9ateur : Muela<br \/>\nNom de la marque: Muela<br \/>\nFabricant : Manufacturas Muela, SA, Espagne<br \/>\nPays d&rsquo;origine : Espagne<\/p>\n<p>&nbsp;<\/p>\n","protected":false},"excerpt":{"rendered":"<p><strong>Jabali Brown Micarta, couteau de chasse \u00e0 lame fixe satin\u00e9e de Muel avec profil Drop Point. Haute qualit\u00e9, d\u00e9tails soign\u00e9s, un couteau pour les collectionneurs, passionn\u00e9s de chasse.<\/strong><\/p>\n","protected":false},"featured_media":353564,"comment_status":"open","ping_status":"closed","template":"","meta":[],"pwb-brand":[3909],"product_brand":[],"product_cat":[3697,3696],"product_tag":[3754],"class_list":{"0":"post-353596","1":"product","2":"type-product","3":"status-publish","4":"has-post-thumbnail","6":"pwb-brand-elle-a-du","7":"product_cat-couteaux-solides","8":"product_cat-des-couteaux","9":"product_tag-b2b-fr","11":"first","12":"instock","13":"taxable","14":"shipping-taxable","15":"purchasable","16":"product-type-simple"},"brands":[{"id":3909,"name":"Elle a d\u00fb","slug":"elle-a-du"}],"_links":{"self":[{"href":"https:\/\/www.moskito.cz\/fr\/wp-json\/wp\/v2\/product\/353596","targetHints":{"allow":["GET"]}}],"collection":[{"href":"https:\/\/www.moskito.cz\/fr\/wp-json\/wp\/v2\/product"}],"about":[{"href":"https:\/\/www.moskito.cz\/fr\/wp-json\/wp\/v2\/types\/product"}],"replies":[{"embeddable":true,"href":"https:\/\/www.moskito.cz\/fr\/wp-json\/wp\/v2\/comments?post=353596"}],"wp:featuredmedia":[{"embeddable":true,"href":"https:\/\/www.moskito.cz\/fr\/wp-json\/wp\/v2\/media\/353564"}],"wp:attachment":[{"href":"https:\/\/www.moskito.cz\/fr\/wp-json\/wp\/v2\/media?parent=353596"}],"wp:term":[{"taxonomy":"pwb-brand","embeddable":true,"href":"https:\/\/www.moskito.cz\/fr\/wp-json\/wp\/v2\/pwb-brand?post=353596"},{"taxonomy":"product_brand","embeddable":true,"href":"https:\/\/www.moskito.cz\/fr\/wp-json\/wp\/v2\/product_brand?post=353596"},{"taxonomy":"product_cat","embeddable":true,"href":"https:\/\/www.moskito.cz\/fr\/wp-json\/wp\/v2\/product_cat?post=353596"},{"taxonomy":"product_tag","embeddable":true,"href":"https:\/\/www.moskito.cz\/fr\/wp-json\/wp\/v2\/product_tag?post=353596"}],"curies":[{"name":"wp","href":"https:\/\/api.w.org\/{rel}","templated":true}]}}