{"id":353630,"date":"2023-01-24T21:09:06","date_gmt":"2024-07-19T06:47:06","guid":{"rendered":"https:\/\/www.moskito.cz\/produkt\/couteau-de-fermeture-couteau-rike-m3-k-bg\/"},"modified":"2025-05-07T11:22:02","modified_gmt":"2025-05-07T10:22:02","slug":"couteau-de-fermeture-couteau-rike-m3-k-bg","status":"publish","type":"product","link":"https:\/\/www.moskito.cz\/fr\/produkt\/couteau-de-fermeture-couteau-rike-m3-k-bg\/","title":{"rendered":"Couteau de fermeture Couteau Rike M3-K\/BG"},"content":{"rendered":"<p>Couteau de fermeture Couteau Rike M3-K\/BG<\/p>\n<p>Regarder les deux c\u00f4t\u00e9s du dossier Rike Knife M3 est une exp\u00e9rience compl\u00e8tement diff\u00e9rente. C\u00f4t\u00e9 pr\u00e9sentoir se trouve une \u00e9chelle G-10 de la couleur de votre choix. Retournez le couteau et vous trouverez un verrou \u00e0 cadre en titane anodis\u00e9 et lav\u00e9 qui ressemble \u00e0 quelque chose sorti d&rsquo;un univers futuriste. Le M3 est \u00e9galement de forme diff\u00e9rente : il a une colonne vert\u00e9brale inclin\u00e9e pour le placement du pouce et une poign\u00e9e squelett\u00e9e pour r\u00e9duire le poids \u2013 seulement 4,6 onces malgr\u00e9 le cadre de 9 pouces. La lame est fabriqu\u00e9e dans l&rsquo;un des meilleurs aciers du march\u00e9 en 154CM. Pour l&rsquo;ouvrir, appuyez sur la languette du flipper, qui s&rsquo;enclenche et se verrouille avec un verrou en titane. Le clip de poche frais\u00e9, dot\u00e9 d&rsquo;un insert \u00e0 bille en c\u00e9ramique, est con\u00e7u pour \u00eatre port\u00e9 par inclinaison.<\/p>\n<p>Mod\u00e8le : M3<br \/>\nMat\u00e9riau de la lame : acier inoxydable 154 cm.<br \/>\nManche : titane 6AL4V et G-10<br \/>\nOuverture&nbsp;: flipper<br \/>\nType : Verrouillage du cadre<br \/>\nLongueur de la lame : 3,9 pouces (10 cm)<br \/>\n\u00c9paisseur de la lame : 0,16 po (4 mm)<br \/>\nLongueur totale : 9 pouces (23 cm)<br \/>\nPoids : 4,6 onces (130 g)<\/p>\n","protected":false},"excerpt":{"rendered":"<p><strong>Rikeknife<\/strong> est une marque originale con\u00e7ue par notre fondateur Richard Wu. Passionn\u00e9 de couteaux de longue date, exp\u00e9riment\u00e9 dans la conception et la fabrication m\u00e9caniques, il s&rsquo;efforce constamment d&rsquo;atteindre la perfection et l&rsquo;excellence des d\u00e9tails dans tous les mod\u00e8les de couteaux produits par <strong>Rikeknife<\/strong> .<\/p>\n<p><strong>Transports gratuits.<\/strong><\/p>\n","protected":false},"featured_media":353631,"comment_status":"open","ping_status":"closed","template":"","meta":[],"pwb-brand":[3933],"product_brand":[],"product_cat":[3700,3696],"product_tag":[],"class_list":{"0":"post-353630","1":"product","2":"type-product","3":"status-publish","4":"has-post-thumbnail","6":"pwb-brand-couteau-rick","7":"product_cat-couteaux-de-fermeture","8":"product_cat-des-couteaux","10":"first","11":"outofstock","12":"taxable","13":"shipping-taxable","14":"purchasable","15":"product-type-simple"},"brands":[{"id":3933,"name":"Couteau Rick","slug":"couteau-rick"}],"_links":{"self":[{"href":"https:\/\/www.moskito.cz\/fr\/wp-json\/wp\/v2\/product\/353630","targetHints":{"allow":["GET"]}}],"collection":[{"href":"https:\/\/www.moskito.cz\/fr\/wp-json\/wp\/v2\/product"}],"about":[{"href":"https:\/\/www.moskito.cz\/fr\/wp-json\/wp\/v2\/types\/product"}],"replies":[{"embeddable":true,"href":"https:\/\/www.moskito.cz\/fr\/wp-json\/wp\/v2\/comments?post=353630"}],"wp:featuredmedia":[{"embeddable":true,"href":"https:\/\/www.moskito.cz\/fr\/wp-json\/wp\/v2\/media\/353631"}],"wp:attachment":[{"href":"https:\/\/www.moskito.cz\/fr\/wp-json\/wp\/v2\/media?parent=353630"}],"wp:term":[{"taxonomy":"pwb-brand","embeddable":true,"href":"https:\/\/www.moskito.cz\/fr\/wp-json\/wp\/v2\/pwb-brand?post=353630"},{"taxonomy":"product_brand","embeddable":true,"href":"https:\/\/www.moskito.cz\/fr\/wp-json\/wp\/v2\/product_brand?post=353630"},{"taxonomy":"product_cat","embeddable":true,"href":"https:\/\/www.moskito.cz\/fr\/wp-json\/wp\/v2\/product_cat?post=353630"},{"taxonomy":"product_tag","embeddable":true,"href":"https:\/\/www.moskito.cz\/fr\/wp-json\/wp\/v2\/product_tag?post=353630"}],"curies":[{"name":"wp","href":"https:\/\/api.w.org\/{rel}","templated":true}]}}