{"id":353637,"date":"2023-07-17T13:53:31","date_gmt":"2024-07-19T08:36:24","guid":{"rendered":"https:\/\/www.moskito.cz\/produkt\/couteau-fixe-muela-mirage-18\/"},"modified":"2025-05-07T11:22:02","modified_gmt":"2025-05-07T10:22:02","slug":"couteau-fixe-muela-mirage-18","status":"publish","type":"product","link":"https:\/\/www.moskito.cz\/fr\/produkt\/couteau-fixe-muela-mirage-18\/","title":{"rendered":"Couteau Fixe Muela MIRAGE-18"},"content":{"rendered":"<p>Couteau Fixe <strong>Muela<\/strong> MIRAGE-18<\/p>\n<p>Couteau universel <strong>MIRAGE-18<\/strong> \u00e0 lame fixe, qui vous plaira d\u00e8s le premier regard. La s\u00e9rie MIRAGE est l&rsquo;un des couteaux les plus c\u00e9l\u00e8bres de la soci\u00e9t\u00e9 espagnole Muela. Extr\u00eamement polyvalent avec une lame massive, il peut effectuer n&rsquo;importe quel travail dans toutes les conditions sans parti pris. Excellent couteau de survie, il fera office de couteau tactique et de chasse pour le camping.<\/p>\n<p>Lame &#8211; avec profil Clip Point, \u00e9paisseur 4,6 mm. Fabriqu\u00e9 en acier inoxydable 420H durable et r\u00e9sistant \u00e0 la corrosion avec une teneur en carbone accrue et une r\u00e9sistance \u00e9lev\u00e9e aux chocs, durci dans la plage de 54 \u00e0 58 HRC. La lame est recouverte d&rsquo;une couche antireflet Satin Finish (semi-mate) qui \u00e9limine l&rsquo;\u00e9blouissement. La lame lisse de type Plain, r\u00e9alis\u00e9e avec une \u00e9mouture concave (Hollow grind), assure de bonnes propri\u00e9t\u00e9s de coupe. Une protection crois\u00e9e double face \u00e0 la base de la lame emp\u00eache la main de glisser sur la lame.<\/p>\n<p>&nbsp;<\/p>\n<p>Manche &#8211; recouvert d&rsquo;une gaine flexible en \u00e9lastom\u00e8re molet\u00e9e de couleur noire. Le manche en caoutchouc souple garantit une tr\u00e8s bonne prise en main, le couteau ne glisse pas de la main et la prise ferme et ferme permet des mouvements pr\u00e9cis avec le couteau. Il y a un trou \u00e9largi pour la corde \u00e0 l&rsquo;arri\u00e8re de la poign\u00e9e.<\/p>\n<p>&nbsp;<\/p>\n<p>\u00c9tui &#8211; noir. En cuir naturel, fix\u00e9 sur un loquet pour un transport s\u00e9curis\u00e9 du couteau. Les bords du fourreau \u00e9taient cousus avec du fil d\u00e9coratif. Le logo du fabricant est imprim\u00e9 sur le devant. Le fourreau est attach\u00e9 \u00e0 une ceinture ou un accessoire qui permet de porter le couteau en position verticale.<\/p>\n<p>Donn\u00e9es techniques:<br \/>\nNum\u00e9ro de produit: MIRAGE-18<br \/>\nType d&rsquo;acier : 420H<br \/>\nLongueur de la lame : 18 cm<br \/>\n\u00c9paisseur de la lame : 0,46 cm<br \/>\nLongueur totale : 30,3 cm<br \/>\nPoids&nbsp;: 353 g \/ 12,45 oz<br \/>\nLame&nbsp;: Commune<br \/>\nType de lame&nbsp;: pointe \u00e0 pince<br \/>\nType de coupe&nbsp;: Concave<br \/>\nType de poign\u00e9e : Thermorun<br \/>\nFourreau&nbsp;: Cuir<br \/>\nFabricant : Muela, Espagne<\/p>\n<p>&nbsp;<\/p>\n","protected":false},"excerpt":{"rendered":"<p><strong>Couteau universel MIRAGE-18 \u00e0 lame fixe, qui vous plaira d\u00e8s le premier regard. La s\u00e9rie MIRAGE est l&rsquo;un des couteaux les plus c\u00e9l\u00e8bres de la soci\u00e9t\u00e9 espagnole Muela.<\/strong><\/p>\n","protected":false},"featured_media":353639,"comment_status":"open","ping_status":"closed","template":"","meta":[],"pwb-brand":[3909],"product_brand":[],"product_cat":[3697,3696],"product_tag":[3754],"class_list":{"0":"post-353637","1":"product","2":"type-product","3":"status-publish","4":"has-post-thumbnail","6":"pwb-brand-elle-a-du","7":"product_cat-couteaux-solides","8":"product_cat-des-couteaux","9":"product_tag-b2b-fr","11":"first","12":"outofstock","13":"taxable","14":"shipping-taxable","15":"purchasable","16":"product-type-simple"},"brands":[{"id":3909,"name":"Elle a d\u00fb","slug":"elle-a-du"}],"_links":{"self":[{"href":"https:\/\/www.moskito.cz\/fr\/wp-json\/wp\/v2\/product\/353637","targetHints":{"allow":["GET"]}}],"collection":[{"href":"https:\/\/www.moskito.cz\/fr\/wp-json\/wp\/v2\/product"}],"about":[{"href":"https:\/\/www.moskito.cz\/fr\/wp-json\/wp\/v2\/types\/product"}],"replies":[{"embeddable":true,"href":"https:\/\/www.moskito.cz\/fr\/wp-json\/wp\/v2\/comments?post=353637"}],"wp:featuredmedia":[{"embeddable":true,"href":"https:\/\/www.moskito.cz\/fr\/wp-json\/wp\/v2\/media\/353639"}],"wp:attachment":[{"href":"https:\/\/www.moskito.cz\/fr\/wp-json\/wp\/v2\/media?parent=353637"}],"wp:term":[{"taxonomy":"pwb-brand","embeddable":true,"href":"https:\/\/www.moskito.cz\/fr\/wp-json\/wp\/v2\/pwb-brand?post=353637"},{"taxonomy":"product_brand","embeddable":true,"href":"https:\/\/www.moskito.cz\/fr\/wp-json\/wp\/v2\/product_brand?post=353637"},{"taxonomy":"product_cat","embeddable":true,"href":"https:\/\/www.moskito.cz\/fr\/wp-json\/wp\/v2\/product_cat?post=353637"},{"taxonomy":"product_tag","embeddable":true,"href":"https:\/\/www.moskito.cz\/fr\/wp-json\/wp\/v2\/product_tag?post=353637"}],"curies":[{"name":"wp","href":"https:\/\/api.w.org\/{rel}","templated":true}]}}