{"id":353704,"date":"2024-07-19T09:49:09","date_gmt":"2024-07-19T08:50:19","guid":{"rendered":"https:\/\/www.moskito.cz\/produkt\/couteau-fixe-muela-bw-classic-19g\/"},"modified":"2025-05-07T11:22:03","modified_gmt":"2025-05-07T10:22:03","slug":"couteau-fixe-muela-bw-classic-19g","status":"publish","type":"product","link":"https:\/\/www.moskito.cz\/fr\/produkt\/couteau-fixe-muela-bw-classic-19g\/","title":{"rendered":"Couteau Fixe Muela BW-CLASSIC-19G"},"content":{"rendered":"<p>Couteau fixe <strong>Muela<\/strong> BW-CLASSIC-19G.<\/p>\n<p><strong>Muela BW-Classic-19G<\/strong> Micarta en jute vert, satin\u00e9, grand couteau d&rsquo;ext\u00e9rieur. Lame en acier inoxydable X50CrMoV15 avec finition satin\u00e9e. Poign\u00e9e confortable en micarta de jute. Une excellente aide pour la chasse, les activit\u00e9s de plein air ou la survie.<\/p>\n<p>1.4116 (X50CrMoV15) &#8211; acier inoxydable martensitique \u00e0 haute teneur en carbone au molybd\u00e8ne-vanadium, tr\u00e8s r\u00e9sistant \u00e0 la corrosion et \u00e0 l&rsquo;usure. Il est utilis\u00e9 dans la fabrication de couteaux, de couverts de pointe et d\u2019instruments chirurgicaux. Il se caract\u00e9rise par une duret\u00e9 relativement \u00e9lev\u00e9e pour les aciers inoxydables de 57-58 HRC. La composition chimique de l&rsquo;acier est enrichie d&rsquo;un m\u00e9lange de 15,0 % de chrome, 0,80 % de molybd\u00e8ne et 0,20 % de vanadium.<\/p>\n<p>Lame &#8211; Type Clip Point (Bowie) avec un ventre de lame clairement marqu\u00e9. La lame simple est d\u00e9riv\u00e9e du Flat Grind, qui offre d&rsquo;excellentes propri\u00e9t\u00e9s de coupe combin\u00e9es \u00e0 une excellente durabilit\u00e9. Une poign\u00e9e en acier double face \u00e0 la base de la lame emp\u00eache la main de glisser sur la lame.<\/p>\n<p>Poign\u00e9e &#8211; profil\u00e9e, recouverte de poign\u00e9es en micarta de jute imperm\u00e9able et poli. Il offre une prise en main confortable et s\u00fbre. Les rivets fixant les couvre-poign\u00e9es sont en laiton \u00e0 haute teneur en nickel. Un trou pour lani\u00e8re le s\u00e9curise \u00e0 l\u2019arri\u00e8re de la poign\u00e9e.<\/p>\n<p>Fourreau &#8211; en cuir de vache naturel bien tann\u00e9 de couleur marron. Logo du fabricant en relief sur la surface. Le fourreau est cousu sur les bords avec du fil d\u00e9coratif. Le monter \u00e0 votre ceinture ou sur votre \u00e9quipement vous permet de porter le couteau en position verticale.<\/p>\n<p>Donn\u00e9es techniques:<br \/>\nNum\u00e9ro de produit : BW-Classic-19G<br \/>\nNom du produit : Muela BW-Classic-19G Micarta en jute vert, satin\u00e9<\/p>\n<p>Longueur totale : 31 cm \/ 12,2&Prime;<br \/>\nLongueur de la lame : 19 cm \/ 7,48&Prime;<br \/>\n\u00c9paisseur de la lame : 0,45 cm \/ 0,18&Prime;<br \/>\nLongueur du manche&nbsp;: n.d<br \/>\n\u00c9paisseur du manche&nbsp;: n.d<br \/>\nPoids&nbsp;: 364,0 g \/ 12,8 oz<\/p>\n<p>Mat\u00e9riau de la lame&nbsp;: X50CrMoV15<br \/>\nDuret\u00e9 de la lame&nbsp;: n.d<br \/>\nMeulage de la lame&nbsp;:&nbsp;Plat<br \/>\nTraitement de surface de la lame : satin\u00e9<\/p>\n<p>Mat\u00e9riau du manche : Jute Micarta<br \/>\nCouleur finition poign\u00e9e : vert<\/p>\n<p>Fourreau (\u00e9tui)&nbsp;:&nbsp;Cuir<br \/>\nAutres accessoires : Aucun<\/p>\n<p>Cr\u00e9ateur : Muela<br \/>\nNom de la marque: Muela<br \/>\nFabricant: Manufacturas Muela, SA<br \/>\nPays d&rsquo;origine : Espagne<\/p>\n<p>&nbsp;<\/p>\n","protected":false},"excerpt":{"rendered":"<p><strong>Muela BW-Classic-19G Micarta en jute vert, satin\u00e9, grand couteau d&rsquo;ext\u00e9rieur avec fourreau.<\/strong><\/p>\n","protected":false},"featured_media":353665,"comment_status":"open","ping_status":"closed","template":"","meta":[],"pwb-brand":[3909],"product_brand":[],"product_cat":[3697,3696],"product_tag":[],"class_list":{"0":"post-353704","1":"product","2":"type-product","3":"status-publish","4":"has-post-thumbnail","6":"pwb-brand-elle-a-du","7":"product_cat-couteaux-solides","8":"product_cat-des-couteaux","10":"first","11":"instock","12":"taxable","13":"shipping-taxable","14":"purchasable","15":"product-type-simple"},"brands":[{"id":3909,"name":"Elle a d\u00fb","slug":"elle-a-du"}],"_links":{"self":[{"href":"https:\/\/www.moskito.cz\/fr\/wp-json\/wp\/v2\/product\/353704","targetHints":{"allow":["GET"]}}],"collection":[{"href":"https:\/\/www.moskito.cz\/fr\/wp-json\/wp\/v2\/product"}],"about":[{"href":"https:\/\/www.moskito.cz\/fr\/wp-json\/wp\/v2\/types\/product"}],"replies":[{"embeddable":true,"href":"https:\/\/www.moskito.cz\/fr\/wp-json\/wp\/v2\/comments?post=353704"}],"wp:featuredmedia":[{"embeddable":true,"href":"https:\/\/www.moskito.cz\/fr\/wp-json\/wp\/v2\/media\/353665"}],"wp:attachment":[{"href":"https:\/\/www.moskito.cz\/fr\/wp-json\/wp\/v2\/media?parent=353704"}],"wp:term":[{"taxonomy":"pwb-brand","embeddable":true,"href":"https:\/\/www.moskito.cz\/fr\/wp-json\/wp\/v2\/pwb-brand?post=353704"},{"taxonomy":"product_brand","embeddable":true,"href":"https:\/\/www.moskito.cz\/fr\/wp-json\/wp\/v2\/product_brand?post=353704"},{"taxonomy":"product_cat","embeddable":true,"href":"https:\/\/www.moskito.cz\/fr\/wp-json\/wp\/v2\/product_cat?post=353704"},{"taxonomy":"product_tag","embeddable":true,"href":"https:\/\/www.moskito.cz\/fr\/wp-json\/wp\/v2\/product_tag?post=353704"}],"curies":[{"name":"wp","href":"https:\/\/api.w.org\/{rel}","templated":true}]}}