{"id":353989,"date":"2024-08-05T21:44:28","date_gmt":"2024-08-05T20:45:21","guid":{"rendered":"https:\/\/www.moskito.cz\/produkt\/couteau-de-tir-microtech-ludt-gen-iii-stonewashed-1136-10bl\/"},"modified":"2025-05-07T11:22:08","modified_gmt":"2025-05-07T10:22:08","slug":"couteau-de-tir-microtech-ludt-gen-iii-stonewashed-1136-10bl","status":"publish","type":"product","link":"https:\/\/www.moskito.cz\/fr\/produkt\/couteau-de-tir-microtech-ludt-gen-iii-stonewashed-1136-10bl\/","title":{"rendered":"Couteau de tir Microtech LUDT Gen III Stonewashed 1136-10BL"},"content":{"rendered":"<p>Couteau de tir <strong>Microtech<\/strong> LUDT Gen III Stonewashed 1136-10BL. Le <strong>LUDT<\/strong> am\u00e9lior\u00e9 conserve l&rsquo;esth\u00e9tique embl\u00e9matique de son pr\u00e9d\u00e9cesseur tout en apportant plusieurs am\u00e9liorations notables. La carrosserie redessin\u00e9e est dot\u00e9e d&rsquo;une bande de traction 3M int\u00e9gr\u00e9e et fonctionne sur des roulements pour une conduite encore plus douce. Notamment, la nouvelle conception \u00e9limine le mat\u00e9riel propri\u00e9taire, permettant aux utilisateurs d&rsquo;effectuer facilement l&rsquo;entretien avec des cl\u00e9s Torx classiques. La lame conserve sa longueur de 3,5&Prime;, garantissant qu&rsquo;elle reste aussi confortablement portable que son pr\u00e9d\u00e9cesseur. Longueur totale : 20,3 cm Longueur ferm\u00e9 : 11,4 cm Longueur de la lame : 8,9 cm Finition de la lame : Stonewashed Style de lame : Tanto Style de bord : Uni Mat\u00e9riau du manche : Aluminium bleu Clip de poche R\u00e9f. #&nbsp;: 1136-10BL Pays d&rsquo;origine&nbsp;: \u00c9tats-Unis https:\/\/youtu.be\/xE9TeOFYEjg  &nbsp;<\/p>\n","protected":false},"excerpt":{"rendered":"<p><strong>Au fil des ann\u00e9es, Microtech\u00ae Knives a rempli les couteaux avec passion et comp\u00e9tence pour cr\u00e9er presque des \u0153uvres d&rsquo;art qui sont le summum de la fonctionnalit\u00e9. Toutes les pi\u00e8ces sont fabriqu\u00e9es aux \u00c9tats-Unis.<\/strong><br \/>\n<strong>Tous les couteaux Microtech sont garantis \u00e0 vie.<\/strong><\/p>\n<p><strong>Transports gratuits.<\/strong><\/p>\n","protected":false},"featured_media":353948,"comment_status":"open","ping_status":"closed","template":"","meta":[],"pwb-brand":[3751],"product_brand":[],"product_cat":[3699,3696],"product_tag":[3754],"class_list":{"0":"post-353989","1":"product","2":"type-product","3":"status-publish","4":"has-post-thumbnail","6":"pwb-brand-microtechnologie","7":"product_cat-couteaux-de-tir","8":"product_cat-des-couteaux","9":"product_tag-b2b-fr","11":"first","12":"outofstock","13":"taxable","14":"shipping-taxable","15":"purchasable","16":"product-type-simple"},"brands":[{"id":3751,"name":"Microtechnologie","slug":"microtechnologie"}],"_links":{"self":[{"href":"https:\/\/www.moskito.cz\/fr\/wp-json\/wp\/v2\/product\/353989","targetHints":{"allow":["GET"]}}],"collection":[{"href":"https:\/\/www.moskito.cz\/fr\/wp-json\/wp\/v2\/product"}],"about":[{"href":"https:\/\/www.moskito.cz\/fr\/wp-json\/wp\/v2\/types\/product"}],"replies":[{"embeddable":true,"href":"https:\/\/www.moskito.cz\/fr\/wp-json\/wp\/v2\/comments?post=353989"}],"wp:featuredmedia":[{"embeddable":true,"href":"https:\/\/www.moskito.cz\/fr\/wp-json\/wp\/v2\/media\/353948"}],"wp:attachment":[{"href":"https:\/\/www.moskito.cz\/fr\/wp-json\/wp\/v2\/media?parent=353989"}],"wp:term":[{"taxonomy":"pwb-brand","embeddable":true,"href":"https:\/\/www.moskito.cz\/fr\/wp-json\/wp\/v2\/pwb-brand?post=353989"},{"taxonomy":"product_brand","embeddable":true,"href":"https:\/\/www.moskito.cz\/fr\/wp-json\/wp\/v2\/product_brand?post=353989"},{"taxonomy":"product_cat","embeddable":true,"href":"https:\/\/www.moskito.cz\/fr\/wp-json\/wp\/v2\/product_cat?post=353989"},{"taxonomy":"product_tag","embeddable":true,"href":"https:\/\/www.moskito.cz\/fr\/wp-json\/wp\/v2\/product_tag?post=353989"}],"curies":[{"name":"wp","href":"https:\/\/api.w.org\/{rel}","templated":true}]}}