{"id":353997,"date":"2020-12-28T19:33:59","date_gmt":"2020-12-28T18:33:59","guid":{"rendered":"https:\/\/www.moskito.cz\/produkt\/couteau-de-tir-microtech-ultratech-121-2-t\/"},"modified":"2025-07-11T07:53:21","modified_gmt":"2025-07-11T06:53:21","slug":"couteau-de-tir-microtech-ultratech-121-2-t","status":"publish","type":"product","link":"https:\/\/www.moskito.cz\/fr\/produkt\/couteau-de-tir-microtech-ultratech-121-2-t\/","title":{"rendered":"Couteau de tir Microtech Ultratech 121-2 T"},"content":{"rendered":"<p>Couteau de tir <strong>Microtech Ultratech<\/strong> 121-2 T. Couteau de tir par l&rsquo;avant. <strong>Le couteau de tir Microtech<\/strong> Ultratech 121-2 T est \u00e9quip\u00e9 d&rsquo;une lame partiellement dentel\u00e9e. Le couteau est dot\u00e9 d&rsquo;un manche moul\u00e9 en aluminium anodis\u00e9 6061-T6 et d&rsquo;un renfort en acier inoxydable. Microtech a \u00e9quip\u00e9 cette version du tr\u00e8s populaire couteau Ultratech D\/A OTF d&rsquo;un manche profil\u00e9 et lisse qui augmente le confort d&rsquo;utilisation. Ce mod\u00e8le mis \u00e0 jour offre les m\u00eames dimensions, mais tient plus facilement dans votre main et votre poche. Pour ceux qui ne connaissent pas Ultratech, il s\u2019agit d\u2019un couteau enti\u00e8rement automatique dot\u00e9 d\u2019un double m\u00e9canisme sur le devant, ce qui signifie que la lame se plie et se r\u00e9tracte avec le pouce. Le couteau Ultratech de Microtech place la barre pour tous les couteaux OTF. Longueur totale : 22 cm Longueur de la lame : 8,6 cm \u00c9paisseur de la lame : 0,33 cm Mat\u00e9riau de la lame : 204P Style de lame : Drop Point Lames : Mat\u00e9riau du manche plat : Aluminium Couleur noire Poids : 3,60 oz. Utilisateur : Clip de poche droit : Type de couteau \u00e0 pointe : OTF \u00e0 double action Ouvre-auto : Thumb Slide Marque : Microtech Mod\u00e8le : Ultratech Num\u00e9ro de mod\u00e8le : 121-2 T Pays d&rsquo;origine : \u00c9tats-Unis Meilleure utilisation : Quotidien https:\/\/youtu. \u00eatre \/xE9TeOFYEjg?si=_cD7H1ukVfrw59MV   &nbsp;<\/p>\n","protected":false},"excerpt":{"rendered":"<p><strong>Au fil des ann\u00e9es, Microtech\u00ae Knives a rempli les couteaux avec passion et comp\u00e9tence pour cr\u00e9er presque des \u0153uvres d&rsquo;art qui sont le summum de la fonctionnalit\u00e9. Toutes les pi\u00e8ces sont fabriqu\u00e9es aux \u00c9tats-Unis.<\/strong><br \/>\n<strong>Tous les couteaux Microtech sont garantis \u00e0 vie.<\/strong><\/p>\n<p><strong>Transports gratuits.<\/strong><\/p>\n","protected":false},"featured_media":178012,"comment_status":"open","ping_status":"closed","template":"","meta":[],"pwb-brand":[3751],"product_brand":[],"product_cat":[3699,3696],"product_tag":[3754],"class_list":{"0":"post-353997","1":"product","2":"type-product","3":"status-publish","4":"has-post-thumbnail","6":"pwb-brand-microtechnologie","7":"product_cat-couteaux-de-tir","8":"product_cat-des-couteaux","9":"product_tag-b2b-fr","11":"first","12":"outofstock","13":"taxable","14":"shipping-taxable","15":"purchasable","16":"product-type-simple"},"brands":[{"id":3751,"name":"Microtechnologie","slug":"microtechnologie"}],"_links":{"self":[{"href":"https:\/\/www.moskito.cz\/fr\/wp-json\/wp\/v2\/product\/353997","targetHints":{"allow":["GET"]}}],"collection":[{"href":"https:\/\/www.moskito.cz\/fr\/wp-json\/wp\/v2\/product"}],"about":[{"href":"https:\/\/www.moskito.cz\/fr\/wp-json\/wp\/v2\/types\/product"}],"replies":[{"embeddable":true,"href":"https:\/\/www.moskito.cz\/fr\/wp-json\/wp\/v2\/comments?post=353997"}],"wp:featuredmedia":[{"embeddable":true,"href":"https:\/\/www.moskito.cz\/fr\/wp-json\/wp\/v2\/media\/178012"}],"wp:attachment":[{"href":"https:\/\/www.moskito.cz\/fr\/wp-json\/wp\/v2\/media?parent=353997"}],"wp:term":[{"taxonomy":"pwb-brand","embeddable":true,"href":"https:\/\/www.moskito.cz\/fr\/wp-json\/wp\/v2\/pwb-brand?post=353997"},{"taxonomy":"product_brand","embeddable":true,"href":"https:\/\/www.moskito.cz\/fr\/wp-json\/wp\/v2\/product_brand?post=353997"},{"taxonomy":"product_cat","embeddable":true,"href":"https:\/\/www.moskito.cz\/fr\/wp-json\/wp\/v2\/product_cat?post=353997"},{"taxonomy":"product_tag","embeddable":true,"href":"https:\/\/www.moskito.cz\/fr\/wp-json\/wp\/v2\/product_tag?post=353997"}],"curies":[{"name":"wp","href":"https:\/\/api.w.org\/{rel}","templated":true}]}}