{"id":354119,"date":"2024-08-05T22:35:29","date_gmt":"2024-08-05T21:40:51","guid":{"rendered":"https:\/\/www.moskito.cz\/produkt\/couteau-de-tir-microtech-ludt-gen-iii-1135-1t\/"},"modified":"2025-05-07T11:22:12","modified_gmt":"2025-05-07T10:22:12","slug":"couteau-de-tir-microtech-ludt-gen-iii-1135-1t","status":"publish","type":"product","link":"https:\/\/www.moskito.cz\/fr\/produkt\/couteau-de-tir-microtech-ludt-gen-iii-1135-1t\/","title":{"rendered":"Couteau de tir Microtech LUDT Gen III 1135-1T"},"content":{"rendered":"<p>Couteau de tir <strong>Microtech<\/strong> LUDT Gen III 1135-1T. Le 2023 L <strong>UDT Gen III<\/strong> est le summum de l&rsquo;h\u00e9ritage de Microtech et une it\u00e9ration raffin\u00e9e du c\u00e9l\u00e8bre couteau Underwater Demolition Team. Cr\u00e9\u00e9 au milieu des ann\u00e9es 1990, le LUDT est rapidement devenu l&rsquo;un des couteaux Microtech les plus vendus de l&rsquo;histoire. Apr\u00e8s une interruption temporaire de la gamme Microtech, nous sommes heureux d&rsquo;annoncer la renaissance de cette lame embl\u00e9matique. <strong>Le LUDT<\/strong> est dot\u00e9 d&rsquo;une lame usin\u00e9e avec pr\u00e9cision avec un dos couronn\u00e9, un pouce, une pointe renforc\u00e9e et maintenant une rainure\/plus pleine sanglante, garantissant une efficacit\u00e9 de p\u00e9n\u00e9tration in\u00e9gal\u00e9e sans compromettre l&rsquo;int\u00e9grit\u00e9 structurelle.     Le traitement de surface de la lame augmente non seulement son attrait esth\u00e9tique, mais contribue \u00e9galement \u00e0 sa durabilit\u00e9 exceptionnelle. Une poign\u00e9e avec une bande de traction 3M parfaitement int\u00e9gr\u00e9e \u00e0 la conception \u00e9l\u00e8ve ce couteau au statut de composant id\u00e9al de transport quotidien (EDC). Chaque d\u00e9tail, du bouton de d\u00e9clenchement au clip de poche, a \u00e9t\u00e9 affin\u00e9 et am\u00e9lior\u00e9, assurant un ensemble harmonieux et sophistiqu\u00e9. Le manche, fabriqu\u00e9 avec pr\u00e9cision en aluminium a\u00e9ronautique, conf\u00e8re non seulement de la robustesse au couteau, mais r\u00e9duit \u00e9galement son poids au minimum. Gr\u00e2ce \u00e0 sa conception ergonomique et \u00e0 son d\u00e9ploiement ultra-rapide, <strong>le LUDT<\/strong> est un exemple de perfection dans une boussole pleine surface. Fort d\u2019une exp\u00e9rience \u00e9prouv\u00e9e qui a r\u00e9sist\u00e9 \u00e0 l\u2019\u00e9preuve du temps, <strong>le LUDT Gen III 2023<\/strong> fait un retour triomphal dans la gamme. Cet outil exceptionnel comprend d\u00e9sormais des vis Torx et un trou pour lani\u00e8re d\u00e9di\u00e9, ajoutant praticit\u00e9 et une couche de s\u00e9curit\u00e9 suppl\u00e9mentaire \u00e0 son savoir-faire m\u00e9ticuleux. Sp\u00e9cifications : Longueur totale : 20,3 cm Longueur ferm\u00e9e : 11,4 cm Longueur de la lame : 8,9 cm Acier de la lame : Acier inoxydable Bohler M390MK Style de lame : Point de chute Mouture de la lame : Plate Finition de la lame : Noir Mat\u00e9riau du manche : Aluminium noir avec inserts de bande de traction 3M M\u00e9canisme de verrouillage : Ensemble de broches \u00e0 bouton-poussoir&nbsp;: 24 roulements en carbure de silicium Clip de poche&nbsp;: acier inoxydable (d\u00e9pliable, transport \u00e0 droite) Poids&nbsp;: 3,46 oz. Concepteur : Tony Marfione Torx Blood Groove\/Fuller Screw Construction Fabriqu\u00e9 aux \u00c9tats-Unis https:\/\/youtu.be\/xE9TeOFYEjg   &nbsp;<\/p>\n","protected":false},"excerpt":{"rendered":"<p><strong>Au fil des ann\u00e9es, Microtech\u00ae Knives a rempli les couteaux avec passion et comp\u00e9tence pour cr\u00e9er presque des \u0153uvres d&rsquo;art qui sont le summum de la fonctionnalit\u00e9. Toutes les pi\u00e8ces sont fabriqu\u00e9es aux \u00c9tats-Unis.<\/strong><br \/>\n<strong>Tous les couteaux Microtech sont garantis \u00e0 vie.<\/strong><\/p>\n<p><strong>Transports gratuits.<\/strong><\/p>\n","protected":false},"featured_media":354067,"comment_status":"open","ping_status":"closed","template":"","meta":[],"pwb-brand":[3751],"product_brand":[],"product_cat":[3699,3696],"product_tag":[3754],"class_list":{"0":"post-354119","1":"product","2":"type-product","3":"status-publish","4":"has-post-thumbnail","6":"pwb-brand-microtechnologie","7":"product_cat-couteaux-de-tir","8":"product_cat-des-couteaux","9":"product_tag-b2b-fr","11":"first","12":"outofstock","13":"taxable","14":"shipping-taxable","15":"purchasable","16":"product-type-simple"},"brands":[{"id":3751,"name":"Microtechnologie","slug":"microtechnologie"}],"_links":{"self":[{"href":"https:\/\/www.moskito.cz\/fr\/wp-json\/wp\/v2\/product\/354119","targetHints":{"allow":["GET"]}}],"collection":[{"href":"https:\/\/www.moskito.cz\/fr\/wp-json\/wp\/v2\/product"}],"about":[{"href":"https:\/\/www.moskito.cz\/fr\/wp-json\/wp\/v2\/types\/product"}],"replies":[{"embeddable":true,"href":"https:\/\/www.moskito.cz\/fr\/wp-json\/wp\/v2\/comments?post=354119"}],"wp:featuredmedia":[{"embeddable":true,"href":"https:\/\/www.moskito.cz\/fr\/wp-json\/wp\/v2\/media\/354067"}],"wp:attachment":[{"href":"https:\/\/www.moskito.cz\/fr\/wp-json\/wp\/v2\/media?parent=354119"}],"wp:term":[{"taxonomy":"pwb-brand","embeddable":true,"href":"https:\/\/www.moskito.cz\/fr\/wp-json\/wp\/v2\/pwb-brand?post=354119"},{"taxonomy":"product_brand","embeddable":true,"href":"https:\/\/www.moskito.cz\/fr\/wp-json\/wp\/v2\/product_brand?post=354119"},{"taxonomy":"product_cat","embeddable":true,"href":"https:\/\/www.moskito.cz\/fr\/wp-json\/wp\/v2\/product_cat?post=354119"},{"taxonomy":"product_tag","embeddable":true,"href":"https:\/\/www.moskito.cz\/fr\/wp-json\/wp\/v2\/product_tag?post=354119"}],"curies":[{"name":"wp","href":"https:\/\/api.w.org\/{rel}","templated":true}]}}