{"id":354346,"date":"2020-07-28T07:53:33","date_gmt":"2024-08-07T02:44:06","guid":{"rendered":"https:\/\/www.moskito.cz\/produkt\/couteau-de-tir-microtech-stitch-borka-blades-169-10\/"},"modified":"2025-07-11T07:51:44","modified_gmt":"2025-07-11T06:51:44","slug":"couteau-de-tir-microtech-stitch-borka-blades-169-10","status":"publish","type":"product","link":"https:\/\/www.moskito.cz\/fr\/produkt\/couteau-de-tir-microtech-stitch-borka-blades-169-10\/","title":{"rendered":"Couteau de tir Microtech Stitch Borka Blades 169-10"},"content":{"rendered":"<p>Couteau de tir <strong>Microtech<\/strong> Stitch Borka Blades 169-10. Ce Stitch automatique est une belle collaboration tactique entre Tony Marfione et Sebastijan Berenji, \u00e9galement connu sous le nom de Borka. Le design \u00e9tonnant de Sebastijan Stitch avec l&rsquo;incroyable m\u00e9canisme d&rsquo;ouverture automatique de Tony en fait l&rsquo;une des meilleures collaborations de production de 2017. La lame de 8,5 cm pr\u00e9sente une surface apocalyptique plate. La poign\u00e9e est en aluminium hautement frais\u00e9 avec une finition anodis\u00e9e noire Mil-Spec Hardcoat et une entretoise arri\u00e8re en aluminium. La lame tire comme une fus\u00e9e et se verrouille solidement, ce qui est un exploit impressionnant \u00e9tant donn\u00e9 qu&rsquo;elle est AUTO. Il s&rsquo;agit d&rsquo;un mod\u00e8le de production tant attendu de la c\u00e9l\u00e8bre coutume, vous avez donc la chance d&rsquo;avoir un couteau Borka \u00e0 une fraction du prix. Borka Design Hardware Torx Backspacer en aluminium textur\u00e9 Sp\u00e9cifications Longueur de la lame: 8,5 cm Longueur du manche: 12,5 cm Longueur totale: 21 cm Acier: M390 Style de lame: pointe de lance Mouture de la lame: plate Finition de la lame: Stonewash Mat\u00e9riau de la poign\u00e9e: aluminium frais\u00e9, Mil-Spec \u00e0 rev\u00eatement dur, M\u00e9canisme de verrouillage anodis\u00e9&nbsp;:&nbsp;Fermoir de poche \u00e0 bouton&nbsp;: acier inoxydable (pliant, \u00e0 droite) Poids&nbsp;: 6,3 oz. Cr\u00e9ateurs : Sebastijan Berenji et Tony Marfione Fabriqu\u00e9 aux USA&nbsp; Ce point automatique est une belle collaboration tactique entre Tony Marfione et Sebastijan Berenji, AKA Borka. Il reprend le superbe design Stitch de Sebastijan et l&rsquo;associe au superbe m\u00e9canisme d&rsquo;ouverture automatique de Tony pour cr\u00e9er l&rsquo;une des collaborations de production les plus cool de 2017. La lame \u00e0 pointe de lance de 3,625&Prime; pr\u00e9sente une meule plate, une finition apocalyptique et un saut sur le choil du doigt et la rampe du pouce pour un excellent achat lors de t\u00e2ches de coupe plus fines. La poign\u00e9e est en aluminium fortement frais\u00e9 avec une finition anodis\u00e9e noire Mil-Spec Hardcoat et une entretoise arri\u00e8re en aluminium jimped. Il tire comme une fus\u00e9e et se verrouille herm\u00e9tiquement, ce qui, \u00e9tant donn\u00e9 qu&rsquo;il s&rsquo;agit d&rsquo;un AUTO, est un exploit impressionnant. Il s&rsquo;agit du mod\u00e8le de production tant attendu de la c\u00e9l\u00e8bre coutume, ce qui en fait votre chance d&rsquo;avoir un couteau Borka \u00e0 une fraction du prix. le co\u00fbt. Caract\u00e9ristiques Mat\u00e9riel Torx Borka Design Entretoise arri\u00e8re en aluminium textur\u00e9 Sp\u00e9cifications Longueur de la lame : 3,625&Prime; Tranchant : 3,05&Prime; Longueur du manche : 5,0&Prime; Longueur totale : 8,50&Prime; Veuillez noter que l&rsquo;acier de la lame ne peut pas \u00eatre sp\u00e9cifi\u00e9 car il peut changer en fonction de la disponibilit\u00e9 (informations de Microtech) \u00c9paisseur de la lame : 0,190&Prime; Style de lame : Pointe de lance Mouture de la lame : Plate Finition de la lame : Stonewash Mat\u00e9riau du manche : Aluminium frais\u00e9, rev\u00eatement dur Mil-Spec anodis\u00e9 \u00c9paisseur du manche : 0,62&Prime; M\u00e9canisme de verrouillage : Bouton Clip de poche : Acier inoxydable (Tip-Up , transport \u00e0 droite) Poids&nbsp;: 6,3 oz. Cr\u00e9ateurs : Sebastijan Berenji et Tony Marfione Fabriqu\u00e9 aux USA  &nbsp;<\/p>\n<p>&nbsp;<\/p>\n","protected":false},"excerpt":{"rendered":"<p><strong>Au fil des ann\u00e9es, Microtech\u00ae Knives a rempli les couteaux de passion et de savoir-faire pour cr\u00e9er presque des \u0153uvres d&rsquo;art qui sont le summum de la fonctionnalit\u00e9. Toutes les pi\u00e8ces sont fabriqu\u00e9es aux \u00c9tats-Unis.<\/strong><br \/>\n<strong>Tous les couteaux Microtech sont garantis \u00e0 vie.<\/strong><\/p>\n<p><strong>Transports gratuits.<\/strong><\/p>\n","protected":false},"featured_media":177460,"comment_status":"open","ping_status":"closed","template":"","meta":[],"pwb-brand":[3751],"product_brand":[],"product_cat":[3699,3696],"product_tag":[],"class_list":{"0":"post-354346","1":"product","2":"type-product","3":"status-publish","4":"has-post-thumbnail","6":"pwb-brand-microtechnologie","7":"product_cat-couteaux-de-tir","8":"product_cat-des-couteaux","10":"first","11":"instock","12":"taxable","13":"shipping-taxable","14":"purchasable","15":"product-type-simple"},"brands":[{"id":3751,"name":"Microtechnologie","slug":"microtechnologie"}],"_links":{"self":[{"href":"https:\/\/www.moskito.cz\/fr\/wp-json\/wp\/v2\/product\/354346","targetHints":{"allow":["GET"]}}],"collection":[{"href":"https:\/\/www.moskito.cz\/fr\/wp-json\/wp\/v2\/product"}],"about":[{"href":"https:\/\/www.moskito.cz\/fr\/wp-json\/wp\/v2\/types\/product"}],"replies":[{"embeddable":true,"href":"https:\/\/www.moskito.cz\/fr\/wp-json\/wp\/v2\/comments?post=354346"}],"wp:featuredmedia":[{"embeddable":true,"href":"https:\/\/www.moskito.cz\/fr\/wp-json\/wp\/v2\/media\/177460"}],"wp:attachment":[{"href":"https:\/\/www.moskito.cz\/fr\/wp-json\/wp\/v2\/media?parent=354346"}],"wp:term":[{"taxonomy":"pwb-brand","embeddable":true,"href":"https:\/\/www.moskito.cz\/fr\/wp-json\/wp\/v2\/pwb-brand?post=354346"},{"taxonomy":"product_brand","embeddable":true,"href":"https:\/\/www.moskito.cz\/fr\/wp-json\/wp\/v2\/product_brand?post=354346"},{"taxonomy":"product_cat","embeddable":true,"href":"https:\/\/www.moskito.cz\/fr\/wp-json\/wp\/v2\/product_cat?post=354346"},{"taxonomy":"product_tag","embeddable":true,"href":"https:\/\/www.moskito.cz\/fr\/wp-json\/wp\/v2\/product_tag?post=354346"}],"curies":[{"name":"wp","href":"https:\/\/api.w.org\/{rel}","templated":true}]}}