{"id":354419,"date":"2023-03-14T18:13:30","date_gmt":"2024-08-07T03:16:04","guid":{"rendered":"https:\/\/www.moskito.cz\/produkt\/couteau-de-tir-microtech-stitch-tactique-noir-169-1t\/"},"modified":"2025-05-07T11:22:20","modified_gmt":"2025-05-07T10:22:20","slug":"couteau-de-tir-microtech-stitch-tactique-noir-169-1t","status":"publish","type":"product","link":"https:\/\/www.moskito.cz\/fr\/produkt\/couteau-de-tir-microtech-stitch-tactique-noir-169-1t\/","title":{"rendered":"Couteau de tir Microtech Stitch Tactique Noir 169-1T"},"content":{"rendered":"<p><strong>Microtech<\/strong> Stitch Tactical Black 169-1T Le couteau de tir <strong>Microtech<\/strong> Stitch est la version de production de la collaboration de couteaux personnalis\u00e9s entre Marfione et Borka Blades. Ce mod\u00e8le comprend une lame de style fer de lance, une rampe pro\u00e9minente et une rampe pour le pouce, ainsi qu&rsquo;un manche en alliage molet\u00e9 avec une finition noire. La plupart de nos couteaux Stitch sont dot\u00e9s d&rsquo;un mat\u00e9riel \u00e9clat\u00e9, \u00e0 l&rsquo;exception du DLC ou du Tactique, et d&rsquo;un clip de poche rabattable s\u00e9curis\u00e9 \u00e0 droite. Sp\u00e9cifications : Longueur de la lame : 8,5 cm Longueur du manche : 12,5 cm Longueur totale : 21 cm Acier : M390 Style de lame : pointe de lance Mouture de la lame : plate Finition de la lame : Stonewash Mat\u00e9riau de la poign\u00e9e : aluminium M\u00e9canisme de verrouillage : bouton Clip de poche : acier inoxydable Poids : 6,3 oz. Fabriqu\u00e9 aux \u00c9tats-Unis  &nbsp;<\/p>\n","protected":false},"excerpt":{"rendered":"<p><strong>Au fil des ann\u00e9es, Microtech\u00ae Knives a rempli les couteaux avec passion et comp\u00e9tence pour cr\u00e9er presque des \u0153uvres d&rsquo;art qui sont le summum de la fonctionnalit\u00e9. Toutes les pi\u00e8ces sont fabriqu\u00e9es aux \u00c9tats-Unis.<\/strong><br \/>\n<strong>Tous les couteaux Microtech sont garantis \u00e0 vie.<\/strong><\/p>\n<p><strong>Transports gratuits.<\/strong><\/p>\n","protected":false},"featured_media":354424,"comment_status":"open","ping_status":"closed","template":"","meta":[],"pwb-brand":[3751],"product_brand":[],"product_cat":[3699,3696],"product_tag":[3754],"class_list":{"0":"post-354419","1":"product","2":"type-product","3":"status-publish","4":"has-post-thumbnail","6":"pwb-brand-microtechnologie","7":"product_cat-couteaux-de-tir","8":"product_cat-des-couteaux","9":"product_tag-b2b-fr","11":"first","12":"instock","13":"taxable","14":"shipping-taxable","15":"purchasable","16":"product-type-simple"},"brands":[{"id":3751,"name":"Microtechnologie","slug":"microtechnologie"}],"_links":{"self":[{"href":"https:\/\/www.moskito.cz\/fr\/wp-json\/wp\/v2\/product\/354419","targetHints":{"allow":["GET"]}}],"collection":[{"href":"https:\/\/www.moskito.cz\/fr\/wp-json\/wp\/v2\/product"}],"about":[{"href":"https:\/\/www.moskito.cz\/fr\/wp-json\/wp\/v2\/types\/product"}],"replies":[{"embeddable":true,"href":"https:\/\/www.moskito.cz\/fr\/wp-json\/wp\/v2\/comments?post=354419"}],"wp:featuredmedia":[{"embeddable":true,"href":"https:\/\/www.moskito.cz\/fr\/wp-json\/wp\/v2\/media\/354424"}],"wp:attachment":[{"href":"https:\/\/www.moskito.cz\/fr\/wp-json\/wp\/v2\/media?parent=354419"}],"wp:term":[{"taxonomy":"pwb-brand","embeddable":true,"href":"https:\/\/www.moskito.cz\/fr\/wp-json\/wp\/v2\/pwb-brand?post=354419"},{"taxonomy":"product_brand","embeddable":true,"href":"https:\/\/www.moskito.cz\/fr\/wp-json\/wp\/v2\/product_brand?post=354419"},{"taxonomy":"product_cat","embeddable":true,"href":"https:\/\/www.moskito.cz\/fr\/wp-json\/wp\/v2\/product_cat?post=354419"},{"taxonomy":"product_tag","embeddable":true,"href":"https:\/\/www.moskito.cz\/fr\/wp-json\/wp\/v2\/product_tag?post=354419"}],"curies":[{"name":"wp","href":"https:\/\/api.w.org\/{rel}","templated":true}]}}