{"id":354496,"date":"2024-08-07T04:37:13","date_gmt":"2024-08-07T03:38:03","guid":{"rendered":"https:\/\/www.moskito.cz\/produkt\/couteau-de-tir-microtech-borka-stitch-apocalyptic-169-11ap\/"},"modified":"2025-05-07T11:22:21","modified_gmt":"2025-05-07T10:22:21","slug":"couteau-de-tir-microtech-borka-stitch-apocalyptic-169-11ap","status":"publish","type":"product","link":"https:\/\/www.moskito.cz\/fr\/produkt\/couteau-de-tir-microtech-borka-stitch-apocalyptic-169-11ap\/","title":{"rendered":"Couteau de tir Microtech\/Borka Stitch Apocalyptic 169-11AP"},"content":{"rendered":"<p>Couteau de tir <strong>Microtech<\/strong> \/ Borka Stitch Apocalyptic 169-11AP. Automatic <strong>Stitch<\/strong> est une belle collaboration tactique entre Tony Marfione et Sebastijan Berenji, AKA Borka. Il prend le superbe design Stitch de Sebastijan et le combine avec l&rsquo;incroyable ouverture automatique de Tony pour cr\u00e9er l&rsquo;une des collaborations de production les plus cool de 2017. La lame de fer de lance a une finition apocalyptique en pierre fonc\u00e9e et une rampe de cerclage pour les doigts et les pouces pour un excellent achat lors d&rsquo;op\u00e9rations de coupe plus fines. La poign\u00e9e est en aluminium frais\u00e9 lourdement avec une finition anodis\u00e9e noire Mil-Spec Hardcoat et tire comme une fus\u00e9e et se verrouille fermement, ce qui Il s&rsquo;agit du mod\u00e8le de production tant attendu du c\u00e9l\u00e8bre Custom, gr\u00e2ce auquel vous avez la chance de poss\u00e9der un couteau Borka pour une fraction du prix. Sp\u00e9cifications : Longueur de la lame : 8,5 cm Longueur du manche : 12,5 cm Longueur totale : 21 cm Acier : M390 Style de lame : Pointe de lance Aff\u00fbtage de la lame : Plat Finition de la lame : Apocalyptique Mat\u00e9riau du manche : Aluminium frais\u00e9, rev\u00eatement anodis\u00e9 dur Mil-Spec M\u00e9canisme de verrouillage : Poche \u00e0 bouton clip : Acier inoxydable (rabattable, usure \u00e0 droite) Poids : 6,3 oz. Cr\u00e9ateurs : Sebastijan Berenji et Tony Marfione Fabriqu\u00e9 aux USA https:\/\/youtu.be\/xE9TeOFYEjg  &nbsp;<\/p>\n","protected":false},"excerpt":{"rendered":"<p><strong>Au fil des ann\u00e9es, Microtech\u00ae Knives a rempli les couteaux avec passion et comp\u00e9tence pour cr\u00e9er presque des \u0153uvres d&rsquo;art qui sont le summum de la fonctionnalit\u00e9. Toutes les pi\u00e8ces sont fabriqu\u00e9es aux \u00c9tats-Unis.<\/strong><br \/>\n<strong>Tous les couteaux Microtech sont garantis \u00e0 vie.<\/strong><\/p>\n<p><strong>Transports gratuits.<\/strong><\/p>\n","protected":false},"featured_media":354447,"comment_status":"open","ping_status":"closed","template":"","meta":[],"pwb-brand":[3751],"product_brand":[],"product_cat":[3699,3696],"product_tag":[3754],"class_list":{"0":"post-354496","1":"product","2":"type-product","3":"status-publish","4":"has-post-thumbnail","6":"pwb-brand-microtechnologie","7":"product_cat-couteaux-de-tir","8":"product_cat-des-couteaux","9":"product_tag-b2b-fr","11":"first","12":"instock","13":"taxable","14":"shipping-taxable","15":"purchasable","16":"product-type-simple"},"brands":[{"id":3751,"name":"Microtechnologie","slug":"microtechnologie"}],"_links":{"self":[{"href":"https:\/\/www.moskito.cz\/fr\/wp-json\/wp\/v2\/product\/354496","targetHints":{"allow":["GET"]}}],"collection":[{"href":"https:\/\/www.moskito.cz\/fr\/wp-json\/wp\/v2\/product"}],"about":[{"href":"https:\/\/www.moskito.cz\/fr\/wp-json\/wp\/v2\/types\/product"}],"replies":[{"embeddable":true,"href":"https:\/\/www.moskito.cz\/fr\/wp-json\/wp\/v2\/comments?post=354496"}],"wp:featuredmedia":[{"embeddable":true,"href":"https:\/\/www.moskito.cz\/fr\/wp-json\/wp\/v2\/media\/354447"}],"wp:attachment":[{"href":"https:\/\/www.moskito.cz\/fr\/wp-json\/wp\/v2\/media?parent=354496"}],"wp:term":[{"taxonomy":"pwb-brand","embeddable":true,"href":"https:\/\/www.moskito.cz\/fr\/wp-json\/wp\/v2\/pwb-brand?post=354496"},{"taxonomy":"product_brand","embeddable":true,"href":"https:\/\/www.moskito.cz\/fr\/wp-json\/wp\/v2\/product_brand?post=354496"},{"taxonomy":"product_cat","embeddable":true,"href":"https:\/\/www.moskito.cz\/fr\/wp-json\/wp\/v2\/product_cat?post=354496"},{"taxonomy":"product_tag","embeddable":true,"href":"https:\/\/www.moskito.cz\/fr\/wp-json\/wp\/v2\/product_tag?post=354496"}],"curies":[{"name":"wp","href":"https:\/\/api.w.org\/{rel}","templated":true}]}}