{"id":354555,"date":"2024-08-07T04:55:37","date_gmt":"2024-08-07T03:59:08","guid":{"rendered":"https:\/\/www.moskito.cz\/produkt\/couteau-de-fermeture-microtech-stitch-stonewashed-169rl-10flgtbk\/"},"modified":"2025-05-07T11:22:23","modified_gmt":"2025-05-07T10:22:23","slug":"couteau-de-fermeture-microtech-stitch-stonewashed-169rl-10flgtbk","status":"publish","type":"product","link":"https:\/\/www.moskito.cz\/fr\/produkt\/couteau-de-fermeture-microtech-stitch-stonewashed-169rl-10flgtbk\/","title":{"rendered":"Couteau de fermeture Microtech Stitch Stonewashed 169RL-10FLGTBK"},"content":{"rendered":"<p>Couteau de fermeture <strong>Microtech<\/strong> Stitch Stonewashed 169RL-10FLGTBK. Sorti en 2023, <strong>Stitch<\/strong> RAM-LOK a fait ses d\u00e9buts avec MSI ( <strong>Microtech Standard issue<\/strong> ) en tant que premier <strong>Microtech<\/strong> \u00e0 pr\u00e9senter la fantastique technologie RAM-LOK. Ce verrou de tableau arri\u00e8re au look dur pr\u00e9sente le motif de marche <strong>Microtech<\/strong> rendu c\u00e9l\u00e8bre par la s\u00e9rie d&rsquo;interrupteurs de commande <strong>Ultratech<\/strong> . La grande d\u00e9coupe de la lame offre suffisamment d&rsquo;espace pour un \u00e9lan arri\u00e8re du majeur ainsi qu&rsquo;une ouverture lente standard du pouce avec ou sans gants. Si vous n&rsquo;\u00eates pas \u00e0 l&rsquo;aise avec l&rsquo;un ou l&rsquo;autre, tirez simplement sur le RAM-LOK et la lame s&rsquo;ouvre d&rsquo;un simple mouvement du poignet. Les poign\u00e9es G10 sont lisses et l\u00e9g\u00e8rement collantes et offrent un grand potentiel d&rsquo;adh\u00e9rence en poign\u00e9es standard et invers\u00e9es. Robuste, durable et fabriqu\u00e9 aux \u00c9tats-Unis ; nous savons que MSI deviendra rapidement un favori parmi tous les membres de la communaut\u00e9 des couteaux. Le <strong>Microtech Stitch<\/strong> est une belle collaboration tactique entre Tony Marfione et Sebastijan Berenji, \u00e9galement connu sous le nom de Borka. Il reprend l&rsquo;incroyable design Stitch de Sebastijan et le combine avec l&rsquo;incroyable m\u00e9canique d&rsquo;ouverture de Tony pour cr\u00e9er l&rsquo;une des collaborations de production les plus \u00e9tonnantes de tous les temps. La lame \u00e0 pointe de lance pr\u00e9sente une meule plate et une gouge sur le doigt et le pouce pour un achat sup\u00e9rieur sur des t\u00e2ches de coupe plus fines. Sp\u00e9cifications : Longueur de la lame : 9 cm Longueur ferm\u00e9e : 12,5 cm Longueur totale : 21 cm Acier de la lame : Bohler M390MK en acier inoxydable Style de lame : pointe de lance Mouture de la lame : plate Finition de la lame : Stonewash Mat\u00e9riau du manche : G10 rainur\u00e9 noir Mat\u00e9riau de l&rsquo;insert : acier inoxydable M\u00e9canisme de verrouillage : RAM -Clip de poche LOK&nbsp;: Acier inoxydable (rabattable, usure \u00e0 droite) Poids&nbsp;: 5,22 oz. Cr\u00e9ateurs : Sebastijan Berenji et Tony Marfione Fabriqu\u00e9 aux USA https:\/\/youtu.be\/xE9TeOFYEjg  &nbsp;<\/p>\n","protected":false},"excerpt":{"rendered":"<p><strong>Au fil des ann\u00e9es, Microtech\u00ae Knives a rempli les couteaux de passion et de savoir-faire pour cr\u00e9er presque des \u0153uvres d&rsquo;art qui sont le summum de la fonctionnalit\u00e9. Toutes les pi\u00e8ces sont fabriqu\u00e9es aux \u00c9tats-Unis.<\/strong><br \/>\n<strong>Tous les couteaux Microtech sont garantis \u00e0 vie.<\/strong><\/p>\n<p><strong>Transports gratuits.<\/strong><\/p>\n","protected":false},"featured_media":354503,"comment_status":"open","ping_status":"closed","template":"","meta":[],"pwb-brand":[3751],"product_brand":[],"product_cat":[3700,3696],"product_tag":[3754],"class_list":{"0":"post-354555","1":"product","2":"type-product","3":"status-publish","4":"has-post-thumbnail","6":"pwb-brand-microtechnologie","7":"product_cat-couteaux-de-fermeture","8":"product_cat-des-couteaux","9":"product_tag-b2b-fr","11":"first","12":"instock","13":"taxable","14":"shipping-taxable","15":"purchasable","16":"product-type-simple"},"brands":[{"id":3751,"name":"Microtechnologie","slug":"microtechnologie"}],"_links":{"self":[{"href":"https:\/\/www.moskito.cz\/fr\/wp-json\/wp\/v2\/product\/354555","targetHints":{"allow":["GET"]}}],"collection":[{"href":"https:\/\/www.moskito.cz\/fr\/wp-json\/wp\/v2\/product"}],"about":[{"href":"https:\/\/www.moskito.cz\/fr\/wp-json\/wp\/v2\/types\/product"}],"replies":[{"embeddable":true,"href":"https:\/\/www.moskito.cz\/fr\/wp-json\/wp\/v2\/comments?post=354555"}],"wp:featuredmedia":[{"embeddable":true,"href":"https:\/\/www.moskito.cz\/fr\/wp-json\/wp\/v2\/media\/354503"}],"wp:attachment":[{"href":"https:\/\/www.moskito.cz\/fr\/wp-json\/wp\/v2\/media?parent=354555"}],"wp:term":[{"taxonomy":"pwb-brand","embeddable":true,"href":"https:\/\/www.moskito.cz\/fr\/wp-json\/wp\/v2\/pwb-brand?post=354555"},{"taxonomy":"product_brand","embeddable":true,"href":"https:\/\/www.moskito.cz\/fr\/wp-json\/wp\/v2\/product_brand?post=354555"},{"taxonomy":"product_cat","embeddable":true,"href":"https:\/\/www.moskito.cz\/fr\/wp-json\/wp\/v2\/product_cat?post=354555"},{"taxonomy":"product_tag","embeddable":true,"href":"https:\/\/www.moskito.cz\/fr\/wp-json\/wp\/v2\/product_tag?post=354555"}],"curies":[{"name":"wp","href":"https:\/\/api.w.org\/{rel}","templated":true}]}}