{"id":354833,"date":"2024-08-07T21:52:03","date_gmt":"2024-08-07T21:11:18","guid":{"rendered":"https:\/\/www.moskito.cz\/produkt\/couteau-de-tir-microtech-combat-troodon-gen-iii-auto-stonewashed-1142-10\/"},"modified":"2025-05-07T11:22:28","modified_gmt":"2025-05-07T10:22:28","slug":"couteau-de-tir-microtech-combat-troodon-gen-iii-auto-stonewashed-1142-10","status":"publish","type":"product","link":"https:\/\/www.moskito.cz\/fr\/produkt\/couteau-de-tir-microtech-combat-troodon-gen-iii-auto-stonewashed-1142-10\/","title":{"rendered":"Couteau de tir Microtech Combat Troodon Gen III AUTO Stonewashed 1142-10"},"content":{"rendered":"<p>Couteau de tir <strong>Microtech<\/strong> Combat Troodon Gen III AUTO Stonewashed 1142-10. <strong>Le Combat Troodon Gen III<\/strong> est le summum de l&rsquo;ing\u00e9nierie de pr\u00e9cision et des prouesses tactiques en mati\u00e8re de couteaux frontaux. B\u00e9n\u00e9ficiant d&rsquo;une taille augment\u00e9e de 25 % par rapport au produit phare Troodon, cette \u00e9volution red\u00e9finit l&rsquo;excellence tactique avec sa poign\u00e9e fine et profond\u00e9ment grav\u00e9e, son design profil\u00e9 et ses fonctionnalit\u00e9s innovantes. Le m\u00e9canisme interne sophistiqu\u00e9 am\u00e9liore non seulement la fonctionnalit\u00e9 op\u00e9rationnelle, mais \u00e9l\u00e8ve \u00e9galement la fiabilit\u00e9 \u00e0 de nouveaux sommets \u00e0 plus grande \u00e9chelle. Soigneusement con\u00e7u pour de multiples utilisations, <strong>le Combat Troodon<\/strong> t\u00e9moigne de sa polyvalence tactique, excellant dans les sc\u00e9narios utilitaires et de combat rapproch\u00e9. En plus des dimensions physiques, le manche de ce mod\u00e8le d&rsquo;exception est orn\u00e9 d&rsquo;une gravure profonde, non seulement pour une impression visuelle incroyable, mais aussi pour offrir une exp\u00e9rience tactile unique. L&rsquo;inclusion de la construction du mat\u00e9riel Torx souligne en outre l&rsquo;attention m\u00e9ticuleuse port\u00e9e aux d\u00e9tails, garantissant durabilit\u00e9 et facilit\u00e9 d&rsquo;entretien, tandis que le clip de poche r\u00e9versible est enti\u00e8rement r\u00e9versible. Le Combat Troodon Gen III, qui signifie \u00ab dent blessante \u00bb, est un formidable couteau tactique frontal qui int\u00e8gre une ing\u00e9nierie de pr\u00e9cision, des \u00e9l\u00e9ments essentiels du combat et un design \u00e9l\u00e9gant. Sp\u00e9cifications : Longueur de la lame : 4,125&Prime; Longueur de la lame : 10,3 cm Longueur ferm\u00e9e : 14 cm Longueur totale : 24 cm Acier de la lame : Acier inoxydable Bohler M390MK Style de lame : Dague \u00e0 double tranchant Mouture de la lame : Plat Finition de la lame : Stonewash Mat\u00e9riau du manche : Avion noir profond\u00e9ment grav\u00e9 M\u00e9canisme de verrouillage en aluminium : Pouce Slide Pocket Fermoir : Titane (Flip, usure droite\/gauche) Poids : 5,22 oz. Cr\u00e9ateur : Tony Marfione Fabriqu\u00e9 aux \u00c9tats-Unis https:\/\/youtu.be\/xE9TeOFYEjg  &nbsp;<\/p>\n<p>&nbsp;<\/p>\n","protected":false},"excerpt":{"rendered":"<p><strong>Au fil des ann\u00e9es, Microtech\u00ae Knives a rempli les couteaux avec passion et comp\u00e9tence pour cr\u00e9er presque des \u0153uvres d&rsquo;art qui sont le summum de la fonctionnalit\u00e9. Toutes les pi\u00e8ces sont fabriqu\u00e9es aux \u00c9tats-Unis.<\/strong><br \/>\n<strong>Tous les couteaux Microtech sont garantis \u00e0 vie.<\/strong><\/p>\n<p style=\"text-align: center;\"><strong>Transports gratuits.<\/strong><\/p>\n","protected":false},"featured_media":354737,"comment_status":"open","ping_status":"closed","template":"","meta":[],"pwb-brand":[3751],"product_brand":[],"product_cat":[3699,3696],"product_tag":[3754],"class_list":{"0":"post-354833","1":"product","2":"type-product","3":"status-publish","4":"has-post-thumbnail","6":"pwb-brand-microtechnologie","7":"product_cat-couteaux-de-tir","8":"product_cat-des-couteaux","9":"product_tag-b2b-fr","11":"first","12":"outofstock","13":"taxable","14":"shipping-taxable","15":"purchasable","16":"product-type-simple"},"brands":[{"id":3751,"name":"Microtechnologie","slug":"microtechnologie"}],"_links":{"self":[{"href":"https:\/\/www.moskito.cz\/fr\/wp-json\/wp\/v2\/product\/354833","targetHints":{"allow":["GET"]}}],"collection":[{"href":"https:\/\/www.moskito.cz\/fr\/wp-json\/wp\/v2\/product"}],"about":[{"href":"https:\/\/www.moskito.cz\/fr\/wp-json\/wp\/v2\/types\/product"}],"replies":[{"embeddable":true,"href":"https:\/\/www.moskito.cz\/fr\/wp-json\/wp\/v2\/comments?post=354833"}],"wp:featuredmedia":[{"embeddable":true,"href":"https:\/\/www.moskito.cz\/fr\/wp-json\/wp\/v2\/media\/354737"}],"wp:attachment":[{"href":"https:\/\/www.moskito.cz\/fr\/wp-json\/wp\/v2\/media?parent=354833"}],"wp:term":[{"taxonomy":"pwb-brand","embeddable":true,"href":"https:\/\/www.moskito.cz\/fr\/wp-json\/wp\/v2\/pwb-brand?post=354833"},{"taxonomy":"product_brand","embeddable":true,"href":"https:\/\/www.moskito.cz\/fr\/wp-json\/wp\/v2\/product_brand?post=354833"},{"taxonomy":"product_cat","embeddable":true,"href":"https:\/\/www.moskito.cz\/fr\/wp-json\/wp\/v2\/product_cat?post=354833"},{"taxonomy":"product_tag","embeddable":true,"href":"https:\/\/www.moskito.cz\/fr\/wp-json\/wp\/v2\/product_tag?post=354833"}],"curies":[{"name":"wp","href":"https:\/\/api.w.org\/{rel}","templated":true}]}}