{"id":355140,"date":"2024-08-08T22:21:05","date_gmt":"2024-08-08T21:23:05","guid":{"rendered":"https:\/\/www.moskito.cz\/produkt\/couteau-de-fermeture-microtech-amphibian-137rl-1flgtod\/"},"modified":"2025-05-07T11:22:38","modified_gmt":"2025-05-07T10:22:38","slug":"couteau-de-fermeture-microtech-amphibian-137rl-1flgtod","status":"publish","type":"product","link":"https:\/\/www.moskito.cz\/fr\/produkt\/couteau-de-fermeture-microtech-amphibian-137rl-1flgtod\/","title":{"rendered":"Couteau de fermeture Microtech Amphibian 137RL-1FLGTOD"},"content":{"rendered":"<p>Couteau de fermeture <strong>Microtech<\/strong> Amphibian 137RL-1FLGTOD. <strong>Amphibian<\/strong> est un v\u00e9ritable classique de Marfione datant de plus de 20 ans. Cela remonte \u00e0 l&rsquo;\u00e9poque o\u00f9 <strong>les couteaux Microtech<\/strong> pouvaient \u00eatre \u00e0 la fois automatiques et manuels&#8230; en un. Ce que nous avons ici est une version manuelle int\u00e9grant le design RAM-LOK de Tony avec un clip de poche ambidextre et deux broches pour le pouce pour un couteau enti\u00e8rement ambidextre qui ne sacrifie rien. Il est dot\u00e9 de l&rsquo;acier \u00e0 lame brevet\u00e9 Bohler M390MK disponible uniquement chez <strong>Microtech Knives<\/strong> . Le couteau est similaire au mod\u00e8le MSI <strong>Microtech<\/strong> Standard en termes de taille, mais en termes de style, il n&rsquo;y a pas de comparaison. L&rsquo;Amphibian est l&rsquo;un des mod\u00e8les de couteaux tactiques les plus cool de tous les temps, et nous sommes heureux qu&rsquo;il soit de retour et disponible pour le grand public ! Sp\u00e9cifications : Longueur de la lame : 9,67 cm Longueur ferm\u00e9e : 13,42 cm Longueur totale : 23,12 cm Acier de la lame : Acier inoxydable Bohler M390MK Style de lame : Point de clip Meulage de la lame : Creux Finition de la lame : Noir Mat\u00e9riau du manche : Dentel\u00e9 OD Green G10 M\u00e9canisme de verrouillage : RAM-LOK Clip de poche : Titane (d\u00e9pliable, usure gauche\/droite) Poids : 5,93 oz. Cr\u00e9ateur : Tony Marfione Fabriqu\u00e9 aux \u00c9tats-Unis https:\/\/youtu.be\/xE9TeOFYEjg<\/p>\n","protected":false},"excerpt":{"rendered":"<p><strong>Au fil des ann\u00e9es, Microtech\u00ae Knives a rempli les couteaux de passion et de savoir-faire pour cr\u00e9er presque des \u0153uvres d&rsquo;art qui sont le summum de la fonctionnalit\u00e9. Toutes les pi\u00e8ces sont fabriqu\u00e9es aux \u00c9tats-Unis.<\/strong><br \/>\n<strong>Tous les couteaux Microtech sont garantis \u00e0 vie.<\/strong><\/p>\n<p><strong>Transports gratuits.<\/strong><\/p>\n","protected":false},"featured_media":355089,"comment_status":"open","ping_status":"closed","template":"","meta":[],"pwb-brand":[3751],"product_brand":[],"product_cat":[3700,3696],"product_tag":[3754],"class_list":{"0":"post-355140","1":"product","2":"type-product","3":"status-publish","4":"has-post-thumbnail","6":"pwb-brand-microtechnologie","7":"product_cat-couteaux-de-fermeture","8":"product_cat-des-couteaux","9":"product_tag-b2b-fr","11":"first","12":"outofstock","13":"taxable","14":"shipping-taxable","15":"purchasable","16":"product-type-simple"},"brands":[{"id":3751,"name":"Microtechnologie","slug":"microtechnologie"}],"_links":{"self":[{"href":"https:\/\/www.moskito.cz\/fr\/wp-json\/wp\/v2\/product\/355140","targetHints":{"allow":["GET"]}}],"collection":[{"href":"https:\/\/www.moskito.cz\/fr\/wp-json\/wp\/v2\/product"}],"about":[{"href":"https:\/\/www.moskito.cz\/fr\/wp-json\/wp\/v2\/types\/product"}],"replies":[{"embeddable":true,"href":"https:\/\/www.moskito.cz\/fr\/wp-json\/wp\/v2\/comments?post=355140"}],"wp:featuredmedia":[{"embeddable":true,"href":"https:\/\/www.moskito.cz\/fr\/wp-json\/wp\/v2\/media\/355089"}],"wp:attachment":[{"href":"https:\/\/www.moskito.cz\/fr\/wp-json\/wp\/v2\/media?parent=355140"}],"wp:term":[{"taxonomy":"pwb-brand","embeddable":true,"href":"https:\/\/www.moskito.cz\/fr\/wp-json\/wp\/v2\/pwb-brand?post=355140"},{"taxonomy":"product_brand","embeddable":true,"href":"https:\/\/www.moskito.cz\/fr\/wp-json\/wp\/v2\/product_brand?post=355140"},{"taxonomy":"product_cat","embeddable":true,"href":"https:\/\/www.moskito.cz\/fr\/wp-json\/wp\/v2\/product_cat?post=355140"},{"taxonomy":"product_tag","embeddable":true,"href":"https:\/\/www.moskito.cz\/fr\/wp-json\/wp\/v2\/product_tag?post=355140"}],"curies":[{"name":"wp","href":"https:\/\/api.w.org\/{rel}","templated":true}]}}