{"id":355254,"date":"2024-08-08T23:18:47","date_gmt":"2024-08-08T22:26:22","guid":{"rendered":"https:\/\/www.moskito.cz\/produkt\/couteau-de-fermeture-microtech-matrix-165c-4cfti\/"},"modified":"2025-05-07T11:22:41","modified_gmt":"2025-05-07T10:22:41","slug":"couteau-de-fermeture-microtech-matrix-165c-4cfti","status":"publish","type":"product","link":"https:\/\/www.moskito.cz\/fr\/produkt\/couteau-de-fermeture-microtech-matrix-165c-4cfti\/","title":{"rendered":"Couteau de fermeture Microtech Matrix 165C-4CFTI"},"content":{"rendered":"<p>Couteau de fermeture <strong>Microtech<\/strong> Matrix 165C-4CFTI. <strong>Le Matrix<\/strong> est un autre chef-d&rsquo;\u0153uvre commun de <strong>Microtech Knives<\/strong> et de Rike Knife Co., dot\u00e9 d&rsquo;un aileron manuel exceptionnel avec une action parfaitement fluide. \u00c0 l&rsquo;image du luxe abordable incarn\u00e9 par le Socom Bravo Mini, ce couteau pleine grandeur p\u00e8se exactement six onces et mesure 9,35&Prime; de long, y compris le brise-verre en tungst\u00e8ne. Le manche est fabriqu\u00e9 avec pr\u00e9cision et combine harmonieusement le titane et la fibre de carbone pour une ergonomie optimale, offrant un outil de coupe aux capacit\u00e9s in\u00e9gal\u00e9es. Le clip \u00e0 bille double face en carbure de silicium garantit l&rsquo;int\u00e9grit\u00e9 de la poche. Agissez vite et ne manquez pas l&rsquo;opportunit\u00e9 de poss\u00e9der cette \u00e9dition limit\u00e9e. Longueur totale : 23,37 cm Mat\u00e9riau de la lame : Acier inoxydable Bohler M390. Mouture de la lame en pied de mouton modifi\u00e9e&nbsp;: Finition de la lame plate&nbsp;: Satin frott\u00e9 \u00e0 la main Mat\u00e9riau du manche&nbsp;: Titane 6Al4V renforc\u00e9 avec \u00e9chelle en fibre de carbone M\u00e9canisme de verrouillage&nbsp;: Assemblage de la goupille de verrouillage du cadre&nbsp;: Clip de poche de roulement&nbsp;: Titane (pliage, usure droite\/gauche) Poids&nbsp;:&nbsp;6,00 oz. Tony Marfione https:\/\/youtu.be\/xE9TeOFYEjg        &nbsp;<\/p>\n","protected":false},"excerpt":{"rendered":"<p><strong>Au fil des ann\u00e9es, Microtech\u00ae Knives a rempli les couteaux avec passion et comp\u00e9tence pour cr\u00e9er presque des \u0153uvres d&rsquo;art qui sont le summum de la fonctionnalit\u00e9. Toutes les pi\u00e8ces sont fabriqu\u00e9es aux \u00c9tats-Unis.<\/strong><br \/>\n<strong>Tous les couteaux Microtech sont garantis \u00e0 vie.<\/strong><\/p>\n<p><strong>Transports gratuits.<\/strong><\/p>\n","protected":false},"featured_media":355195,"comment_status":"open","ping_status":"closed","template":"","meta":[],"pwb-brand":[3751],"product_brand":[],"product_cat":[3700,3696],"product_tag":[3754],"class_list":{"0":"post-355254","1":"product","2":"type-product","3":"status-publish","4":"has-post-thumbnail","6":"pwb-brand-microtechnologie","7":"product_cat-couteaux-de-fermeture","8":"product_cat-des-couteaux","9":"product_tag-b2b-fr","11":"first","12":"instock","13":"taxable","14":"shipping-taxable","15":"purchasable","16":"product-type-simple"},"brands":[{"id":3751,"name":"Microtechnologie","slug":"microtechnologie"}],"_links":{"self":[{"href":"https:\/\/www.moskito.cz\/fr\/wp-json\/wp\/v2\/product\/355254","targetHints":{"allow":["GET"]}}],"collection":[{"href":"https:\/\/www.moskito.cz\/fr\/wp-json\/wp\/v2\/product"}],"about":[{"href":"https:\/\/www.moskito.cz\/fr\/wp-json\/wp\/v2\/types\/product"}],"replies":[{"embeddable":true,"href":"https:\/\/www.moskito.cz\/fr\/wp-json\/wp\/v2\/comments?post=355254"}],"wp:featuredmedia":[{"embeddable":true,"href":"https:\/\/www.moskito.cz\/fr\/wp-json\/wp\/v2\/media\/355195"}],"wp:attachment":[{"href":"https:\/\/www.moskito.cz\/fr\/wp-json\/wp\/v2\/media?parent=355254"}],"wp:term":[{"taxonomy":"pwb-brand","embeddable":true,"href":"https:\/\/www.moskito.cz\/fr\/wp-json\/wp\/v2\/pwb-brand?post=355254"},{"taxonomy":"product_brand","embeddable":true,"href":"https:\/\/www.moskito.cz\/fr\/wp-json\/wp\/v2\/product_brand?post=355254"},{"taxonomy":"product_cat","embeddable":true,"href":"https:\/\/www.moskito.cz\/fr\/wp-json\/wp\/v2\/product_cat?post=355254"},{"taxonomy":"product_tag","embeddable":true,"href":"https:\/\/www.moskito.cz\/fr\/wp-json\/wp\/v2\/product_tag?post=355254"}],"curies":[{"name":"wp","href":"https:\/\/api.w.org\/{rel}","templated":true}]}}