{"id":355760,"date":"2024-08-09T15:35:48","date_gmt":"2024-08-09T19:17:50","guid":{"rendered":"https:\/\/www.moskito.cz\/produkt\/couteau-de-tir-frank-beltrame-baionnette-corne-de-buffle-33cm\/"},"modified":"2025-05-07T11:22:47","modified_gmt":"2025-05-07T10:22:47","slug":"couteau-de-tir-frank-beltrame-baionnette-corne-de-buffle-33cm","status":"publish","type":"product","link":"https:\/\/www.moskito.cz\/fr\/produkt\/couteau-de-tir-frank-beltrame-baionnette-corne-de-buffle-33cm\/","title":{"rendered":"Couteau de tir Frank Beltrame Ba\u00efonnette Corne de Buffle 33cm"},"content":{"rendered":"<p>Couteau de tir <strong>Frank Beltrame<\/strong> Ba\u00efonnette Corne de Buffle 33cm. Corne <strong>de buffle Stiletto<\/strong> italienne classique, ba\u00efonnette 28 cm, couteau \u00e0 ressort traditionnel italien, l&rsquo;ouverture de la lame doit s&rsquo;effectuer en quelques centi\u00e8mes de seconde (caract\u00e9ristique des couteaux Stiletto). Les couteaux Frank Beltrame Stiletto, enti\u00e8rement fabriqu\u00e9s \u00e0 la main selon les principes de l&rsquo;artisanat italien, sont c\u00e9l\u00e8bres dans le monde entier pour leur extr\u00eame l\u00e9g\u00e8ret\u00e9 et leur durabilit\u00e9. De par ses caract\u00e9ristiques, le poignard italien peut \u00eatre utilis\u00e9 dans n&rsquo;importe quel environnement, de la chasse au camping. Construction solide et durable, ressort d&rsquo;ouverture de lame solide est la marque des ceintures \u00e0 ressorts italiennes classiques <strong>Frank Beltrame<\/strong> . La poign\u00e9e recouverte d&rsquo;une garniture en corne de buffle souligne le look exclusif. Avec une finition en nickel poli, il offre une prise en main confortable et s\u00e9curis\u00e9e. La s\u00e9curit\u00e9 d&rsquo;utilisation est renforc\u00e9e par la forme ergonomique de la poign\u00e9e, qui emp\u00eache la main de glisser pendant le travail. Rivets en laiton. Lame &#8211; une lame extr\u00eamement tranchante et pr\u00e9cise avec un profil Spear Point (Ba\u00efonnette), de 3,5 mm d&rsquo;\u00e9paisseur, qui augmente les propri\u00e9t\u00e9s per\u00e7antes de la fausse lame. Fabriqu\u00e9 en acier inoxydable AISI 420 MA5M, facile \u00e0 meuler, caract\u00e9ris\u00e9 par une haute r\u00e9sistance \u00e0 la corrosion. Acier tremp\u00e9 56 HRC. Un type de lame courant d\u00e9riv\u00e9 du meulage plat offre de bonnes propri\u00e9t\u00e9s de coupe et de p\u00e9n\u00e9tration. La protection en acier prot\u00e8ge la main contre tout glissement ind\u00e9sirable et permet de plier la lame lorsqu&rsquo;elle est press\u00e9e. Verrouillage &#8211; emp\u00eache le pliage ou l&rsquo;ouverture accidentelle de la lame. Le couteau automatique s&rsquo;ouvre \u00e0 l&rsquo;aide d&rsquo;un bouton fixe situ\u00e9 sur le manche. Ressort &#8211; une attention particuli\u00e8re est port\u00e9e \u00e0 la conception du ressort (acier inoxydable) : la lame doit s&rsquo;ouvrir en quelques centi\u00e8mes de seconde (caract\u00e9ristique des couteaux Stiletto). Le couteau Beltrame \u00e9met un son caract\u00e9ristique (clic) lors de l&rsquo;ouverture de la lame, ce qui le distingue des autres couteaux \u00e0 ressort. Donn\u00e9es techniques : Num\u00e9ro de produit : FB 33\/ 58B Nom : Corne de buffle italienne classique, ba\u00efonnette 33 Type d&rsquo;acier : AISI 420 MA5M Duret\u00e9 de la lame Rockwell : 56 HRC Longueur de la lame : 14 cm \u00c9paisseur de la lame : 0,35 cm Longueur totale : 33 cm Lame : lisse Type de lame : Spear Point (ba\u00efonnette) Verrouillage du couteau : Oui Type de manche : Bull Horn Fabricant : F.LLI Beltrame, Italie  &nbsp;<\/p>\n","protected":false},"excerpt":{"rendered":"<p><strong>Les couteaux Beltrame sont fabriqu\u00e9s en Italie depuis 1953. L&rsquo;entreprise a \u00e9t\u00e9 fond\u00e9e par Frank Beltram. Le secret de fabrication de ces couteaux Stiletto fait partie de l&rsquo;histoire de Maniago, transmise de p\u00e8re en fils.<\/strong><br \/>\n<strong>Fabriqu\u00e9 en Italie.<\/strong><\/p>\n","protected":false},"featured_media":355373,"comment_status":"open","ping_status":"closed","template":"","meta":[],"pwb-brand":[3779],"product_brand":[],"product_cat":[3699,3696],"product_tag":[3754],"class_list":{"0":"post-355760","1":"product","2":"type-product","3":"status-publish","4":"has-post-thumbnail","6":"pwb-brand-ceinture","7":"product_cat-couteaux-de-tir","8":"product_cat-des-couteaux","9":"product_tag-b2b-fr","11":"first","12":"outofstock","13":"taxable","14":"shipping-taxable","15":"purchasable","16":"product-type-simple"},"brands":[{"id":3779,"name":"Ceinture","slug":"ceinture"}],"_links":{"self":[{"href":"https:\/\/www.moskito.cz\/fr\/wp-json\/wp\/v2\/product\/355760","targetHints":{"allow":["GET"]}}],"collection":[{"href":"https:\/\/www.moskito.cz\/fr\/wp-json\/wp\/v2\/product"}],"about":[{"href":"https:\/\/www.moskito.cz\/fr\/wp-json\/wp\/v2\/types\/product"}],"replies":[{"embeddable":true,"href":"https:\/\/www.moskito.cz\/fr\/wp-json\/wp\/v2\/comments?post=355760"}],"wp:featuredmedia":[{"embeddable":true,"href":"https:\/\/www.moskito.cz\/fr\/wp-json\/wp\/v2\/media\/355373"}],"wp:attachment":[{"href":"https:\/\/www.moskito.cz\/fr\/wp-json\/wp\/v2\/media?parent=355760"}],"wp:term":[{"taxonomy":"pwb-brand","embeddable":true,"href":"https:\/\/www.moskito.cz\/fr\/wp-json\/wp\/v2\/pwb-brand?post=355760"},{"taxonomy":"product_brand","embeddable":true,"href":"https:\/\/www.moskito.cz\/fr\/wp-json\/wp\/v2\/product_brand?post=355760"},{"taxonomy":"product_cat","embeddable":true,"href":"https:\/\/www.moskito.cz\/fr\/wp-json\/wp\/v2\/product_cat?post=355760"},{"taxonomy":"product_tag","embeddable":true,"href":"https:\/\/www.moskito.cz\/fr\/wp-json\/wp\/v2\/product_tag?post=355760"}],"curies":[{"name":"wp","href":"https:\/\/api.w.org\/{rel}","templated":true}]}}