{"id":355815,"date":"2024-08-09T20:41:12","date_gmt":"2024-08-09T19:42:27","guid":{"rendered":"https:\/\/www.moskito.cz\/produkt\/couteau-de-tir-microtech-hera-ii-stonewashed-1705-10ta\/"},"modified":"2025-05-07T11:22:49","modified_gmt":"2025-05-07T10:22:49","slug":"couteau-de-tir-microtech-hera-ii-stonewashed-1705-10ta","status":"publish","type":"product","link":"https:\/\/www.moskito.cz\/fr\/produkt\/couteau-de-tir-microtech-hera-ii-stonewashed-1705-10ta\/","title":{"rendered":"Couteau de tir Microtech Hera II Stonewashed 1705-10TA"},"content":{"rendered":"<p>Couteau de tir <strong>Microtech<\/strong> Hera II Stonewashed 1705-10TA. <strong>Le Hera II<\/strong> est un superbe couteau automatique \u00e0 double action avec un design de cadre vaguement inspir\u00e9 du mod\u00e8le embl\u00e9matique Troodon. Le Hera pr\u00e9sente une ergonomie am\u00e9lior\u00e9e et comporte des extr\u00e9mit\u00e9s usin\u00e9es pour une meilleure adh\u00e9rence et une esth\u00e9tique raffin\u00e9e qui ajoute \u00e0 son attrait g\u00e9n\u00e9ral. Notamment, la poign\u00e9e est soigneusement grav\u00e9e en profondeur et sans mat\u00e9riel, ajoutant une touche artistique et une sensation incroyable au design fonctionnel. La seule vis visible qui le maintient ensemble se trouve \u00e0 l\u2019arri\u00e8re, pr\u00e8s du clip de poche, qui est ambidextre pour les gauchers. Ce design exquis incarne sans effort \u00e0 la fois sophistication et fonctionnalit\u00e9, faisant <strong>du Hera<\/strong> l&rsquo;un des meilleurs couteaux OTF automatiques polyvalents sur un march\u00e9 hautement concurrentiel. Bien que, honn\u00eatement, il soit principalement en concurrence avec d\u2019autres OTF <strong>Microtech<\/strong> . Sa taille est id\u00e9ale pour le combat mais suffisamment fine pour \u00eatre port\u00e9e au quotidien, sa forme soigneusement con\u00e7ue pour trouver l&rsquo;\u00e9quilibre id\u00e9al entre praticit\u00e9 et style. L&rsquo;Hera t\u00e9moigne de l&rsquo;ing\u00e9nierie de pr\u00e9cision et des d\u00e9tails artistiques, ce qui en fait un excellent choix pour ceux qui appr\u00e9cient le mariage de la forme et de la fonction dans leurs outils quotidiens. Sp\u00e9cifications : Longueur de la lame : 10 cm Longueur totale : 24 cm Acier de la lame : acier inoxydable Bohler M390MK Style de lame : classique Mouture de la lame : plate Finition de la lame : Stonewash Mat\u00e9riau de la poign\u00e9e : aluminium a\u00e9ronautique grav\u00e9 en profondeur Tan M\u00e9canisme de verrouillage : glissi\u00e8re de pouce Clip de poche : titane (pliable, \u00e0 droite \/usure gauche) Poids : 4,94 oz. Cr\u00e9ateurs : Tony et Sean Marfione Fabriqu\u00e9 aux USA https:\/\/youtu.be\/xE9TeOFYEjg   &nbsp;<\/p>\n","protected":false},"excerpt":{"rendered":"<p><strong>Au fil des ann\u00e9es, Microtech\u00ae Knives a mis sa passion et son savoir-faire dans la cr\u00e9ation d&rsquo;\u0153uvres d&rsquo;art qui repr\u00e9sentent le summum de la fonction et de la forme. Nous continuons de repousser les limites et d\u2019am\u00e9liorer ce dont nous savons d\u00e9j\u00e0 qu\u2019il fonctionne. Microtech\u00ae Knives est devenue une marque leader de couteaux qui \u00e9volue et avance constamment en utilisant les derni\u00e8res technologies, les principes de lame anciens et des tests sur le terrain maximum pour garantir que nous fournissons le meilleur produit possible.<\/strong><\/p>\n<p><strong>Transports gratuits.<\/strong><\/p>\n","protected":false},"featured_media":355764,"comment_status":"open","ping_status":"closed","template":"","meta":[],"pwb-brand":[3751],"product_brand":[],"product_cat":[3699,3696],"product_tag":[3754],"class_list":{"0":"post-355815","1":"product","2":"type-product","3":"status-publish","4":"has-post-thumbnail","6":"pwb-brand-microtechnologie","7":"product_cat-couteaux-de-tir","8":"product_cat-des-couteaux","9":"product_tag-b2b-fr","11":"first","12":"instock","13":"taxable","14":"shipping-taxable","15":"purchasable","16":"product-type-simple"},"brands":[{"id":3751,"name":"Microtechnologie","slug":"microtechnologie"}],"_links":{"self":[{"href":"https:\/\/www.moskito.cz\/fr\/wp-json\/wp\/v2\/product\/355815","targetHints":{"allow":["GET"]}}],"collection":[{"href":"https:\/\/www.moskito.cz\/fr\/wp-json\/wp\/v2\/product"}],"about":[{"href":"https:\/\/www.moskito.cz\/fr\/wp-json\/wp\/v2\/types\/product"}],"replies":[{"embeddable":true,"href":"https:\/\/www.moskito.cz\/fr\/wp-json\/wp\/v2\/comments?post=355815"}],"wp:featuredmedia":[{"embeddable":true,"href":"https:\/\/www.moskito.cz\/fr\/wp-json\/wp\/v2\/media\/355764"}],"wp:attachment":[{"href":"https:\/\/www.moskito.cz\/fr\/wp-json\/wp\/v2\/media?parent=355815"}],"wp:term":[{"taxonomy":"pwb-brand","embeddable":true,"href":"https:\/\/www.moskito.cz\/fr\/wp-json\/wp\/v2\/pwb-brand?post=355815"},{"taxonomy":"product_brand","embeddable":true,"href":"https:\/\/www.moskito.cz\/fr\/wp-json\/wp\/v2\/product_brand?post=355815"},{"taxonomy":"product_cat","embeddable":true,"href":"https:\/\/www.moskito.cz\/fr\/wp-json\/wp\/v2\/product_cat?post=355815"},{"taxonomy":"product_tag","embeddable":true,"href":"https:\/\/www.moskito.cz\/fr\/wp-json\/wp\/v2\/product_tag?post=355815"}],"curies":[{"name":"wp","href":"https:\/\/api.w.org\/{rel}","templated":true}]}}