{"id":356011,"date":"2024-08-12T10:46:56","date_gmt":"2024-08-12T09:47:54","guid":{"rendered":"https:\/\/www.moskito.cz\/produkt\/couteau-de-tir-beltrame-stiletto-pearl-bayonet-28cm\/"},"modified":"2025-05-07T11:22:55","modified_gmt":"2025-05-07T10:22:55","slug":"couteau-de-tir-beltrame-stiletto-pearl-bayonet-28cm","status":"publish","type":"product","link":"https:\/\/www.moskito.cz\/fr\/produkt\/couteau-de-tir-beltrame-stiletto-pearl-bayonet-28cm\/","title":{"rendered":"Couteau de tir Beltrame Stiletto Pearl Bayonet 28cm"},"content":{"rendered":"<p>Couteau de tir <strong>Beltrame<\/strong> Stiletto Pearl Bayonet 28cm. Ba\u00efonnette italienne Stiletto White Pearl 28 cm, un couteau \u00e0 ressort italien traditionnel caract\u00e9ris\u00e9 par une ouverture rapide de la lame d&rsquo;une dur\u00e9e de quelques centi\u00e8mes de seconde &#8211; c&rsquo;est une caract\u00e9ristique des couteaux automatiques Stiletto. Une construction solide et durable et un ressort d&rsquo;ouverture de lame solide sont les caract\u00e9ristiques des couteaux \u00e0 ressort italiens classiques de Frank Beltrame. Enti\u00e8rement fabriqu\u00e9s \u00e0 la main, selon les principes de l&rsquo;artisanat italien, les couteaux Stiletto sont devenus c\u00e9l\u00e8bres dans le monde entier pour leur l\u00e9g\u00e8ret\u00e9 et leur durabilit\u00e9 exceptionnelles. Lame &#8211; une lame de pr\u00e9cision extr\u00eamement tranchante avec un profil Spear Point (Ba\u00efonnette), de 3,5 mm d&rsquo;\u00e9paisseur, avec une fausse lame qui augmente les propri\u00e9t\u00e9s de p\u00e9n\u00e9tration. Lame tremp\u00e9e 56 HRC, en acier inoxydable chrom\u00e9 W.1.4034, avec structure martensitique, bonne r\u00e9sistance \u00e0 la corrosion et bonne polissabilit\u00e9.      Un type de lame courant d\u00e9riv\u00e9 du meulage plat offre de bonnes propri\u00e9t\u00e9s de coupe et de p\u00e9n\u00e9tration. La protection en acier prot\u00e8ge la main contre tout glissement ind\u00e9sirable et permet de plier la lame lorsqu&rsquo;elle est press\u00e9e. La poign\u00e9e, recouverte de perles d&rsquo;imitation et dot\u00e9e de mitres en nickel poli, offre une prise confortable et s\u00fbre. La s\u00e9curit\u00e9 d&rsquo;utilisation est assur\u00e9e par la forme ergonomique de la poign\u00e9e, qui emp\u00eache la main de glisser pendant le travail.  Rivets en laiton. Ressort &#8211; une attention particuli\u00e8re est port\u00e9e \u00e0 la conception du ressort (acier inoxydable) : la lame doit s&rsquo;ouvrir en quelques centi\u00e8mes de seconde (caract\u00e9ristique des couteaux Stiletto). Le composant Beltrame \u00e9met un son caract\u00e9ristique (clic) lors de l&rsquo;ouverture de la lame, ce qui le distingue des autres couteaux \u00e0 ressort. Verrouillage &#8211; emp\u00eache le pliage ou l&rsquo;ouverture accidentelle de la lame. Le couteau automatique s&rsquo;ouvre \u00e0 l&rsquo;aide d&rsquo;un bouton fixe situ\u00e9 sur le manche. Donn\u00e9es techniques : Num\u00e9ro de produit : FB 28\/ 36BD Nom : Classic Italian Stiletto White Pearl Bayonet yp acier : W.1.4034 Rockwell duret\u00e9 de la lame : 56 HRC Longueur de la lame : 12 cm \u00c9paisseur de la lame : 0,35 cm Longueur totale : 28 cm Poids : 105 g \/ 3,70 oz Lame : Plaine Verrouillage du couteau : Oui Type de manche : White Pearl Fabricant : F.LLI Beltrame, Italie  &nbsp;<\/p>\n","protected":false},"excerpt":{"rendered":"<div class=\"elementor-element elementor-element-bbb542b elementor-widget elementor-widget-woocommerce-product-short-description\" data-id=\"bbb542b\" data-element_type=\"widget\" data-widget_type=\"woocommerce-product-short-description.default\">\n<div class=\"elementor-widget-container\">\n<div class=\"woocommerce-product-details__short-description\">\n<div class=\"elementor-element elementor-element-bbb542b elementor-widget elementor-widget-woocommerce-product-short-description\" data-id=\"bbb542b\" data-element_type=\"widget\" data-widget_type=\"woocommerce-product-short-description.default\">\n<div class=\"elementor-widget-container\">\n<div class=\"woocommerce-product-details__short-description\">\n<div class=\"elementor-element elementor-element-bbb542b elementor-widget elementor-widget-woocommerce-product-short-description\" data-id=\"bbb542b\" data-element_type=\"widget\" data-widget_type=\"woocommerce-product-short-description.default\">\n<div class=\"elementor-widget-container\">\n<div class=\"woocommerce-product-details__short-description\">\n<p><strong>Les couteaux Beltrame sont fabriqu\u00e9s en Italie depuis 1953. L&rsquo;entreprise a \u00e9t\u00e9 fond\u00e9e par Frank Beltram. Le secret de fabrication de ces couteaux Stiletto fait partie de l&rsquo;histoire de Maniago, transmise de p\u00e8re en fils.<\/strong><br \/>\n<strong>Fabriqu\u00e9 en Italie.<\/strong><\/p>\n<\/div>\n<\/div>\n<\/div>\n<\/div>\n<\/div>\n<\/div>\n<\/div>\n<\/div>\n<\/div>\n","protected":false},"featured_media":355980,"comment_status":"open","ping_status":"closed","template":"","meta":[],"pwb-brand":[3779],"product_brand":[],"product_cat":[3699,3696],"product_tag":[3754],"class_list":{"0":"post-356011","1":"product","2":"type-product","3":"status-publish","4":"has-post-thumbnail","6":"pwb-brand-ceinture","7":"product_cat-couteaux-de-tir","8":"product_cat-des-couteaux","9":"product_tag-b2b-fr","11":"first","12":"outofstock","13":"taxable","14":"shipping-taxable","15":"purchasable","16":"product-type-simple"},"brands":[{"id":3779,"name":"Ceinture","slug":"ceinture"}],"_links":{"self":[{"href":"https:\/\/www.moskito.cz\/fr\/wp-json\/wp\/v2\/product\/356011","targetHints":{"allow":["GET"]}}],"collection":[{"href":"https:\/\/www.moskito.cz\/fr\/wp-json\/wp\/v2\/product"}],"about":[{"href":"https:\/\/www.moskito.cz\/fr\/wp-json\/wp\/v2\/types\/product"}],"replies":[{"embeddable":true,"href":"https:\/\/www.moskito.cz\/fr\/wp-json\/wp\/v2\/comments?post=356011"}],"wp:featuredmedia":[{"embeddable":true,"href":"https:\/\/www.moskito.cz\/fr\/wp-json\/wp\/v2\/media\/355980"}],"wp:attachment":[{"href":"https:\/\/www.moskito.cz\/fr\/wp-json\/wp\/v2\/media?parent=356011"}],"wp:term":[{"taxonomy":"pwb-brand","embeddable":true,"href":"https:\/\/www.moskito.cz\/fr\/wp-json\/wp\/v2\/pwb-brand?post=356011"},{"taxonomy":"product_brand","embeddable":true,"href":"https:\/\/www.moskito.cz\/fr\/wp-json\/wp\/v2\/product_brand?post=356011"},{"taxonomy":"product_cat","embeddable":true,"href":"https:\/\/www.moskito.cz\/fr\/wp-json\/wp\/v2\/product_cat?post=356011"},{"taxonomy":"product_tag","embeddable":true,"href":"https:\/\/www.moskito.cz\/fr\/wp-json\/wp\/v2\/product_tag?post=356011"}],"curies":[{"name":"wp","href":"https:\/\/api.w.org\/{rel}","templated":true}]}}