{"id":356107,"date":"2023-07-17T15:11:55","date_gmt":"2024-08-13T12:42:26","guid":{"rendered":"https:\/\/www.moskito.cz\/produkt\/couteau-fixe-muela-95-191\/"},"modified":"2025-05-07T11:22:57","modified_gmt":"2025-05-07T10:22:57","slug":"couteau-fixe-muela-95-191","status":"publish","type":"product","link":"https:\/\/www.moskito.cz\/fr\/produkt\/couteau-fixe-muela-95-191\/","title":{"rendered":"Couteau Fixe Muela 95-191"},"content":{"rendered":"<p>Couteau Fixe <strong>Muela<\/strong> 95-191 Si vous \u00eates amateur d&rsquo;aventures en plein air et recherchez un couteau de qualit\u00e9, le couteau Muela 95-191 est le choix id\u00e9al pour vous. Ce couteau d&rsquo;aventure est un produit du prestigieux fabricant Muela, qui produit depuis plus de 60 ans des outils de coupe de haute qualit\u00e9. La lame du couteau 95-191 est en acier premium 420H, ce qui lui conf\u00e8re une duret\u00e9 \u00e9lev\u00e9e de 57-58 HRC, ce qui lui permet de conserver son tranchant pendant longtemps. De plus, la lame mesure 19 cm, ce qui la rend id\u00e9ale pour un large \u00e9ventail d&rsquo;utilisations. Le manche du couteau Muela 95-191 est en caoutchouc noir, qui offre une prise ferme et s\u00fbre m\u00eame dans des conditions difficiles. Cette fonctionnalit\u00e9 est particuli\u00e8rement utile pour les activit\u00e9s de plein air o\u00f9 le couteau peut \u00eatre mouill\u00e9 ou sale. La prise en main est \u00e9galement tr\u00e8s confortable et s&rsquo;adapte parfaitement \u00e0 la main de l&rsquo;utilisateur, r\u00e9duisant ainsi la fatigue lors d&rsquo;une utilisation prolong\u00e9e. Le couteau est \u00e9galement livr\u00e9 avec un \u00e9tui en cuir pour s\u00e9curiser et prot\u00e9ger la lame lorsqu&rsquo;il n&rsquo;est pas utilis\u00e9. Le fourreau est tr\u00e8s solide, durable et a \u00e9t\u00e9 con\u00e7u sp\u00e9cifiquement pour ce couteau, ce qui signifie qu&rsquo;il s&rsquo;adapte bien pour \u00e9viter de glisser et le garder prot\u00e9g\u00e9 \u00e0 tout moment. Le couteau Muela 95-191 a une taille hors tout de 31,5 cm et un poids de 390 grammes, ce qui le rend facile \u00e0 transporter et \u00e0 manipuler dans toutes les situations. Si vous recherchez un couteau de qualit\u00e9, durable et fiable pour vos aventures en plein air, le couteau Muela 95-191 est un excellent choix. Procurez-vous le v\u00f4tre et vivez une exp\u00e9rience de d\u00e9coupe unique&nbsp;! Lame en acier 420H de haute qualit\u00e9 et duret\u00e9 57-58 HRC Manche en caoutchouc noir pour une prise ferme et confortable \u00c9tui en cuir solide et durable Taille totale 31,5 cm et poids 390 grammes              &nbsp;<\/p>\n","protected":false},"excerpt":{"rendered":"<p><strong>Si vous \u00eates amateur d&rsquo;aventures en plein air et que vous recherchez un couteau de qualit\u00e9, le couteau Muela 95-191 est le choix parfait pour vous.<\/strong><\/p>\n","protected":false},"featured_media":356109,"comment_status":"open","ping_status":"closed","template":"","meta":[],"pwb-brand":[3909],"product_brand":[],"product_cat":[3697,3696],"product_tag":[3754],"class_list":{"0":"post-356107","1":"product","2":"type-product","3":"status-publish","4":"has-post-thumbnail","6":"pwb-brand-elle-a-du","7":"product_cat-couteaux-solides","8":"product_cat-des-couteaux","9":"product_tag-b2b-fr","11":"first","12":"instock","13":"taxable","14":"shipping-taxable","15":"purchasable","16":"product-type-simple"},"brands":[{"id":3909,"name":"Elle a d\u00fb","slug":"elle-a-du"}],"_links":{"self":[{"href":"https:\/\/www.moskito.cz\/fr\/wp-json\/wp\/v2\/product\/356107","targetHints":{"allow":["GET"]}}],"collection":[{"href":"https:\/\/www.moskito.cz\/fr\/wp-json\/wp\/v2\/product"}],"about":[{"href":"https:\/\/www.moskito.cz\/fr\/wp-json\/wp\/v2\/types\/product"}],"replies":[{"embeddable":true,"href":"https:\/\/www.moskito.cz\/fr\/wp-json\/wp\/v2\/comments?post=356107"}],"wp:featuredmedia":[{"embeddable":true,"href":"https:\/\/www.moskito.cz\/fr\/wp-json\/wp\/v2\/media\/356109"}],"wp:attachment":[{"href":"https:\/\/www.moskito.cz\/fr\/wp-json\/wp\/v2\/media?parent=356107"}],"wp:term":[{"taxonomy":"pwb-brand","embeddable":true,"href":"https:\/\/www.moskito.cz\/fr\/wp-json\/wp\/v2\/pwb-brand?post=356107"},{"taxonomy":"product_brand","embeddable":true,"href":"https:\/\/www.moskito.cz\/fr\/wp-json\/wp\/v2\/product_brand?post=356107"},{"taxonomy":"product_cat","embeddable":true,"href":"https:\/\/www.moskito.cz\/fr\/wp-json\/wp\/v2\/product_cat?post=356107"},{"taxonomy":"product_tag","embeddable":true,"href":"https:\/\/www.moskito.cz\/fr\/wp-json\/wp\/v2\/product_tag?post=356107"}],"curies":[{"name":"wp","href":"https:\/\/api.w.org\/{rel}","templated":true}]}}