{"id":356137,"date":"2024-08-13T13:38:49","date_gmt":"2024-08-13T12:42:41","guid":{"rendered":"https:\/\/www.moskito.cz\/produkt\/couteau-fixe-muela-scorpion-19w\/"},"modified":"2025-05-07T11:22:58","modified_gmt":"2025-05-07T10:22:58","slug":"couteau-fixe-muela-scorpion-19w","status":"publish","type":"product","link":"https:\/\/www.moskito.cz\/fr\/produkt\/couteau-fixe-muela-scorpion-19w\/","title":{"rendered":"Couteau Fixe Muela SCORPION-19W"},"content":{"rendered":"<p>Couteau fixe <strong>Muela<\/strong> SCORPION-19W. Le couteau tactique Muela poss\u00e8de un manche en caoutchouc et une protection double face. Le manche est rugueux avec moletage partout, l&rsquo;extr\u00e9mit\u00e9 du manche est dot\u00e9e d&rsquo;un trou avec un rivet creux en laiton pour passer un cordon de poignet. Couteau de combat Muela Scorpion 19W adapt\u00e9 aux fins de combat, d&rsquo;autod\u00e9fense, de survie ou aux amateurs de couteaux militaires. Il poss\u00e8de une lame de poignard solide avec un bord lisse en acier au molybd\u00e8ne vanadium avec une finition satin\u00e9e. Avec protection double face en m\u00e9tal noir pour prot\u00e9ger la main. La poign\u00e9e est en caoutchouc noir, avec une surface textur\u00e9e pour \u00e9viter de glisser dans la main. Longueur totale : 31 cm Longueur de la lame : 19 cm Poids : 441 g Mat\u00e9riau de la lame : X50CrMoV15 Mat\u00e9riau du manche : caoutchouc Gaine : Cuir noir       <\/p>\n","protected":false},"excerpt":{"rendered":"<p><strong>Le couteau tactique Muela poss\u00e8de un manche en caoutchouc et une protection double face. Le manche est rugueux avec moletage partout, l&rsquo;extr\u00e9mit\u00e9 du manche est dot\u00e9e d&rsquo;un trou avec un rivet creux en laiton pour passer un cordon de poignet. <\/strong><\/p>\n","protected":false},"featured_media":356069,"comment_status":"open","ping_status":"closed","template":"","meta":[],"pwb-brand":[3909],"product_brand":[],"product_cat":[3697,3696],"product_tag":[3754],"class_list":{"0":"post-356137","1":"product","2":"type-product","3":"status-publish","4":"has-post-thumbnail","6":"pwb-brand-elle-a-du","7":"product_cat-couteaux-solides","8":"product_cat-des-couteaux","9":"product_tag-b2b-fr","11":"first","12":"outofstock","13":"taxable","14":"shipping-taxable","15":"purchasable","16":"product-type-simple"},"brands":[{"id":3909,"name":"Elle a d\u00fb","slug":"elle-a-du"}],"_links":{"self":[{"href":"https:\/\/www.moskito.cz\/fr\/wp-json\/wp\/v2\/product\/356137","targetHints":{"allow":["GET"]}}],"collection":[{"href":"https:\/\/www.moskito.cz\/fr\/wp-json\/wp\/v2\/product"}],"about":[{"href":"https:\/\/www.moskito.cz\/fr\/wp-json\/wp\/v2\/types\/product"}],"replies":[{"embeddable":true,"href":"https:\/\/www.moskito.cz\/fr\/wp-json\/wp\/v2\/comments?post=356137"}],"wp:featuredmedia":[{"embeddable":true,"href":"https:\/\/www.moskito.cz\/fr\/wp-json\/wp\/v2\/media\/356069"}],"wp:attachment":[{"href":"https:\/\/www.moskito.cz\/fr\/wp-json\/wp\/v2\/media?parent=356137"}],"wp:term":[{"taxonomy":"pwb-brand","embeddable":true,"href":"https:\/\/www.moskito.cz\/fr\/wp-json\/wp\/v2\/pwb-brand?post=356137"},{"taxonomy":"product_brand","embeddable":true,"href":"https:\/\/www.moskito.cz\/fr\/wp-json\/wp\/v2\/product_brand?post=356137"},{"taxonomy":"product_cat","embeddable":true,"href":"https:\/\/www.moskito.cz\/fr\/wp-json\/wp\/v2\/product_cat?post=356137"},{"taxonomy":"product_tag","embeddable":true,"href":"https:\/\/www.moskito.cz\/fr\/wp-json\/wp\/v2\/product_tag?post=356137"}],"curies":[{"name":"wp","href":"https:\/\/api.w.org\/{rel}","templated":true}]}}