{"id":356232,"date":"2024-08-13T13:55:06","date_gmt":"2024-08-13T20:03:33","guid":{"rendered":"https:\/\/www.moskito.cz\/produkt\/couteau-fixe-muela-tanto-19w\/"},"modified":"2025-05-07T11:23:01","modified_gmt":"2025-05-07T10:23:01","slug":"couteau-fixe-muela-tanto-19w","status":"publish","type":"product","link":"https:\/\/www.moskito.cz\/fr\/produkt\/couteau-fixe-muela-tanto-19w\/","title":{"rendered":"Couteau Fixe Muela TANTO-19W"},"content":{"rendered":"<p>Couteau fixe <strong>Muela<\/strong> TANTO-19W. Couteau \u00e0 lame fixe <strong>Muela TANTO-19W<\/strong> de la soci\u00e9t\u00e9 espagnole Muela, construction full soie. Fabriqu\u00e9 en acier molybd\u00e8ne vanadium MoVa. Extr\u00eamement durable avec une lame massive, il peut r\u00e9sister \u00e0 n&rsquo;importe quel travail dans n&rsquo;importe quelle condition sans aucun dommage. Id\u00e9al pour le camping comme couteau tactique, couteau de survie, couteau de chasse, couteau EDC. La lame est massive avec un profil Tanto, \u00e9paisseur 5,4 mm, durcie dans la plage de 57-58 HRC. Fabriqu\u00e9 en acier inoxydable X50CrMoV15, r\u00e9sistant, avec un bon tranchant, en acier au molybd\u00e8ne vanadium. La lame est recouverte d&rsquo;une surface satin\u00e9e non r\u00e9fl\u00e9chissante (semi-mate), qui \u00e9limine l&rsquo;\u00e9blouissement. Un disque lisse, de type simple, \u00e0 meule creuse, offre de bonnes propri\u00e9t\u00e9s de coupe. Le manche est recouvert de caoutchouc synth\u00e9tique durci de couleur noire, il garantit une tr\u00e8s bonne prise en main. Le couteau ne glissera pas de votre main et la prise solide et s\u00fbre vous permet d&rsquo;effectuer des mouvements pr\u00e9cis avec le couteau.          Il y a un trou \u00e9largi pour la corde \u00e0 l&rsquo;arri\u00e8re de la poign\u00e9e. L&rsquo;\u00e9tui est en cuir noir, ferm\u00e9 par un loquet, il permet un transfert du couteau en toute s\u00e9curit\u00e9. Fabriqu\u00e9 en cuir et nylon imperm\u00e9able. Les bords du fourreau \u00e9taient cousus avec du fil d\u00e9coratif. Inscription MUELA TACTICAL KNIVES sur le cuir. Le fourreau est dot\u00e9 d&rsquo;une fixation de ceinture ou d&rsquo;un \u00e9quipement qui permet de porter le couteau en position verticale. Acier : X50CrMoV15 Longueur de la lame : 19 cm \u00c9paisseur de la lame : 0,54 cm Longueur totale : 3,23 cm Poids : 330 g Type de lame : Tanto Mat\u00e9riau du manche : Caoutchouc Gaine : Cuir et nylon Fabricant : Muela, Espagne     <\/p>\n","protected":false},"excerpt":{"rendered":"<p><strong>Couteau solide de la soci\u00e9t\u00e9 espagnole Muela avec une lame tanto \u00e0 usage universel.<\/strong><\/p>\n","protected":false},"featured_media":356146,"comment_status":"open","ping_status":"closed","template":"","meta":[],"pwb-brand":[3909],"product_brand":[],"product_cat":[3697,3696],"product_tag":[3754],"class_list":{"0":"post-356232","1":"product","2":"type-product","3":"status-publish","4":"has-post-thumbnail","6":"pwb-brand-elle-a-du","7":"product_cat-couteaux-solides","8":"product_cat-des-couteaux","9":"product_tag-b2b-fr","11":"first","12":"instock","13":"taxable","14":"shipping-taxable","15":"purchasable","16":"product-type-simple"},"brands":[{"id":3909,"name":"Elle a d\u00fb","slug":"elle-a-du"}],"_links":{"self":[{"href":"https:\/\/www.moskito.cz\/fr\/wp-json\/wp\/v2\/product\/356232","targetHints":{"allow":["GET"]}}],"collection":[{"href":"https:\/\/www.moskito.cz\/fr\/wp-json\/wp\/v2\/product"}],"about":[{"href":"https:\/\/www.moskito.cz\/fr\/wp-json\/wp\/v2\/types\/product"}],"replies":[{"embeddable":true,"href":"https:\/\/www.moskito.cz\/fr\/wp-json\/wp\/v2\/comments?post=356232"}],"wp:featuredmedia":[{"embeddable":true,"href":"https:\/\/www.moskito.cz\/fr\/wp-json\/wp\/v2\/media\/356146"}],"wp:attachment":[{"href":"https:\/\/www.moskito.cz\/fr\/wp-json\/wp\/v2\/media?parent=356232"}],"wp:term":[{"taxonomy":"pwb-brand","embeddable":true,"href":"https:\/\/www.moskito.cz\/fr\/wp-json\/wp\/v2\/pwb-brand?post=356232"},{"taxonomy":"product_brand","embeddable":true,"href":"https:\/\/www.moskito.cz\/fr\/wp-json\/wp\/v2\/product_brand?post=356232"},{"taxonomy":"product_cat","embeddable":true,"href":"https:\/\/www.moskito.cz\/fr\/wp-json\/wp\/v2\/product_cat?post=356232"},{"taxonomy":"product_tag","embeddable":true,"href":"https:\/\/www.moskito.cz\/fr\/wp-json\/wp\/v2\/product_tag?post=356232"}],"curies":[{"name":"wp","href":"https:\/\/api.w.org\/{rel}","templated":true}]}}