{"id":356239,"date":"2024-08-13T21:02:31","date_gmt":"2024-08-13T20:03:41","guid":{"rendered":"https:\/\/www.moskito.cz\/produkt\/couteau-de-tir-microtech-scarab-ii-gen-iii-apocalyptic-1278-10ap-2\/"},"modified":"2025-05-07T11:23:02","modified_gmt":"2025-05-07T10:23:02","slug":"couteau-de-tir-microtech-scarab-ii-gen-iii-apocalyptic-1278-10ap-2","status":"publish","type":"product","link":"https:\/\/www.moskito.cz\/fr\/produkt\/couteau-de-tir-microtech-scarab-ii-gen-iii-apocalyptic-1278-10ap-2\/","title":{"rendered":"Couteau de tir Microtech Scarab II Gen III Apocalyptic 1278-10AP"},"content":{"rendered":"<p>Couteau de tir <strong>Microtech<\/strong> Scarab II Gen III Apocalyptic 1278-10AP. <strong>Le Microtech Scarab II<\/strong> est un couteau tactique de haute qualit\u00e9 bas\u00e9 sur le design original <strong>de Microtech Ultratech<\/strong> . Con\u00e7u pour r\u00e9sister aux conditions extr\u00eames, <strong>le Scarab II<\/strong> excelle dans les op\u00e9rations secr\u00e8tes de haute intensit\u00e9. <strong>Le Scarab II<\/strong> est con\u00e7u pour une large gamme d&rsquo;applications utilitaires et de combat rapproch\u00e9 destin\u00e9 \u00e0 \u00eatre utilis\u00e9 par des agences comp\u00e9tentes des forces de l&rsquo;ordre, de l&rsquo;arm\u00e9e et du gouvernement. <strong>Le Scarab II<\/strong> est fabriqu\u00e9 selon les normes les plus \u00e9lev\u00e9es possibles pour garantir la fiabilit\u00e9 et la s\u00e9curit\u00e9 d&rsquo;utilisation. Le Scarab pr\u00e9sente une conception frontale \u00e0 double action (OTF) \u00e0 ouverture et fermeture \u00e0 une main et une lame de pr\u00e8s de quatre pouces, et est fabriqu\u00e9 avec une grande poign\u00e9e facile \u00e0 saisir qui comprend une poign\u00e9e antid\u00e9rapante. incrustations des deux c\u00f4t\u00e9s. L&rsquo;interpr\u00e8te <strong>OTF le plus populaire de Microtech<\/strong> , <strong>le Scarab II,<\/strong> est de retour avec des mises \u00e0 niveau innovantes. Le Scarab II 2023 mis \u00e0 jour conserve les caract\u00e9ristiques de son pr\u00e9d\u00e9cesseur en termes de taille et de style, tout en \u00e9tablissant une nouvelle norme pour la technologie OTF. Ext\u00e9rieurement, le Scarab II 2023 ressemble \u00e0 la g\u00e9n\u00e9ration pr\u00e9c\u00e9dente. L&rsquo;esth\u00e9tique classique des patins de traction et la conception des vis Torx sur le ch\u00e2ssis, ainsi que le brise-verre et le clip de poche familiers, apportent l&rsquo;un de nos styles OTF pr\u00e9f\u00e9r\u00e9s. L\u2019int\u00e9rieur place cependant le Scarab II 2023 dans une classe \u00e0 part. Le syst\u00e8me r\u00e9volutionnaire d&rsquo;entra\u00eenement \u00e0 double carburant de <strong>Microtech<\/strong> permet non seulement un d\u00e9ploiement facile, mais la conception \u00e0 double ressort propulse la lame vers l&rsquo;avant avec suffisamment de force pour que le d\u00e9ploiement du couteau sous l&rsquo;eau ne ralentisse pas l&rsquo;action. La conception mise \u00e0 jour de la poche \u00e0 boutons r\u00e9duit la friction et facilite le d\u00e9placement de la salet\u00e9, r\u00e9duisant ainsi le besoin d&rsquo;entretien et de nettoyage fr\u00e9quents. La derni\u00e8re innovation combin\u00e9e au look intemporel Microtech \u00e9tablit une nouvelle norme pour les couteaux OTF robustes et dimensionnels. Sp\u00e9cifications : Longueur de la lame : 9,67 cm Longueur ferm\u00e9e : 14,37 cm Longueur totale : 24 cm Acier de la lame : Acier inoxydable Bohler M390MK Style de lame : Point de chute Mouture de la lame : Plate Finition de la lame : Apocalyptique Mat\u00e9riau du manche : Aluminium noir avec inserts de bande de traction 3M M\u00e9canisme de verrouillage : Clip de poche coulissant : acier inoxydable (d\u00e9pliable, usure droite\/gauche) Poids : 5,78 oz. Concepteur : Tony Marfione Construction \u00e0 rainures de sang Torx\/vis Fuller Fabriqu\u00e9 aux \u00c9tats-Unis Caract\u00e9ristiques_ Clip de poche r\u00e9versible Dispositif de bris de verre int\u00e9gr\u00e9 \u00e0 l&rsquo;arri\u00e8re de la poign\u00e9e Vis Torx Fixation de lani\u00e8re Grand bouton de d\u00e9verrouillage pour le placement des gants&nbsp; https:\/\/youtu.be\/xE9TeOFYEjg   &nbsp;<\/p>\n","protected":false},"excerpt":{"rendered":"<p><strong>Au fil des ann\u00e9es, Microtech\u00ae Knives a rempli les couteaux avec passion et comp\u00e9tence pour cr\u00e9er presque des \u0153uvres d&rsquo;art qui sont le summum de la fonctionnalit\u00e9. Toutes les pi\u00e8ces sont fabriqu\u00e9es aux \u00c9tats-Unis.<\/strong><br \/>\n<strong>Tous les couteaux Microtech sont garantis \u00e0 vie.<\/strong><\/p>\n<p><strong>Transports gratuits.<\/strong><\/p>\n","protected":false},"featured_media":356181,"comment_status":"open","ping_status":"closed","template":"","meta":[],"pwb-brand":[3751],"product_brand":[],"product_cat":[3699,3696],"product_tag":[3754],"class_list":{"0":"post-356239","1":"product","2":"type-product","3":"status-publish","4":"has-post-thumbnail","6":"pwb-brand-microtechnologie","7":"product_cat-couteaux-de-tir","8":"product_cat-des-couteaux","9":"product_tag-b2b-fr","11":"first","12":"instock","13":"taxable","14":"shipping-taxable","15":"purchasable","16":"product-type-simple"},"brands":[{"id":3751,"name":"Microtechnologie","slug":"microtechnologie"}],"_links":{"self":[{"href":"https:\/\/www.moskito.cz\/fr\/wp-json\/wp\/v2\/product\/356239","targetHints":{"allow":["GET"]}}],"collection":[{"href":"https:\/\/www.moskito.cz\/fr\/wp-json\/wp\/v2\/product"}],"about":[{"href":"https:\/\/www.moskito.cz\/fr\/wp-json\/wp\/v2\/types\/product"}],"replies":[{"embeddable":true,"href":"https:\/\/www.moskito.cz\/fr\/wp-json\/wp\/v2\/comments?post=356239"}],"wp:featuredmedia":[{"embeddable":true,"href":"https:\/\/www.moskito.cz\/fr\/wp-json\/wp\/v2\/media\/356181"}],"wp:attachment":[{"href":"https:\/\/www.moskito.cz\/fr\/wp-json\/wp\/v2\/media?parent=356239"}],"wp:term":[{"taxonomy":"pwb-brand","embeddable":true,"href":"https:\/\/www.moskito.cz\/fr\/wp-json\/wp\/v2\/pwb-brand?post=356239"},{"taxonomy":"product_brand","embeddable":true,"href":"https:\/\/www.moskito.cz\/fr\/wp-json\/wp\/v2\/product_brand?post=356239"},{"taxonomy":"product_cat","embeddable":true,"href":"https:\/\/www.moskito.cz\/fr\/wp-json\/wp\/v2\/product_cat?post=356239"},{"taxonomy":"product_tag","embeddable":true,"href":"https:\/\/www.moskito.cz\/fr\/wp-json\/wp\/v2\/product_tag?post=356239"}],"curies":[{"name":"wp","href":"https:\/\/api.w.org\/{rel}","templated":true}]}}