{"id":356284,"date":"2023-07-17T16:27:08","date_gmt":"2023-07-17T15:27:08","guid":{"rendered":"https:\/\/www.moskito.cz\/produkt\/couteau-fixe-muela-bufalo-17m\/"},"modified":"2025-11-24T17:22:09","modified_gmt":"2025-11-24T16:22:09","slug":"couteau-fixe-muela-bufalo-17m","status":"publish","type":"product","link":"https:\/\/www.moskito.cz\/fr\/produkt\/couteau-fixe-muela-bufalo-17m\/","title":{"rendered":"Couteau Fixe Muela BUFALO-17M"},"content":{"rendered":"<p>Couteau fixe <strong>Muela<\/strong> BUFALO-17M<\/p>\n<p> Grand couteau de chasse et de plein air robuste, d&rsquo;une longueur totale de 290 mm et d&rsquo;un poids de 320 grammes, fabriqu\u00e9 en Espagne<br \/>\n Lame en acier inoxydable, profil CIP sp\u00e9cial, tr\u00e8s tranchante, 170 mm de long, facile \u00e0 aff\u00fbter, inscriptions Muela confirmant l&rsquo;authenticit\u00e9 des couteaux<br \/>\n Manche large et robuste en bois gris et nickel\u00e9, garde solide pour une protection optimale, rainures pour les doigts assurant une bonne prise en main, diam\u00e8tre 120 mm<br \/>\n \u00c9tui en cuir noir de haute qualit\u00e9, fermeture \u00e0 pression, offrant une protection optimale au couteau.<\/p>\n<p> Mat\u00e9riau de la lame : MoVa<br \/>\n Mat\u00e9riau du manche : Pakka<br \/>\n Mati\u00e8re de l&rsquo;\u00e9tui : Cuir<br \/>\n Longueur de la lame : 17 cm<br \/>\n Longueur totale : 29 cm<br \/>\n Longueur de la poign\u00e9e : 12,5 cm<br \/>\n Hauteur de la lame : 16 cm<br \/>\n Poids : 320 g<\/p>\n<p>&nbsp;<\/p>\n","protected":false},"excerpt":{"rendered":"<p><strong>Un grand et robuste couteau de chasse et d&rsquo;ext\u00e9rieur d&rsquo;une taille totale de 290 mm et d&rsquo;un poids de 320 grammes, fabriqu\u00e9 en Espagne.<\/strong><\/p>\n","protected":false},"featured_media":356285,"comment_status":"open","ping_status":"closed","template":"","meta":[],"pwb-brand":[3909],"product_brand":[],"product_cat":[3697,3696],"product_tag":[3754],"class_list":{"0":"post-356284","1":"product","2":"type-product","3":"status-publish","4":"has-post-thumbnail","6":"pwb-brand-elle-a-du","7":"product_cat-couteaux-solides","8":"product_cat-des-couteaux","9":"product_tag-b2b-fr","11":"first","12":"outofstock","13":"taxable","14":"shipping-taxable","15":"purchasable","16":"product-type-simple"},"brands":[{"id":3909,"name":"Elle a d\u00fb","slug":"elle-a-du"}],"_links":{"self":[{"href":"https:\/\/www.moskito.cz\/fr\/wp-json\/wp\/v2\/product\/356284","targetHints":{"allow":["GET"]}}],"collection":[{"href":"https:\/\/www.moskito.cz\/fr\/wp-json\/wp\/v2\/product"}],"about":[{"href":"https:\/\/www.moskito.cz\/fr\/wp-json\/wp\/v2\/types\/product"}],"replies":[{"embeddable":true,"href":"https:\/\/www.moskito.cz\/fr\/wp-json\/wp\/v2\/comments?post=356284"}],"wp:featuredmedia":[{"embeddable":true,"href":"https:\/\/www.moskito.cz\/fr\/wp-json\/wp\/v2\/media\/356285"}],"wp:attachment":[{"href":"https:\/\/www.moskito.cz\/fr\/wp-json\/wp\/v2\/media?parent=356284"}],"wp:term":[{"taxonomy":"pwb-brand","embeddable":true,"href":"https:\/\/www.moskito.cz\/fr\/wp-json\/wp\/v2\/pwb-brand?post=356284"},{"taxonomy":"product_brand","embeddable":true,"href":"https:\/\/www.moskito.cz\/fr\/wp-json\/wp\/v2\/product_brand?post=356284"},{"taxonomy":"product_cat","embeddable":true,"href":"https:\/\/www.moskito.cz\/fr\/wp-json\/wp\/v2\/product_cat?post=356284"},{"taxonomy":"product_tag","embeddable":true,"href":"https:\/\/www.moskito.cz\/fr\/wp-json\/wp\/v2\/product_tag?post=356284"}],"curies":[{"name":"wp","href":"https:\/\/api.w.org\/{rel}","templated":true}]}}