{"id":356358,"date":"2024-08-14T09:42:07","date_gmt":"2024-08-14T08:43:04","guid":{"rendered":"https:\/\/www.moskito.cz\/produkt\/couteau-fixe-muela-jabali-17r\/"},"modified":"2025-05-07T11:23:07","modified_gmt":"2025-05-07T10:23:07","slug":"couteau-fixe-muela-jabali-17r","status":"publish","type":"product","link":"https:\/\/www.moskito.cz\/fr\/produkt\/couteau-fixe-muela-jabali-17r\/","title":{"rendered":"Couteau Fixe Muela JABALI-17R"},"content":{"rendered":"<p>Couteau fixe <strong>Muela<\/strong> JABALI-17R. <strong>Le JABALI-17R<\/strong> est une version compacte du couteau pleine grandeur JABALI-21R de Muel. Parfaitement \u00e9quilibr\u00e9 et durable, un compagnon de r\u00eave lors des qu\u00eates de survie ou hors de la ville. Un couteau classique avec une lame fixe et une construction pleine soie, fabriqu\u00e9 en excellent acier molybd\u00e8ne-vanadium MoVa. Lame &#8211; tranchante et massive de 4,5 mm d&rsquo;\u00e9paisseur avec profil Bowie et rainure de sang des deux c\u00f4t\u00e9s.    Fabriqu\u00e9 en acier inoxydable au molybd\u00e8ne-vanadium X50CrMoV15 tremp\u00e9 57-58 HRC. Enduit d\u2019une couche antireflet Satin Finish (semi-mate). La lame lisse (type Plaint) a \u00e9t\u00e9 r\u00e9alis\u00e9e avec un meulage concave (Hollow Grind) permettant une coupe pr\u00e9cise tant avec la surface de coupe qu&rsquo;avec la pointe ultra fine. La poign\u00e9e &#8211; profil\u00e9e, recouverte d&rsquo;un placage en bois pakka laqu\u00e9 color\u00e9 en marron assure un look exclusif et une prise s\u00fbre. La poign\u00e9e est finie avec une t\u00eate d\u00e9corative en laiton poli.    \u00c9tui &#8211; en cuir marron naturel. Fourreau avec logo du fabricant en relief. Fermeture \u00e0 pression Prym avec badge d&rsquo;entreprise en relief. Le fourreau \u00e9tait cousu avec du fil d\u00e9coratif. La fixation \u00e0 une ceinture ou \u00e0 un accessoire permet au couteau de se d\u00e9placer en position verticale. Sp\u00e9cification technique : Num\u00e9ro de produit : JABALI-17R Type d&rsquo;acier : X50CrMoV15 Longueur de la lame : 170,0 mm \/ 6,69&Prime; \u00c9paisseur de la lame : 4,5 mm \/ 0,16&Prime; Longueur totale : 300,0 mm \/ 11,81&Prime; Poids : 433,0 g \/ 15,27 oz Type de lame : Type de lame lisse : Type de coupe Bowie : Poign\u00e9e concave Doublure : Bois de Pakka (Coral pakkawood) Fourreau : Cuir Fabricant : Muela, Espagne     &nbsp;<\/p>\n","protected":false},"excerpt":{"rendered":"<p><strong>Parfaitement \u00e9quilibr\u00e9 et durable, un compagnon de r\u00eave lors des qu\u00eates de survie ou hors de la ville. Un couteau classique avec une lame fixe et une construction pleine soie, fabriqu\u00e9 en excellent acier molybd\u00e8ne-vanadium MoVa. <\/strong><\/p>\n","protected":false},"featured_media":356326,"comment_status":"open","ping_status":"closed","template":"","meta":[],"pwb-brand":[3909],"product_brand":[],"product_cat":[3697,3696],"product_tag":[3754],"class_list":{"0":"post-356358","1":"product","2":"type-product","3":"status-publish","4":"has-post-thumbnail","6":"pwb-brand-elle-a-du","7":"product_cat-couteaux-solides","8":"product_cat-des-couteaux","9":"product_tag-b2b-fr","11":"first","12":"instock","13":"taxable","14":"shipping-taxable","15":"purchasable","16":"product-type-simple"},"brands":[{"id":3909,"name":"Elle a d\u00fb","slug":"elle-a-du"}],"_links":{"self":[{"href":"https:\/\/www.moskito.cz\/fr\/wp-json\/wp\/v2\/product\/356358","targetHints":{"allow":["GET"]}}],"collection":[{"href":"https:\/\/www.moskito.cz\/fr\/wp-json\/wp\/v2\/product"}],"about":[{"href":"https:\/\/www.moskito.cz\/fr\/wp-json\/wp\/v2\/types\/product"}],"replies":[{"embeddable":true,"href":"https:\/\/www.moskito.cz\/fr\/wp-json\/wp\/v2\/comments?post=356358"}],"wp:featuredmedia":[{"embeddable":true,"href":"https:\/\/www.moskito.cz\/fr\/wp-json\/wp\/v2\/media\/356326"}],"wp:attachment":[{"href":"https:\/\/www.moskito.cz\/fr\/wp-json\/wp\/v2\/media?parent=356358"}],"wp:term":[{"taxonomy":"pwb-brand","embeddable":true,"href":"https:\/\/www.moskito.cz\/fr\/wp-json\/wp\/v2\/pwb-brand?post=356358"},{"taxonomy":"product_brand","embeddable":true,"href":"https:\/\/www.moskito.cz\/fr\/wp-json\/wp\/v2\/product_brand?post=356358"},{"taxonomy":"product_cat","embeddable":true,"href":"https:\/\/www.moskito.cz\/fr\/wp-json\/wp\/v2\/product_cat?post=356358"},{"taxonomy":"product_tag","embeddable":true,"href":"https:\/\/www.moskito.cz\/fr\/wp-json\/wp\/v2\/product_tag?post=356358"}],"curies":[{"name":"wp","href":"https:\/\/api.w.org\/{rel}","templated":true}]}}