{"id":356477,"date":"2024-08-14T10:09:49","date_gmt":"2024-08-14T09:10:45","guid":{"rendered":"https:\/\/www.moskito.cz\/produkt\/couteau-fixe-muela-scorpion-18nm\/"},"modified":"2025-05-07T11:23:10","modified_gmt":"2025-05-07T10:23:10","slug":"couteau-fixe-muela-scorpion-18nm","status":"publish","type":"product","link":"https:\/\/www.moskito.cz\/fr\/produkt\/couteau-fixe-muela-scorpion-18nm\/","title":{"rendered":"Couteau Fixe Muela SCORPION-18NM"},"content":{"rendered":"<p>Couteau fixe <strong>Muela<\/strong> SCORPION-18NM. Le SCORPION-18NM est un couteau de terrain polyvalent dot\u00e9 d&rsquo;une lame massive pour des performances de coupe exceptionnelles et une poign\u00e9e confortable. Polyvalent, parfaitement \u00e9quilibr\u00e9, con\u00e7u pour les amateurs de bushcraft, de survie et de chasse. 420H &#8211; acier inoxydable martensitique \u00e0 haute teneur en carbone avec une teneur en carbone (C) accrue de 0,17 % \u00e0 0,23 %, contenant \u00e9galement du chrome (Cr) et du molybd\u00e8ne (Mo) offrant une trempabilit\u00e9 \u00e9lev\u00e9e dans la plage de 54 \u00e0 58 HRC ainsi qu&rsquo;une r\u00e9sistance, une t\u00e9nacit\u00e9 et une usinabilit\u00e9 et une excellente r\u00e9sistance \u00e0 la corrosion. La teneur \u00e9lev\u00e9e en carbone cr\u00e9e des compos\u00e9s de carbure de chrome qui offrent une r\u00e9sistance \u00e0 l&rsquo;usure et une r\u00e9tention des bords apr\u00e8s durcissement. En raison de sa duret\u00e9 \u00e9lev\u00e9e, l&rsquo;acier convient \u00e0 la production d&rsquo;outils coupants, de lames de couteaux et d&rsquo;instruments m\u00e9dicaux.      PTFE noir \u2013 Largement utilis\u00e9 dans l&rsquo;industrie des rev\u00eatements, le polyt\u00e9trafluoro\u00e9thyl\u00e8ne est un produit ultra fin de faible poids mol\u00e9culaire trait\u00e9 par un proc\u00e9d\u00e9 sp\u00e9cial. Il se caract\u00e9rise par une excellente r\u00e9sistance aux produits chimiques et aux intemp\u00e9ries et \u00e0 la temp\u00e9rature, une stabilit\u00e9 thermique, une non-adh\u00e9rence, une isolation \u00e9lectrique, une r\u00e9sistance au feu et une autolubrification. Gr\u00e2ce \u00e0 l&rsquo;utilisation de polyt\u00e9trafluoro\u00e9thyl\u00e8ne comme mat\u00e9riau de rev\u00eatement de la lame, la friction pendant l&rsquo;utilisation est r\u00e9duite, r\u00e9duisant ainsi le besoin de force dans tous les types de travaux. Les lames recouvertes de PTFE fournissent une force moyenne inf\u00e9rieure de 22 % et une force maximale inf\u00e9rieure de 26 % par rapport aux lames rev\u00eatues de chrome. Lame &#8211; avec un profil Clip Point modifi\u00e9, recouvert d&rsquo;un rev\u00eatement PTFE noir mat et non r\u00e9fl\u00e9chissant r\u00e9sistant aux rayures. Fabriqu\u00e9 en acier inoxydable 420H avec une teneur en carbone accrue et une r\u00e9sistance \u00e9lev\u00e9e aux chocs, durci dans la plage de 54 \u00e0 58 HRC. A la base de la lame, une griffe double face prot\u00e8ge la main du glissement sur la lame. Le bord est r\u00e9alis\u00e9 avec une coupe concave (Hollow Grind). Environ 20 % de la longueur est une lame Combo dentel\u00e9e pour une coupe agressive, y compris les cordes, les ceintures et 80 % de la surface d&rsquo;une lame classique lisse (type simple) pour une coupe pr\u00e9cise \u2013 offrant de bonnes propri\u00e9t\u00e9s de coupe et de p\u00e9n\u00e9tration. Poign\u00e9e &#8211; recouverte d&rsquo;un rembourrage en \u00e9lastom\u00e8re flexible de couleur d\u00e9sert. Le manche en caoutchouc souple garantit une tr\u00e8s bonne prise en main, le couteau ne glisse pas de la main et une prise ferme et s\u00fbre permet d&rsquo;effectuer un travail pr\u00e9cis avec la lame. Un trou \u00e9largi pour le cordon \u00e0 l&rsquo;arri\u00e8re de la poign\u00e9e. Fourreau &#8211; de couleur d\u00e9sert, en nylon imperm\u00e9able. la fermeture par bouton-pression permet de transporter le couteau en toute s\u00e9curit\u00e9. Les bords du fourreau sont cousus avec du fil d\u00e9coratif. Inscription Muela Tactical Knives en relief sur le devant. L&rsquo;\u00e9tui est attach\u00e9 \u00e0 une ceinture ou \u00e0 un \u00e9quipement, permettant de porter le couteau en position verticale. Dans la partie basse de l&rsquo;\u00e9tui se trouve un cordon en paracorde qui permet d&rsquo;attacher la gaine \u00e0 la cuisse. Sp\u00e9cifications techniques : Num\u00e9ro de produit : SCORPION-18NM Longueur totale : 305 mm \/ 12,01&Prime; Longueur de la lame 180,0 mm \/ 7,09&Prime; \u00c9paisseur de la lame : 4,5 mm \/ 0,18&Prime; Poids : 355,0 g \/ 12,52 oz Mat\u00e9riau de la lame : 420H Duret\u00e9 de la lame : 54-58 Mouture de la lame HRc : Finition de la lame creuse : PTFE Mat\u00e9riau du manche : Termorun Couleur de la finition du manche : Gaine d\u00e9sert (gaine) : Nylon Autres accessoires : Aucun Concepteur : Muela Nom de marque : Muela Fabricant : Manufacturas Muela, SA Pays d&rsquo;origine : Espagne            <\/p>\n","protected":false},"excerpt":{"rendered":"<p><strong>Le SCORPION-18NM est un couteau de terrain polyvalent dot\u00e9 d&rsquo;une lame massive pour des performances de coupe exceptionnelles et une poign\u00e9e confortable. Polyvalent, parfaitement \u00e9quilibr\u00e9, con\u00e7u pour les amateurs de bushcraft, de survie et de chasse. <\/strong><\/p>\n","protected":false},"featured_media":356447,"comment_status":"open","ping_status":"closed","template":"","meta":[],"pwb-brand":[3909],"product_brand":[],"product_cat":[3697,3696],"product_tag":[3754],"class_list":{"0":"post-356477","1":"product","2":"type-product","3":"status-publish","4":"has-post-thumbnail","6":"pwb-brand-elle-a-du","7":"product_cat-couteaux-solides","8":"product_cat-des-couteaux","9":"product_tag-b2b-fr","11":"first","12":"instock","13":"taxable","14":"shipping-taxable","15":"purchasable","16":"product-type-simple"},"brands":[{"id":3909,"name":"Elle a d\u00fb","slug":"elle-a-du"}],"_links":{"self":[{"href":"https:\/\/www.moskito.cz\/fr\/wp-json\/wp\/v2\/product\/356477","targetHints":{"allow":["GET"]}}],"collection":[{"href":"https:\/\/www.moskito.cz\/fr\/wp-json\/wp\/v2\/product"}],"about":[{"href":"https:\/\/www.moskito.cz\/fr\/wp-json\/wp\/v2\/types\/product"}],"replies":[{"embeddable":true,"href":"https:\/\/www.moskito.cz\/fr\/wp-json\/wp\/v2\/comments?post=356477"}],"wp:featuredmedia":[{"embeddable":true,"href":"https:\/\/www.moskito.cz\/fr\/wp-json\/wp\/v2\/media\/356447"}],"wp:attachment":[{"href":"https:\/\/www.moskito.cz\/fr\/wp-json\/wp\/v2\/media?parent=356477"}],"wp:term":[{"taxonomy":"pwb-brand","embeddable":true,"href":"https:\/\/www.moskito.cz\/fr\/wp-json\/wp\/v2\/pwb-brand?post=356477"},{"taxonomy":"product_brand","embeddable":true,"href":"https:\/\/www.moskito.cz\/fr\/wp-json\/wp\/v2\/product_brand?post=356477"},{"taxonomy":"product_cat","embeddable":true,"href":"https:\/\/www.moskito.cz\/fr\/wp-json\/wp\/v2\/product_cat?post=356477"},{"taxonomy":"product_tag","embeddable":true,"href":"https:\/\/www.moskito.cz\/fr\/wp-json\/wp\/v2\/product_tag?post=356477"}],"curies":[{"name":"wp","href":"https:\/\/api.w.org\/{rel}","templated":true}]}}