{"id":356517,"date":"2024-08-14T10:19:14","date_gmt":"2024-08-14T09:21:17","guid":{"rendered":"https:\/\/www.moskito.cz\/produkt\/couteau-fixe-muela-scorpion-18n\/"},"modified":"2025-05-07T11:23:14","modified_gmt":"2025-05-07T10:23:14","slug":"couteau-fixe-muela-scorpion-18n","status":"publish","type":"product","link":"https:\/\/www.moskito.cz\/fr\/produkt\/couteau-fixe-muela-scorpion-18n\/","title":{"rendered":"Couteau Fixe Muela SCORPION-18N"},"content":{"rendered":"<p>Couteau fixe <strong>Muela<\/strong> SCORPION-18N. Couteau polyvalent <strong>SCORPION-18N<\/strong> \u00e0 lame fixe, id\u00e9al pour le camping comme couteau de survie, tactique et de chasse. La lame massive peut r\u00e9sister \u00e0 n&rsquo;importe quel travail dans toutes les conditions sans dommage. La s\u00e9rie <strong>SCORPION<\/strong> est l&rsquo;un des couteaux les plus c\u00e9l\u00e8bres de la soci\u00e9t\u00e9 espagnole <strong>Muela<\/strong> . Lame &#8211; avec un profil Clip Point modifi\u00e9, de 4,5 mm d&rsquo;\u00e9paisseur, recouvert d&rsquo;un rev\u00eatement PTFE noir, mat, anti-rayures et non r\u00e9fl\u00e9chissant.     Fabriqu\u00e9 en acier inoxydable 420H avec une teneur en carbone accrue et une r\u00e9sistance \u00e9lev\u00e9e aux chocs, durci dans la plage de 54 \u00e0 58 HRC. A la base de la lame, un protecteur double face emp\u00eache la main de glisser sur la lame. Lame &#8211; r\u00e9alis\u00e9e avec une mouture concave (Hollow Grind). Environ 20 % de la longueur est constitu\u00e9, entre autres, de la lame dentel\u00e9e Combo pour une coupe agressive. cordes, ceintures et 80 % de la surface, une lame unie classique pour une coupe pr\u00e9cise \u2013 assurant de bonnes propri\u00e9t\u00e9s de coupe et de p\u00e9n\u00e9tration. Manche &#8211; recouvert d&rsquo;une gaine souple et molet\u00e9e en \u00e9lastom\u00e8re noir. Le manche en caoutchouc souple garantit une tr\u00e8s bonne prise en main, le couteau ne glisse pas de la main et une prise ferme et s\u00fbre permet d&rsquo;effectuer des mouvements pr\u00e9cis avec le couteau.      Il y a un trou \u00e9largi pour la corde \u00e0 l&rsquo;arri\u00e8re de la poign\u00e9e. \u00c9tui &#8211; noir. Fabriqu\u00e9 en cuir naturel, la fermeture \u00e0 loquet permet de transporter le couteau en toute s\u00e9curit\u00e9. Les bords du fourreau sont cousus avec du fil d\u00e9coratif. Le logo du fabricant est imprim\u00e9 sur le devant. Le fourreau comporte une attache de ceinture ou dispositif permettant de porter le couteau en position verticale. Sp\u00e9cifications : Num\u00e9ro de produit : SCORPION-18N Type d&rsquo;acier : 420H Longueur de la lame : 180 mm \/ 7,09&Prime; \u00c9paisseur de la lame : 4,5 mm \/ 0,18&Prime; Longueur totale : 307 mm \/ 12,09&Prime; Poids : 353 g \/ 12,45 oz Lame : Combinaison Type de lame : Type de coupe \u00e0 pointe de clip : Type de poign\u00e9e concave : Thermorun Gaine : Cuir Fabricant : Muela, Espagne  &nbsp;<\/p>\n","protected":false},"excerpt":{"rendered":"<p><strong>Couteau polyvalent SCORPION-18N \u00e0 lame fixe, id\u00e9al pour le camping comme couteau de survie, tactique et de chasse. La lame massive peut r\u00e9sister \u00e0 n&rsquo;importe quel travail dans toutes les conditions sans dommage. La s\u00e9rie SCORPION est l&rsquo;un des couteaux les plus c\u00e9l\u00e8bres de la soci\u00e9t\u00e9 espagnole Muela.  <\/strong><\/p>\n","protected":false},"featured_media":356487,"comment_status":"open","ping_status":"closed","template":"","meta":[],"pwb-brand":[3909],"product_brand":[],"product_cat":[3697,3696],"product_tag":[3754],"class_list":{"0":"post-356517","1":"product","2":"type-product","3":"status-publish","4":"has-post-thumbnail","6":"pwb-brand-elle-a-du","7":"product_cat-couteaux-solides","8":"product_cat-des-couteaux","9":"product_tag-b2b-fr","11":"first","12":"instock","13":"taxable","14":"shipping-taxable","15":"purchasable","16":"product-type-simple"},"brands":[{"id":3909,"name":"Elle a d\u00fb","slug":"elle-a-du"}],"_links":{"self":[{"href":"https:\/\/www.moskito.cz\/fr\/wp-json\/wp\/v2\/product\/356517","targetHints":{"allow":["GET"]}}],"collection":[{"href":"https:\/\/www.moskito.cz\/fr\/wp-json\/wp\/v2\/product"}],"about":[{"href":"https:\/\/www.moskito.cz\/fr\/wp-json\/wp\/v2\/types\/product"}],"replies":[{"embeddable":true,"href":"https:\/\/www.moskito.cz\/fr\/wp-json\/wp\/v2\/comments?post=356517"}],"wp:featuredmedia":[{"embeddable":true,"href":"https:\/\/www.moskito.cz\/fr\/wp-json\/wp\/v2\/media\/356487"}],"wp:attachment":[{"href":"https:\/\/www.moskito.cz\/fr\/wp-json\/wp\/v2\/media?parent=356517"}],"wp:term":[{"taxonomy":"pwb-brand","embeddable":true,"href":"https:\/\/www.moskito.cz\/fr\/wp-json\/wp\/v2\/pwb-brand?post=356517"},{"taxonomy":"product_brand","embeddable":true,"href":"https:\/\/www.moskito.cz\/fr\/wp-json\/wp\/v2\/product_brand?post=356517"},{"taxonomy":"product_cat","embeddable":true,"href":"https:\/\/www.moskito.cz\/fr\/wp-json\/wp\/v2\/product_cat?post=356517"},{"taxonomy":"product_tag","embeddable":true,"href":"https:\/\/www.moskito.cz\/fr\/wp-json\/wp\/v2\/product_tag?post=356517"}],"curies":[{"name":"wp","href":"https:\/\/api.w.org\/{rel}","templated":true}]}}