{"id":356558,"date":"2024-08-14T10:29:34","date_gmt":"2024-08-14T09:30:04","guid":{"rendered":"https:\/\/www.moskito.cz\/produkt\/couteau-fixe-muela-jabali-17ol\/"},"modified":"2025-05-07T11:23:15","modified_gmt":"2025-05-07T10:23:15","slug":"couteau-fixe-muela-jabali-17ol","status":"publish","type":"product","link":"https:\/\/www.moskito.cz\/fr\/produkt\/couteau-fixe-muela-jabali-17ol\/","title":{"rendered":"Couteau Fixe Muela JABALI-17OL"},"content":{"rendered":"<p>Couteau fixe <strong>Muela<\/strong> JABALI-17OL. <strong>JABALI-17OL<\/strong> est une version plus petite du couteau classique JABALI-21OL avec une lame fixe et une construction pleine soie. Fabriqu\u00e9 en acier molybd\u00e8ne vanadium MoVa. Le couteau parfait pour le camping, les voyages de survie ou hors de la ville. Massif, durable, r\u00e9siste \u00e0 tous les travaux m\u00eame dans les conditions les plus exigeantes.  X50CrMoV15 (1.4116) &#8211; acier inoxydable martensitique \u00e0 haute teneur en carbone au molybd\u00e8ne-vanadium, tr\u00e8s r\u00e9sistant \u00e0 la corrosion et \u00e0 l&rsquo;usure. Il est utilis\u00e9 dans la fabrication de couteaux, de couverts de pointe et d\u2019instruments chirurgicaux. Il se caract\u00e9rise par une duret\u00e9 relativement \u00e9lev\u00e9e pour les aciers inoxydables de 56-58 HRC. La composition chimique de l&rsquo;acier a \u00e9t\u00e9 enrichie par dopage de 15,0% de chrome, 0,80% de molybd\u00e8ne, 0,20% de vanadium. Lame &#8211; Type Clip Point, de 4,5 mm d&rsquo;\u00e9paisseur, recouverte d&rsquo;une couche antireflet Satin Finish (semi-mate) qui \u00e9limine l&rsquo;\u00e9blouissement. Une lame avec de bonnes propri\u00e9t\u00e9s m\u00e9caniques et une longue focale. Grind creux, lame lisse (type simple). Protecteur en acier, prot\u00e8ge la main du glissement pendant le travail.    Poign\u00e9e &#8211; recouverte de boiseries en bois d&rsquo;olivier au design unique. Les d\u00e9coupes profil\u00e9es offrent une prise s\u00fbre. Le couteau tient tr\u00e8s bien dans la main, ne glisse pas, peut \u00eatre facilement contr\u00f4l\u00e9 dans toutes les conditions. Fourreau &#8211; cousu \u00e0 la main, en cuir de vachette marron de haute qualit\u00e9 avec le logo du fabricant en relief. Les bords du bo\u00eetier sont cousus avec du fil d\u00e9coratif. Fermeture \u00e0 pression type Prym. L&rsquo;attache ceinture permet de porter le couteau en position verticale. Sp\u00e9cifications techniques : Num\u00e9ro de produit : JABALI-17OL Longueur totale : 30 cm \/ 11,81&Prime; Longueur de la lame : 17 cm \/ 6,69&Prime; \u00c9paisseur de la lame : 0,45 cm \/ 0,16&Prime; Poids : 334,0 g \/ 11,78 oz Mat\u00e9riau de la lame : X50CrMoV15 Duret\u00e9 de la lame : 56-58 HRc Lame meulage : Creux Finition de la lame : satin\u00e9 Mat\u00e9riau du manche : Bois d&rsquo;olivier Couleur de finition du manche : Beige Fourreau (\u00e9tui) : Cuir Autres accessoires : Aucun Designer : Muela Nom de marque : Muela Fabricant : Manufacturas Muela, SA Pays d&rsquo;origine : Espagne  &nbsp;<\/p>\n","protected":false},"excerpt":{"rendered":"<p><strong>Le couteau parfait pour le camping, les voyages de survie ou hors de la ville. Massif, durable, r\u00e9siste \u00e0 tous les travaux m\u00eame dans les conditions les plus exigeantes. <\/strong><\/p>\n","protected":false},"featured_media":356527,"comment_status":"open","ping_status":"closed","template":"","meta":[],"pwb-brand":[3909],"product_brand":[],"product_cat":[3697,3696],"product_tag":[3754],"class_list":{"0":"post-356558","1":"product","2":"type-product","3":"status-publish","4":"has-post-thumbnail","6":"pwb-brand-elle-a-du","7":"product_cat-couteaux-solides","8":"product_cat-des-couteaux","9":"product_tag-b2b-fr","11":"first","12":"instock","13":"taxable","14":"shipping-taxable","15":"purchasable","16":"product-type-simple"},"brands":[{"id":3909,"name":"Elle a d\u00fb","slug":"elle-a-du"}],"_links":{"self":[{"href":"https:\/\/www.moskito.cz\/fr\/wp-json\/wp\/v2\/product\/356558","targetHints":{"allow":["GET"]}}],"collection":[{"href":"https:\/\/www.moskito.cz\/fr\/wp-json\/wp\/v2\/product"}],"about":[{"href":"https:\/\/www.moskito.cz\/fr\/wp-json\/wp\/v2\/types\/product"}],"replies":[{"embeddable":true,"href":"https:\/\/www.moskito.cz\/fr\/wp-json\/wp\/v2\/comments?post=356558"}],"wp:featuredmedia":[{"embeddable":true,"href":"https:\/\/www.moskito.cz\/fr\/wp-json\/wp\/v2\/media\/356527"}],"wp:attachment":[{"href":"https:\/\/www.moskito.cz\/fr\/wp-json\/wp\/v2\/media?parent=356558"}],"wp:term":[{"taxonomy":"pwb-brand","embeddable":true,"href":"https:\/\/www.moskito.cz\/fr\/wp-json\/wp\/v2\/pwb-brand?post=356558"},{"taxonomy":"product_brand","embeddable":true,"href":"https:\/\/www.moskito.cz\/fr\/wp-json\/wp\/v2\/product_brand?post=356558"},{"taxonomy":"product_cat","embeddable":true,"href":"https:\/\/www.moskito.cz\/fr\/wp-json\/wp\/v2\/product_cat?post=356558"},{"taxonomy":"product_tag","embeddable":true,"href":"https:\/\/www.moskito.cz\/fr\/wp-json\/wp\/v2\/product_tag?post=356558"}],"curies":[{"name":"wp","href":"https:\/\/api.w.org\/{rel}","templated":true}]}}