{"id":356600,"date":"2024-08-14T10:42:09","date_gmt":"2024-08-14T09:51:19","guid":{"rendered":"https:\/\/www.moskito.cz\/produkt\/couteau-fixe-muela-scorpion-19n\/"},"modified":"2025-05-07T11:23:16","modified_gmt":"2025-05-07T10:23:16","slug":"couteau-fixe-muela-scorpion-19n","status":"publish","type":"product","link":"https:\/\/www.moskito.cz\/fr\/produkt\/couteau-fixe-muela-scorpion-19n\/","title":{"rendered":"Couteau Fixe Muela SCORPION-19N"},"content":{"rendered":"<p>Couteau fixe <strong>Muela<\/strong> SCORPION-19N. <strong>SCORPION-19N<\/strong> &#8211; un couteau \u00e0 lame fixe, fabriqu\u00e9 par la soci\u00e9t\u00e9 espagnole Muela. Un couteau de la s\u00e9rie SCORPION dont vous tomberez amoureux au premier regard ! Un couteau complexe dot\u00e9 d&rsquo;une lame solide peut \u00eatre utilis\u00e9 pour tous types de travaux, dans toutes les conditions, sans dommage. C&rsquo;est un couteau de survie parfait, ce sera un excellent choix comme couteau de chasseur., EDC. Lame &#8211; lame \u00e9quip\u00e9e d&rsquo;une \u00ab\u00a0fausse\u00a0\u00bb lame (profil Spear Point), de 4,5 mm d&rsquo;\u00e9paisseur, recouverte d&rsquo;un rev\u00eatement PTFE antireflet noir mat r\u00e9sistant aux rayures. Mande en acier inoxydable 420H \u00e0 haute teneur en carbone et haute r\u00e9sistance aux chocs, tremp\u00e9 dans la plage de 54 \u00e0 58 HRC. Cette lame est recouverte d&rsquo;une couche de finition satin\u00e9e non r\u00e9fl\u00e9chissante (semi-mate) qui \u00e9limine l&rsquo;\u00e9blouissement. Lame lisse (type Plain), bord concave d\u00e9riv\u00e9 (meulage creux). Une griffe double face \u00e9tait plac\u00e9e \u00e0 la base de la lame pour emp\u00eacher la main de glisser vers le bas de la lame. Poign\u00e9e &#8211; fermeture en \u00e9lastom\u00e8re noir tress\u00e9 de couleur noire. Le manche en caoutchouc souple tient confortablement dans la main, le couteau ne glisse pas de nos mains. Une poign\u00e9e solide et fiable permet des mouvements pr\u00e9cis du couteau. Il y a une ouverture pour la corde \u00e0 l&rsquo;arri\u00e8re de la poign\u00e9e. L&rsquo;\u00e9tui de couleur noire, ferm\u00e9 par un bouton pression, permet de transporter le couteau en toute s\u00e9curit\u00e9. Fabriqu\u00e9 en cuir naturel avec logo Muela Company en relief. Le fourreau \u00e9tait cousu sur les bords avec du fil d\u00e9coratif. Le fourreau est dot\u00e9 d&rsquo;une attache de ceinture permettant de porter le couteau en position verticale. Sp\u00e9cification technique : Num\u00e9ro de produit : SCORPION-19N Type d&rsquo;acier : 420H Longueur de la lame : 19 cm \/ 7,48&Prime; \u00c9paisseur de la lame : 0,45 cm \/ 0,18&Prime;. Longueur totale : 32 cm \/ 12,60&Prime; Poids : 356 g \/ 12,56 oz Type de lame : Lisse Type de lame : Pointe de lance Type de coupe : Concave Mat\u00e9riau du manche : Termorun Gaine : Cuir Fabricant : Muela, Espagne   &nbsp;<\/p>\n<p>&nbsp;<\/p>\n","protected":false},"excerpt":{"rendered":"<p><strong>Un couteau de la s\u00e9rie SCORPION dont vous tomberez amoureux au premier regard ! Un couteau complexe dot\u00e9 d&rsquo;une lame solide peut \u00eatre utilis\u00e9 pour tous types de travaux, dans toutes les conditions, sans dommage. C&rsquo;est un couteau de survie parfait, ce sera un excellent choix comme couteau de chasseur., EDC.<\/strong><\/p>\n","protected":false},"featured_media":356567,"comment_status":"open","ping_status":"closed","template":"","meta":[],"pwb-brand":[3909],"product_brand":[],"product_cat":[3697,3696],"product_tag":[3754],"class_list":{"0":"post-356600","1":"product","2":"type-product","3":"status-publish","4":"has-post-thumbnail","6":"pwb-brand-elle-a-du","7":"product_cat-couteaux-solides","8":"product_cat-des-couteaux","9":"product_tag-b2b-fr","11":"first","12":"instock","13":"taxable","14":"shipping-taxable","15":"purchasable","16":"product-type-simple"},"brands":[{"id":3909,"name":"Elle a d\u00fb","slug":"elle-a-du"}],"_links":{"self":[{"href":"https:\/\/www.moskito.cz\/fr\/wp-json\/wp\/v2\/product\/356600","targetHints":{"allow":["GET"]}}],"collection":[{"href":"https:\/\/www.moskito.cz\/fr\/wp-json\/wp\/v2\/product"}],"about":[{"href":"https:\/\/www.moskito.cz\/fr\/wp-json\/wp\/v2\/types\/product"}],"replies":[{"embeddable":true,"href":"https:\/\/www.moskito.cz\/fr\/wp-json\/wp\/v2\/comments?post=356600"}],"wp:featuredmedia":[{"embeddable":true,"href":"https:\/\/www.moskito.cz\/fr\/wp-json\/wp\/v2\/media\/356567"}],"wp:attachment":[{"href":"https:\/\/www.moskito.cz\/fr\/wp-json\/wp\/v2\/media?parent=356600"}],"wp:term":[{"taxonomy":"pwb-brand","embeddable":true,"href":"https:\/\/www.moskito.cz\/fr\/wp-json\/wp\/v2\/pwb-brand?post=356600"},{"taxonomy":"product_brand","embeddable":true,"href":"https:\/\/www.moskito.cz\/fr\/wp-json\/wp\/v2\/product_brand?post=356600"},{"taxonomy":"product_cat","embeddable":true,"href":"https:\/\/www.moskito.cz\/fr\/wp-json\/wp\/v2\/product_cat?post=356600"},{"taxonomy":"product_tag","embeddable":true,"href":"https:\/\/www.moskito.cz\/fr\/wp-json\/wp\/v2\/product_tag?post=356600"}],"curies":[{"name":"wp","href":"https:\/\/api.w.org\/{rel}","templated":true}]}}