{"id":356686,"date":"2024-08-14T12:11:18","date_gmt":"2024-08-14T11:22:49","guid":{"rendered":"https:\/\/www.moskito.cz\/produkt\/couteau-solide-muela-sarrio-19r\/"},"modified":"2025-05-07T11:23:19","modified_gmt":"2025-05-07T10:23:19","slug":"couteau-solide-muela-sarrio-19r","status":"publish","type":"product","link":"https:\/\/www.moskito.cz\/fr\/produkt\/couteau-solide-muela-sarrio-19r\/","title":{"rendered":"Couteau Solide Muela SARRIO-19R"},"content":{"rendered":"<p>Couteau solide <strong>Muela<\/strong> SARRIO-19R. Un couteau tactique \u00e0 lame fixe polyvalent que vous devriez vraiment avoir ! Il a \u00e9t\u00e9 produit par la soci\u00e9t\u00e9 espagnole Muela. Exceptionnellement durable avec une lame fixe, con\u00e7ue pour chaque travail dans toutes les conditions. Id\u00e9al pour le camping, id\u00e9al comme couteau tactique, couteau de survie et aussi comme couteau de chasseur, EDC.     Fabriqu\u00e9 en acier au molybd\u00e8ne vanadium (MoVa). Lame &#8211; avec profil Clip Point modifi\u00e9, \u00e9paisseur 4,5 millim\u00e8tres, durcie dans la plage de 57-58 HRC. Fabriqu\u00e9 en acier inoxydable X50CrMoV15, acier au molybd\u00e8ne vanadium durable et bien aff\u00fbt\u00e9. Une lame avec de bonnes propri\u00e9t\u00e9s m\u00e9caniques et un tranchant longue dur\u00e9e. La couche non r\u00e9fl\u00e9chissante de finition satin\u00e9e (semi-mate) \u00e9limine l&rsquo;\u00e9blouissement. La lame lisse (type Plain) a \u00e9t\u00e9 r\u00e9alis\u00e9e avec une \u00e9mouture enti\u00e8rement plate (Full Flat Grind), ce qui a r\u00e9duit le poids du couteau et am\u00e9lior\u00e9 les propri\u00e9t\u00e9s de coupe.     L&rsquo;\u00e9tui garantit un transport s\u00fbr du couteau. Fabriqu\u00e9 en cuir naturel noir avec un logo Muela Company en relief. Le fourreau \u00e9tait cousu sur les bords avec du fil d\u00e9coratif. Le fourreau est dot\u00e9 d&rsquo;une attache de ceinture permettant de porter le couteau en position verticale. La lame est fabriqu\u00e9e en acier inoxydable molybd\u00e8ne-vanadium de qualit\u00e9 avec une finition satin\u00e9e. Le manche en bois vernis Pakka est compl\u00e9t\u00e9 par une garde en m\u00e9tal et une t\u00eate d\u00e9cor\u00e9e. Le couteau est livr\u00e9 avec un \u00e9tui en cuir de qualit\u00e9. Description compl\u00e8te du produit : Mat\u00e9riau de la lame : MoVa Mat\u00e9riau du manche : Pakka, M\u00e9tal Mat\u00e9riau de la gaine : Cuir Longueur de la lame : 19 cm Longueur totale : 32 cm Longueur du manche : 13 cm Poids : 333 g Type de lame : Bowie   <\/p>\n","protected":false},"excerpt":{"rendered":"<p><strong>Un couteau tactique \u00e0 lame fixe polyvalent que vous devriez vraiment avoir !<\/strong><\/p>\n","protected":false},"featured_media":356634,"comment_status":"open","ping_status":"closed","template":"","meta":[],"pwb-brand":[3909],"product_brand":[],"product_cat":[3697,3696],"product_tag":[3754],"class_list":{"0":"post-356686","1":"product","2":"type-product","3":"status-publish","4":"has-post-thumbnail","6":"pwb-brand-elle-a-du","7":"product_cat-couteaux-solides","8":"product_cat-des-couteaux","9":"product_tag-b2b-fr","11":"first","12":"instock","13":"taxable","14":"shipping-taxable","15":"purchasable","16":"product-type-simple"},"brands":[{"id":3909,"name":"Elle a d\u00fb","slug":"elle-a-du"}],"_links":{"self":[{"href":"https:\/\/www.moskito.cz\/fr\/wp-json\/wp\/v2\/product\/356686","targetHints":{"allow":["GET"]}}],"collection":[{"href":"https:\/\/www.moskito.cz\/fr\/wp-json\/wp\/v2\/product"}],"about":[{"href":"https:\/\/www.moskito.cz\/fr\/wp-json\/wp\/v2\/types\/product"}],"replies":[{"embeddable":true,"href":"https:\/\/www.moskito.cz\/fr\/wp-json\/wp\/v2\/comments?post=356686"}],"wp:featuredmedia":[{"embeddable":true,"href":"https:\/\/www.moskito.cz\/fr\/wp-json\/wp\/v2\/media\/356634"}],"wp:attachment":[{"href":"https:\/\/www.moskito.cz\/fr\/wp-json\/wp\/v2\/media?parent=356686"}],"wp:term":[{"taxonomy":"pwb-brand","embeddable":true,"href":"https:\/\/www.moskito.cz\/fr\/wp-json\/wp\/v2\/pwb-brand?post=356686"},{"taxonomy":"product_brand","embeddable":true,"href":"https:\/\/www.moskito.cz\/fr\/wp-json\/wp\/v2\/product_brand?post=356686"},{"taxonomy":"product_cat","embeddable":true,"href":"https:\/\/www.moskito.cz\/fr\/wp-json\/wp\/v2\/product_cat?post=356686"},{"taxonomy":"product_tag","embeddable":true,"href":"https:\/\/www.moskito.cz\/fr\/wp-json\/wp\/v2\/product_tag?post=356686"}],"curies":[{"name":"wp","href":"https:\/\/api.w.org\/{rel}","templated":true}]}}