{"id":356692,"date":"2024-08-14T12:22:13","date_gmt":"2024-08-14T11:23:06","guid":{"rendered":"https:\/\/www.moskito.cz\/produkt\/couteau-fixe-muela-mirage-20\/"},"modified":"2025-05-07T11:23:20","modified_gmt":"2025-05-07T10:23:20","slug":"couteau-fixe-muela-mirage-20","status":"publish","type":"product","link":"https:\/\/www.moskito.cz\/fr\/produkt\/couteau-fixe-muela-mirage-20\/","title":{"rendered":"Couteau Fixe Muela MIRAGE-20"},"content":{"rendered":"<p>Couteau fixe <strong>Muela<\/strong> MIRAGE-20. Couteau universel de taille moyenne MIRAGE-20 \u00e0 lame fixe de la s\u00e9rie MIRAGE &#8211; l&rsquo;une des s\u00e9ries de couteaux les plus c\u00e9l\u00e8bres de la soci\u00e9t\u00e9 espagnole Muela. Extr\u00eamement polyvalent avec une lame massive, il peut r\u00e9sister \u00e0 n&rsquo;importe quel travail dans toutes les conditions. Excellent couteau de survie, le bivouac fera office de couteau tactique, de chasse. Lame &#8211; avec fausse lame Clip Point, \u00e9paisseur 4,6 mm. Fabriqu\u00e9 en acier inoxydable 420H \u00e0 haute teneur en carbone et \u00e0 fort impact, r\u00e9sistant \u00e0 la corrosion et durable, durci \u00e0 54-58 HRC. La lame est recouverte d&rsquo;un rev\u00eatement antireflet Satin Finish (semi-mat) qui \u00e9limine l&rsquo;\u00e9blouissement. La lame lisse (type Plain) a \u00e9t\u00e9 fabriqu\u00e9e avec un meulage creux (Hollow Grind), offrant de bonnes propri\u00e9t\u00e9s de coupe. Sur la cr\u00eate de la lame se trouve une scie multifonctionnelle universelle adapt\u00e9e pour couper, entre autres, des cordes et des ceintures. Une griffe double face \u00e9tait plac\u00e9e \u00e0 la base de la lame pour emp\u00eacher la main de glisser vers le bas de la lame. Poign\u00e9e &#8211; recouverte d&rsquo;un tricot \u00e9lastique en \u00e9lastom\u00e8re noir. Le manche en caoutchouc souple garantit une tr\u00e8s bonne prise en main, le couteau ne glisse pas de la main et la prise ferme et ferme permet des mouvements pr\u00e9cis avec le couteau. Il y a une ouverture \u00e9largie pour le c\u00e2ble \u00e0 l&rsquo;arri\u00e8re de la poign\u00e9e. \u00c9tui &#8211; en noir. Fabriqu\u00e9 en cuir v\u00e9ritable, le bouton pression permet de transporter le couteau en toute s\u00e9curit\u00e9.               Les bords du fourreau \u00e9taient cousus avec du fil d\u00e9coratif. Logo du fabricant en relief sur le devant. Le fourreau est dot\u00e9 d&rsquo;une fixation de ceinture ou de gaine permettant de transporter le couteau en position verticale. Sp\u00e9cification technique : Num\u00e9ro de produit : MIRAGE-20 Type d&rsquo;acier : 420H Longueur de la lame : 20 cm \/ 7,87&Prime; \u00c9paisseur de la lame : 0,46 cm \/ 0,18&Prime; Longueur totale : 32,5 cm \/ 12,80&Prime; Poids : 375 g \/ 13, 23 oz Lame : Lame simple Type : Clip Point Type de coupe : Concave Type de poign\u00e9e : Termorun Gaine : Cuir Fabricant : Muela, Espagne    &nbsp;<\/p>\n","protected":false},"excerpt":{"rendered":"<p><strong>Couteau extr\u00eamement polyvalent avec une lame massive, il peut r\u00e9sister \u00e0 n&rsquo;importe quel travail dans toutes les conditions. Excellent couteau de survie, le bivouac fera office de couteau tactique, de chasse. <\/strong><\/p>\n","protected":false},"featured_media":356651,"comment_status":"open","ping_status":"closed","template":"","meta":[],"pwb-brand":[3909],"product_brand":[],"product_cat":[3697,3696],"product_tag":[3754],"class_list":{"0":"post-356692","1":"product","2":"type-product","3":"status-publish","4":"has-post-thumbnail","6":"pwb-brand-elle-a-du","7":"product_cat-couteaux-solides","8":"product_cat-des-couteaux","9":"product_tag-b2b-fr","11":"first","12":"instock","13":"taxable","14":"shipping-taxable","15":"purchasable","16":"product-type-simple"},"brands":[{"id":3909,"name":"Elle a d\u00fb","slug":"elle-a-du"}],"_links":{"self":[{"href":"https:\/\/www.moskito.cz\/fr\/wp-json\/wp\/v2\/product\/356692","targetHints":{"allow":["GET"]}}],"collection":[{"href":"https:\/\/www.moskito.cz\/fr\/wp-json\/wp\/v2\/product"}],"about":[{"href":"https:\/\/www.moskito.cz\/fr\/wp-json\/wp\/v2\/types\/product"}],"replies":[{"embeddable":true,"href":"https:\/\/www.moskito.cz\/fr\/wp-json\/wp\/v2\/comments?post=356692"}],"wp:featuredmedia":[{"embeddable":true,"href":"https:\/\/www.moskito.cz\/fr\/wp-json\/wp\/v2\/media\/356651"}],"wp:attachment":[{"href":"https:\/\/www.moskito.cz\/fr\/wp-json\/wp\/v2\/media?parent=356692"}],"wp:term":[{"taxonomy":"pwb-brand","embeddable":true,"href":"https:\/\/www.moskito.cz\/fr\/wp-json\/wp\/v2\/pwb-brand?post=356692"},{"taxonomy":"product_brand","embeddable":true,"href":"https:\/\/www.moskito.cz\/fr\/wp-json\/wp\/v2\/product_brand?post=356692"},{"taxonomy":"product_cat","embeddable":true,"href":"https:\/\/www.moskito.cz\/fr\/wp-json\/wp\/v2\/product_cat?post=356692"},{"taxonomy":"product_tag","embeddable":true,"href":"https:\/\/www.moskito.cz\/fr\/wp-json\/wp\/v2\/product_tag?post=356692"}],"curies":[{"name":"wp","href":"https:\/\/api.w.org\/{rel}","templated":true}]}}